
{"id":25783,"date":"2025-10-16T08:18:07","date_gmt":"2025-10-16T06:18:07","guid":{"rendered":"https:\/\/www.mysmartevents.fr\/?page_id=25783"},"modified":"2025-10-16T08:58:24","modified_gmt":"2025-10-16T06:58:24","slug":"mentions-legales","status":"publish","type":"page","link":"https:\/\/www.mysmartevents.fr\/index.php\/mentions-legales\/","title":{"rendered":"Mentions L\u00e9gales"},"content":{"rendered":"\t\t<div data-elementor-type=\"wp-page\" data-elementor-id=\"25783\" class=\"elementor elementor-25783\">\n\t\t\t\t<div class=\"elementor-element elementor-element-66c19eaa e-flex e-con-boxed e-con e-parent\" data-id=\"66c19eaa\" data-element_type=\"container\" data-e-type=\"container\">\n\t\t\t\t\t<div class=\"e-con-inner\">\n\t\t\t\t<div class=\"elementor-element elementor-element-67623fba elementor-widget elementor-widget-text-editor\" data-id=\"67623fba\" data-element_type=\"widget\" data-e-type=\"widget\" data-widget_type=\"text-editor.default\">\n\t\t\t\t<div class=\"elementor-widget-container\">\n\t\t\t\t\t\t\t\t\t<h2><span style=\"font-family: Times New Roman, serif;\"><span style=\"font-size: large;\"><b>1. Informations l\u00e9gales<\/b><\/span><\/span><\/h2><p><span style=\"font-family: Times New Roman, serif;\"><b>Smart Event Paris<\/b><\/span><span style=\"font-family: Times New Roman, serif;\"><br \/>Soci\u00e9t\u00e9 forme juridique : Auto-entreprise<br \/>Si\u00e8ge social : 32 rue lucien boxtael 95370 MONTIGNY LES CORMEILLES<br \/>SIRET : 953\u00a0071\u00a0974 00018<br \/>RCS : Pontoise<br \/>Num\u00e9ro de TVA intracommunautaire : non assujetti a la tva<br \/>Email : Smarteventsparis@gmail.com<br \/><\/span><\/p><p><span style=\"font-family: Times New Roman, serif;\">Directeur de la publication : GOURSAUD Carine<br \/>Contact : Smarteventsparis@gmail.com<\/span><\/p><h2><span style=\"font-family: Times New Roman, serif;\"><span style=\"font-size: large;\"><b>2. H\u00e9bergeur du site<\/b><\/span><\/span><\/h2><p><span style=\"font-family: Times New Roman, serif;\">Le site internet <\/span><span style=\"font-family: Times New Roman, serif;\"><b>www.Mysmartevents.fr<\/b><\/span><span style=\"font-family: Times New Roman, serif;\"> est h\u00e9berg\u00e9 par OVH :<\/span><\/p><p>Adresse : 2 rue Kellermann, BP 80157, 59053 ROUBAIX CEDEX 1<br \/>Site web : <a href=\"https:\/\/www.ovhcloud.com\/\" target=\"_blank\" rel=\"noopener\">www.ovhcloud.com<\/a><\/p><h2><span style=\"font-family: Times New Roman, serif;\"><span style=\"font-size: large;\"><b>3. Propri\u00e9t\u00e9 intellectuelle<\/b><\/span><\/span><\/h2><p><span style=\"font-family: Times New Roman, serif;\">L\u2019ensemble du contenu pr\u00e9sent sur le site <\/span><span style=\"font-family: Times New Roman, serif;\"><b>www.Mysmartevents.fr<\/b><\/span><span style=\"font-family: Times New Roman, serif;\">, incluant, de fa\u00e7on non limitative, les graphismes, images, textes, vid\u00e9os, logos, ic\u00f4nes et sons, est la propri\u00e9t\u00e9 exclusive de <\/span><span style=\"font-family: Times New Roman, serif;\"><b>Smart Event Paris<\/b><\/span><span style=\"font-family: Times New Roman, serif;\">, \u00e0 l\u2019exception des marques, logos ou contenus appartenant \u00e0 d\u2019autres soci\u00e9t\u00e9s partenaires ou auteurs.<\/span><\/p><p><span style=\"font-family: Times New Roman, serif;\">Toute reproduction, distribution, modification, adaptation, retransmission ou publication, m\u00eame partielle, est strictement interdite sans l\u2019accord \u00e9crit pr\u00e9alable de <\/span><span style=\"font-family: Times New Roman, serif;\"><b>Smart Event Paris<\/b><\/span><span style=\"font-family: Times New Roman, serif;\">.<\/span><\/p><h2><span style=\"font-family: Times New Roman, serif;\"><span style=\"font-size: large;\"><b>4. Donn\u00e9es personnelles<\/b><\/span><\/span><\/h2><p><span style=\"font-family: Times New Roman, serif;\">Conform\u00e9ment au <\/span><span style=\"font-family: Times New Roman, serif;\"><b>R\u00e8glement G\u00e9n\u00e9ral sur la Protection des Donn\u00e9es (RGPD)<\/b><\/span><span style=\"font-family: Times New Roman, serif;\">, <\/span><span style=\"font-family: Times New Roman, serif;\"><b>Smart Event Paris<\/b><\/span><span style=\"font-family: Times New Roman, serif;\"> collecte et traite les donn\u00e9es personnelles des utilisateurs dans le cadre de ses activit\u00e9s commerciales (location, devis, facturation, etc.).<\/span><\/p><p><span style=\"font-family: Times New Roman, serif;\">Les donn\u00e9es collect\u00e9es ne sont en aucun cas transmises \u00e0 des tiers sans consentement.<br \/>L\u2019utilisateur dispose d\u2019un droit d\u2019acc\u00e8s, de rectification, de portabilit\u00e9 et de suppression de ses donn\u00e9es, qu\u2019il peut exercer en adressant une demande \u00e0 :<br \/><\/span><span style=\"font-family: Apple Color Emoji, serif;\">\ud83d\udce7<\/span> <strong><a href=\"mailto:smarteventsparis@gmail.com\">s<span style=\"font-family: Times New Roman, serif;\">marteventsparis@gmail.com<\/span><\/a><\/strong><\/p><h2><span style=\"font-family: Times New Roman, serif;\"><span style=\"font-size: large;\"><b>5. Cookies<\/b><\/span><\/span><\/h2><p><span style=\"font-family: Times New Roman, serif;\">Le site peut utiliser des cookies pour des besoins de navigation et de statistiques.<br \/>L\u2019utilisateur peut refuser ou configurer l\u2019utilisation des cookies via les param\u00e8tres de son navigateur.<\/span><\/p><h2><span style=\"font-family: Times New Roman, serif;\"><span style=\"font-size: large;\"><b>6. Responsabilit\u00e9<\/b><\/span><\/span><\/h2><p><span style=\"font-family: Times New Roman, serif;\"><b>Smart Event Paris<\/b><\/span><span style=\"font-family: Times New Roman, serif;\"> s\u2019efforce d\u2019assurer l\u2019exactitude des informations diffus\u00e9es sur son site, mais ne saurait \u00eatre tenue responsable des erreurs ou omissions.<br \/>Le site peut contenir des liens vers des sites externes dont <\/span><span style=\"font-family: Times New Roman, serif;\"><b>Smart Event Paris<\/b><\/span><span style=\"font-family: Times New Roman, serif;\"> ne ma\u00eetrise pas le contenu ; la soci\u00e9t\u00e9 d\u00e9cline toute responsabilit\u00e9 quant aux informations ou pratiques de ces sites tiers.<\/span><\/p><h2><span style=\"font-family: Times New Roman, serif;\"><span style=\"font-size: large;\"><b>7. Droit applicable<\/b><\/span><\/span><\/h2><p><span style=\"font-family: Times New Roman, serif;\">Les pr\u00e9sentes mentions l\u00e9gales sont r\u00e9gies par le <\/span><span style=\"font-family: Times New Roman, serif;\"><b>droit fran\u00e7ais<\/b><\/span><span style=\"font-family: Times New Roman, serif;\">.<br \/>Tout litige relatif \u00e0 l\u2019utilisation du site sera soumis \u00e0 la comp\u00e9tence exclusive des tribunaux du ressort du si\u00e8ge social de <\/span><span style=\"font-family: Times New Roman, serif;\"><b>Smart Event Paris<\/b><\/span><span style=\"font-family: Times New Roman, serif;\">.<\/span><\/p>\t\t\t\t\t\t\t\t<\/div>\n\t\t\t\t<\/div>\n\t\t\t\t\t<\/div>\n\t\t\t\t<\/div>\n\t\t\t\t<\/div>\n\t\t","protected":false},"excerpt":{"rendered":"<p>1. Informations l\u00e9gales Smart Event ParisSoci\u00e9t\u00e9 forme juridique : Auto-entrepriseSi\u00e8ge social : 32 rue lucien boxtael 95370 MONTIGNY LES CORMEILLESSIRET : 953\u00a0071\u00a0974 00018RCS : PontoiseNum\u00e9ro de TVA intracommunautaire : non assujetti a la tvaEmail : Smarteventsparis@gmail.com Directeur de la publication : GOURSAUD CarineContact : Smarteventsparis@gmail.com 2. H\u00e9bergeur du site Le site internet www.Mysmartevents.fr est h\u00e9berg\u00e9 [&hellip;]<\/p>\n","protected":false},"author":1,"featured_media":0,"parent":0,"menu_order":0,"comment_status":"closed","ping_status":"closed","template":"","meta":{"footnotes":""},"class_list":["post-25783","page","type-page","status-publish","hentry"],"_links":{"self":[{"href":"https:\/\/www.mysmartevents.fr\/index.php\/wp-json\/wp\/v2\/pages\/25783","targetHints":{"allow":["GET"]}}],"collection":[{"href":"https:\/\/www.mysmartevents.fr\/index.php\/wp-json\/wp\/v2\/pages"}],"about":[{"href":"https:\/\/www.mysmartevents.fr\/index.php\/wp-json\/wp\/v2\/types\/page"}],"author":[{"embeddable":true,"href":"https:\/\/www.mysmartevents.fr\/index.php\/wp-json\/wp\/v2\/users\/1"}],"replies":[{"embeddable":true,"href":"https:\/\/www.mysmartevents.fr\/index.php\/wp-json\/wp\/v2\/comments?post=25783"}],"version-history":[{"count":13,"href":"https:\/\/www.mysmartevents.fr\/index.php\/wp-json\/wp\/v2\/pages\/25783\/revisions"}],"predecessor-version":[{"id":25865,"href":"https:\/\/www.mysmartevents.fr\/index.php\/wp-json\/wp\/v2\/pages\/25783\/revisions\/25865"}],"wp:attachment":[{"href":"https:\/\/www.mysmartevents.fr\/index.php\/wp-json\/wp\/v2\/media?parent=25783"}],"curies":[{"name":"wp","href":"https:\/\/api.w.org\/{rel}","templated":true}]}}