{"id":25520,"date":"2026-01-10T16:25:29","date_gmt":"2026-01-10T15:25:29","guid":{"rendered":"https:\/\/www.mysmartevents.fr\/?post_type=product&#038;p=25520"},"modified":"2026-01-11T17:57:23","modified_gmt":"2026-01-11T16:57:23","slug":"photobooth-standard","status":"publish","type":"product","link":"https:\/\/www.mysmartevents.fr\/index.php\/product\/photobooth-standard\/","title":{"rendered":"Photobooth Standard &#8211; Formule digitale"},"content":{"rendered":"<p><b>L\u2019animation photo fun et conviviale qui cr\u00e9e des souvenirs instantan\u00e9s !<\/b><\/p>\n<p><b>FORMULE DIGITALE (envoi par mail de tous les clich\u00e9s\/pas d\u2019impression)<\/b><\/p>\n<p>Immortalisez les meilleurs moments de votre \u00e9v\u00e9nement avec notre photobooth standard. Facile \u00e0 utiliser, il permet \u00e0 vos invit\u00e9s de se prendre en photo seuls ou \u00e0 plusieurs.<\/p>\n<p>Parfait pour mariages, anniversaires, soir\u00e9es d\u2019entreprise, kermesses ou f\u00eates priv\u00e9es, il s\u00e9duit toutes les g\u00e9n\u00e9rations avec ses accessoires ludiques (chapeaux, lunettes, ardoises, etc.) et ses fonds personnalisables.<br \/>\nConnect\u00e9 et interactif, il permet l\u2019envoi par mail ou partage sur les r\u00e9seaux sociaux.<br \/>\nInstallation rapide, assistance incluse, et r\u00e9cup\u00e9ration simple des photos num\u00e9riques apr\u00e8s l\u2019\u00e9v\u00e9nement.<br \/>\nOffrez des souvenirs uniques et instantan\u00e9s \u00e0 vos invit\u00e9s !<\/p>\n<p><b>Tarifs &amp; conditions de location<\/b><\/p>\n<p>\u2022 <b>180 \u20ac TTC \/ 24h<\/b><br \/>\n\u2022 Tarif d\u00e9gressif pour les longues dur\u00e9es (coefficient appliqu\u00e9 par jour suppl\u00e9mentaire).<br \/>\n\u2022 <b>Rallonge non inclues<\/b><\/p>\n","protected":false},"excerpt":{"rendered":"<p>L\u2019animation photo fun et conviviale qui cr\u00e9e des souvenirs instantan\u00e9s ! FORMULE DIGITALE (envoi par mail de tous les clich\u00e9s\/pas d\u2019impression) Immortalisez les meilleurs moments de votre \u00e9v\u00e9nement avec notre photobooth standard. Facile \u00e0 utiliser, il permet \u00e0 vos invit\u00e9s de se prendre en photo seuls ou \u00e0 plusieurs. Parfait pour mariages, anniversaires, soir\u00e9es d\u2019entreprise, [&hellip;]<\/p>\n","protected":false},"featured_media":25521,"template":"","meta":[],"product_cat":[137],"product_tag":[],"class_list":{"0":"post-25520","1":"product","2":"type-product","3":"status-publish","4":"has-post-thumbnail","6":"product_cat-photobooth","8":"first","9":"instock","10":"taxable","11":"shipping-taxable","12":"purchasable","13":"product-type-simple"},"_links":{"self":[{"href":"https:\/\/www.mysmartevents.fr\/index.php\/wp-json\/wp\/v2\/product\/25520","targetHints":{"allow":["GET"]}}],"collection":[{"href":"https:\/\/www.mysmartevents.fr\/index.php\/wp-json\/wp\/v2\/product"}],"about":[{"href":"https:\/\/www.mysmartevents.fr\/index.php\/wp-json\/wp\/v2\/types\/product"}],"wp:featuredmedia":[{"embeddable":true,"href":"https:\/\/www.mysmartevents.fr\/index.php\/wp-json\/wp\/v2\/media\/25521"}],"wp:attachment":[{"href":"https:\/\/www.mysmartevents.fr\/index.php\/wp-json\/wp\/v2\/media?parent=25520"}],"wp:term":[{"taxonomy":"product_cat","embeddable":true,"href":"https:\/\/www.mysmartevents.fr\/index.php\/wp-json\/wp\/v2\/product_cat?post=25520"},{"taxonomy":"product_tag","embeddable":true,"href":"https:\/\/www.mysmartevents.fr\/index.php\/wp-json\/wp\/v2\/product_tag?post=25520"}],"curies":[{"name":"wp","href":"https:\/\/api.w.org\/{rel}","templated":true}]}}