{"id":25523,"date":"2025-08-19T12:35:04","date_gmt":"2025-08-19T10:35:04","guid":{"rendered":"https:\/\/www.mysmartevents.fr\/?post_type=product&#038;p=25523"},"modified":"2025-08-19T12:35:04","modified_gmt":"2025-08-19T10:35:04","slug":"station-kebab","status":"publish","type":"product","link":"https:\/\/www.mysmartevents.fr\/index.php\/product\/station-kebab\/","title":{"rendered":"Station Kebab"},"content":{"rendered":"<p><b>L\u2019animation gourmande qui met tout le monde d\u2019accord !<\/b><\/p>\n<p>Faites voyager les papilles de vos invit\u00e9s avec notre station kebab complet, id\u00e9al pour apporter une touche street-food savoureuse \u00e0 votre \u00e9v\u00e9nement.<br \/>\n\u00c9quip\u00e9 d\u2019un grill vertical professionnel, ce stand permet de pr\u00e9parer facilement des kebabs savoureux sous les yeux de vos convives.<br \/>\nAdapt\u00e9 aux f\u00eates de quartier, \u00e9v\u00e9nements d\u2019entreprise, anniversaires ou foires, ce stand attire par ses d\u00e9licieuses odeurs et son ambiance conviviale.<br \/>\nMontage rapide, hygi\u00e8ne respect\u00e9e, service autonome ou possibilit\u00e9 d\u2019avoir un cuisinier en option.<br \/>\nLe kebab, une valeur s\u00fbre pour ravir les app\u00e9tits !<\/p>\n<p><b>Tarifs &amp; conditions de location<\/b><\/p>\n<p>\u2022 1<b>60 \u20ac TTC \/ 24h<\/b><br \/>\n\u2022 Tarif d\u00e9gressif pour les longues dur\u00e9es (coefficient appliqu\u00e9 par jour suppl\u00e9mentaire).<br \/>\n\u2022 <b>Consommables non inclus<\/b><br \/>\n\u2022 <b>Nettoyage non inclus<\/b> \u2013 forfait disponible sur demande.<\/p>\n","protected":false},"excerpt":{"rendered":"<p>L\u2019animation gourmande qui met tout le monde d\u2019accord ! Faites voyager les papilles de vos invit\u00e9s avec notre station kebab complet, id\u00e9al pour apporter une touche street-food savoureuse \u00e0 votre \u00e9v\u00e9nement. \u00c9quip\u00e9 d\u2019un grill vertical professionnel, ce stand permet de pr\u00e9parer facilement des kebabs savoureux sous les yeux de vos convives. Adapt\u00e9 aux f\u00eates de [&hellip;]<\/p>\n","protected":false},"featured_media":25527,"template":"","meta":[],"product_cat":[131,136],"product_tag":[],"class_list":{"0":"post-25523","1":"product","2":"type-product","3":"status-publish","4":"has-post-thumbnail","6":"product_cat-food-gourmandises","7":"product_cat-barbecue-cuisson-exterieure","9":"first","10":"instock","11":"taxable","12":"shipping-taxable","13":"purchasable","14":"product-type-simple"},"_links":{"self":[{"href":"https:\/\/www.mysmartevents.fr\/index.php\/wp-json\/wp\/v2\/product\/25523","targetHints":{"allow":["GET"]}}],"collection":[{"href":"https:\/\/www.mysmartevents.fr\/index.php\/wp-json\/wp\/v2\/product"}],"about":[{"href":"https:\/\/www.mysmartevents.fr\/index.php\/wp-json\/wp\/v2\/types\/product"}],"wp:featuredmedia":[{"embeddable":true,"href":"https:\/\/www.mysmartevents.fr\/index.php\/wp-json\/wp\/v2\/media\/25527"}],"wp:attachment":[{"href":"https:\/\/www.mysmartevents.fr\/index.php\/wp-json\/wp\/v2\/media?parent=25523"}],"wp:term":[{"taxonomy":"product_cat","embeddable":true,"href":"https:\/\/www.mysmartevents.fr\/index.php\/wp-json\/wp\/v2\/product_cat?post=25523"},{"taxonomy":"product_tag","embeddable":true,"href":"https:\/\/www.mysmartevents.fr\/index.php\/wp-json\/wp\/v2\/product_tag?post=25523"}],"curies":[{"name":"wp","href":"https:\/\/api.w.org\/{rel}","templated":true}]}}