{"id":25528,"date":"2025-08-19T12:37:10","date_gmt":"2025-08-19T10:37:10","guid":{"rendered":"https:\/\/www.mysmartevents.fr\/?post_type=product&#038;p=25528"},"modified":"2025-08-19T12:37:10","modified_gmt":"2025-08-19T10:37:10","slug":"machine-a-glace-a-litalienne","status":"publish","type":"product","link":"https:\/\/www.mysmartevents.fr\/index.php\/product\/machine-a-glace-a-litalienne\/","title":{"rendered":"Machine \u00e0 Glace \u00e0 l\u2019Italienne"},"content":{"rendered":"<p><b>La star de l\u2019\u00e9t\u00e9 pour un moment ultra gourmand !<\/b><\/p>\n<p>Offrez une pause fra\u00eecheur irr\u00e9sistible avec notre machine \u00e0 glace \u00e0 l\u2019italienne professionnelle.<br \/>\nId\u00e9ale pour les mariages, anniversaires, f\u00eates de village, kermesses ou \u00e9v\u00e9nements d\u2019entreprise, elle permet de r\u00e9aliser de d\u00e9licieuses glaces onctueuses, en cornet ou en pot.<br \/>\nJusqu\u2019\u00e0 3 parfums disponibles, avec fonction de conservation au froid et d\u00e9bit rapide pour \u00e9viter l\u2019attente.<br \/>\nFacile \u00e0 utiliser, hygi\u00e9nique et au look attractif, elle attire tous les gourmands !<br \/>\nAjoutez vos toppings (coulis, \u00e9clats de noisettes, vermicelles\u2026) et transformez chaque glace en petit chef-d\u2019\u0153uvre.<\/p>\n<p><b>Tarifs &amp; conditions de location<\/b><\/p>\n<p>\u2022 <b>180 \u20ac TTC \/ 24h<\/b><br \/>\n\u2022 Tarif d\u00e9gressif pour les longues dur\u00e9es (coefficient appliqu\u00e9 par jour suppl\u00e9mentaire).<br \/>\n\u2022 <b>Consommables non inclus<\/b><br \/>\n\u2022 <b>Nettoyage non inclus<\/b> \u2013 forfait disponible sur demande.<\/p>\n","protected":false},"excerpt":{"rendered":"<p>La star de l\u2019\u00e9t\u00e9 pour un moment ultra gourmand ! Offrez une pause fra\u00eecheur irr\u00e9sistible avec notre machine \u00e0 glace \u00e0 l\u2019italienne professionnelle. Id\u00e9ale pour les mariages, anniversaires, f\u00eates de village, kermesses ou \u00e9v\u00e9nements d\u2019entreprise, elle permet de r\u00e9aliser de d\u00e9licieuses glaces onctueuses, en cornet ou en pot. Jusqu\u2019\u00e0 3 parfums disponibles, avec fonction de [&hellip;]<\/p>\n","protected":false},"featured_media":25530,"template":"","meta":[],"product_cat":[131,133],"product_tag":[],"class_list":{"0":"post-25528","1":"product","2":"type-product","3":"status-publish","4":"has-post-thumbnail","6":"product_cat-food-gourmandises","7":"product_cat-glaces-boissons-fraiches","9":"first","10":"instock","11":"taxable","12":"shipping-taxable","13":"purchasable","14":"product-type-simple"},"_links":{"self":[{"href":"https:\/\/www.mysmartevents.fr\/index.php\/wp-json\/wp\/v2\/product\/25528","targetHints":{"allow":["GET"]}}],"collection":[{"href":"https:\/\/www.mysmartevents.fr\/index.php\/wp-json\/wp\/v2\/product"}],"about":[{"href":"https:\/\/www.mysmartevents.fr\/index.php\/wp-json\/wp\/v2\/types\/product"}],"wp:featuredmedia":[{"embeddable":true,"href":"https:\/\/www.mysmartevents.fr\/index.php\/wp-json\/wp\/v2\/media\/25530"}],"wp:attachment":[{"href":"https:\/\/www.mysmartevents.fr\/index.php\/wp-json\/wp\/v2\/media?parent=25528"}],"wp:term":[{"taxonomy":"product_cat","embeddable":true,"href":"https:\/\/www.mysmartevents.fr\/index.php\/wp-json\/wp\/v2\/product_cat?post=25528"},{"taxonomy":"product_tag","embeddable":true,"href":"https:\/\/www.mysmartevents.fr\/index.php\/wp-json\/wp\/v2\/product_tag?post=25528"}],"curies":[{"name":"wp","href":"https:\/\/api.w.org\/{rel}","templated":true}]}}