{"id":25538,"date":"2025-08-19T12:39:45","date_gmt":"2025-08-19T10:39:45","guid":{"rendered":"https:\/\/www.mysmartevents.fr\/?post_type=product&#038;p=25538"},"modified":"2025-12-18T14:19:08","modified_gmt":"2025-12-18T13:19:08","slug":"structures-gonflables","status":"publish","type":"product","link":"https:\/\/www.mysmartevents.fr\/index.php\/product\/structures-gonflables\/","title":{"rendered":"Petit Chateau gonflable couleur"},"content":{"rendered":"<p><b>Des heures de jeu et de sauts en toute s\u00e9curit\u00e9 !<\/b><\/p>\n<p>Apportez une touche spectaculaire et sportive \u00e0 votre \u00e9v\u00e9nement avec nos structures gonflables.<br \/>\nCh\u00e2teaux, parcours, toboggans ou ar\u00e8nes : nous proposons un large choix pour toutes les tranches d\u2019\u00e2ge et tous les th\u00e8mes.<br \/>\nFaciles \u00e0 installer, livr\u00e9es avec soufflerie, tapis de s\u00e9curit\u00e9 et piquets d\u2019ancrage, elles garantissent des heures d\u2019amusement en toute s\u00e9curit\u00e9.<br \/>\nId\u00e9al pour anniversaires, f\u00eates scolaires, \u00e9v\u00e9nements publics ou journ\u00e9es d\u2019entreprise.<\/p>\n<p>Vous cherchez un ch\u00e2teau gonflable pour votre enfant ? Nos mini-ch\u00e2teaux gonflable pourraient \u00eatre exactement ce dont vous avez besoin ! Il poss\u00e8de 3 zones de jeux pour enfants avec un trampoline et un toboggan et une petite piscine a balles.<\/p>\n<p>Avec une capacit\u00e9 de charge maximale de 135 kilogrammes d&rsquo;enfants \u00e2g\u00e9s de 3 \u00e0 5 ans ! Il est dot\u00e9 d&rsquo;un filet respirant pour une bonne circulation de l&rsquo;air !<\/p>\n<p>Haute qualit\u00e9 et stabilit\u00e9 : notre ch\u00e2teau gonflable est fabriqu\u00e9 \u00e0 partir d&rsquo;un tissu Oxford durable et d&rsquo;un PVC s\u00fbr,qui le rend r\u00e9sistant et durable.<\/p>\n<p>Dimensions : 3,2 x &gt;3,8m H 2,1m.\u00a0 \u00a0 \u00a0 \u00a0 \u00a0 \u00a0 \u00a0 \u00a0 \u00a0 \u00a0 \u00a0 \u00a0 \u00a0 \u00a0 \u00a0 \u00a0 \u00a0 \u00a0 \u00a0 \u00a0 \u00a0 \u00a0 \u00a0 \u00a0 \u00a0 \u00a0 \u00a0 \u00a0 \u00a0 \u00a0 \u00a0 \u00a0 \u00a0 \u00a0 \u00a0 \u00a0 \u00a0 \u00a0 \u00a0 \u00a0 \u00a0 \u00a0 \u00a0 \u00a0 \u00a0 \u00a0 \u00a0 \u00a0 \u00a0 \u00a0 \u00a0 \u00a0 \u00a0 \u00a0 \u00a0 \u00a0Convient pour 4\/5 enfants max.<\/p>\n<p><b>Tarifs &amp; conditions de location<\/b><\/p>\n<p>\u2022 <b>\u00a090\u20ac TTC \/ 24h<\/b><br \/>\n\u2022 Tarif d\u00e9gressif pour les longues dur\u00e9es (coefficient appliqu\u00e9 par jour suppl\u00e9mentaire).<br \/>\n\u2022 <b>Pause et d\u00e9pose inclues. Livraison en compl\u00e9ment. OBLIGATOIRE.<\/b><\/p>\n<p>&nbsp;<\/p>\n","protected":false},"excerpt":{"rendered":"<p>Des heures de jeu et de sauts en toute s\u00e9curit\u00e9 ! Apportez une touche spectaculaire et sportive \u00e0 votre \u00e9v\u00e9nement avec nos structures gonflables. Ch\u00e2teaux, parcours, toboggans ou ar\u00e8nes : nous proposons un large choix pour toutes les tranches d\u2019\u00e2ge et tous les th\u00e8mes. Faciles \u00e0 installer, livr\u00e9es avec soufflerie, tapis de s\u00e9curit\u00e9 et piquets [&hellip;]<\/p>\n","protected":false},"featured_media":26076,"template":"","meta":[],"product_cat":[128,141],"product_tag":[],"class_list":{"0":"post-25538","1":"product","2":"type-product","3":"status-publish","4":"has-post-thumbnail","6":"product_cat-jeux-animations","7":"product_cat-structure-et-chateau-gonflable","9":"first","10":"instock","11":"taxable","12":"shipping-taxable","13":"purchasable","14":"product-type-simple"},"_links":{"self":[{"href":"https:\/\/www.mysmartevents.fr\/index.php\/wp-json\/wp\/v2\/product\/25538","targetHints":{"allow":["GET"]}}],"collection":[{"href":"https:\/\/www.mysmartevents.fr\/index.php\/wp-json\/wp\/v2\/product"}],"about":[{"href":"https:\/\/www.mysmartevents.fr\/index.php\/wp-json\/wp\/v2\/types\/product"}],"wp:featuredmedia":[{"embeddable":true,"href":"https:\/\/www.mysmartevents.fr\/index.php\/wp-json\/wp\/v2\/media\/26076"}],"wp:attachment":[{"href":"https:\/\/www.mysmartevents.fr\/index.php\/wp-json\/wp\/v2\/media?parent=25538"}],"wp:term":[{"taxonomy":"product_cat","embeddable":true,"href":"https:\/\/www.mysmartevents.fr\/index.php\/wp-json\/wp\/v2\/product_cat?post=25538"},{"taxonomy":"product_tag","embeddable":true,"href":"https:\/\/www.mysmartevents.fr\/index.php\/wp-json\/wp\/v2\/product_tag?post=25538"}],"curies":[{"name":"wp","href":"https:\/\/api.w.org\/{rel}","templated":true}]}}