{"id":25980,"date":"2025-11-17T13:46:12","date_gmt":"2025-11-17T12:46:12","guid":{"rendered":"https:\/\/www.mysmartevents.fr\/?post_type=product&#038;p=25980"},"modified":"2025-11-17T16:17:22","modified_gmt":"2025-11-17T15:17:22","slug":"barnum-3x6m","status":"publish","type":"product","link":"https:\/\/www.mysmartevents.fr\/index.php\/product\/barnum-3x6m\/","title":{"rendered":"Barnum 3x6m"},"content":{"rendered":"<p><b>L\u2019espace abrit\u00e9 et \u00e9l\u00e9gant pour toutes vos r\u00e9ceptions !<\/b><\/p>\n<p>Prot\u00e9gez vos invit\u00e9s du soleil ou des intemp\u00e9ries avec notre barnum de qualit\u00e9 professionnelle.<br \/>\nDisponible en plusieurs dimensions, avec ou sans parois lat\u00e9rales, il s\u2019adapte parfaitement \u00e0 vos besoins : r\u00e9ception, mariage, kermesse, stand exposant ou animation ext\u00e9rieure.<br \/>\nMontage rapide, structure robuste, toile imperm\u00e9able : il allie praticit\u00e9 et esth\u00e9tisme.<br \/>\nPossibilit\u00e9 d\u2019ajouter plancher, \u00e9clairage ou mobilier pour un confort optimal.<br \/>\nLe barnum, c\u2019est l\u2019assurance d\u2019un \u00e9v\u00e9nement r\u00e9ussi, quelles que soient les conditions m\u00e9t\u00e9o !<\/p>\n<p><b>Tarifs &amp; conditions de location<\/b><\/p>\n<p>\u2022 <b>\u00a080 \u20ac TTC \/ 24h\u00a0 &#8211; Supplement murs et porte 10 \u20ac<\/b><\/p>\n<p>\u2022 Tarif d\u00e9gressif pour les longues dur\u00e9es (coefficient appliqu\u00e9 par jour suppl\u00e9mentaire).<\/p>\n<p>\u2022 <b>Pause et d\u00e9pose inclues.<\/b><b>\u00a0<\/b><\/p>\n","protected":false},"excerpt":{"rendered":"<p>L\u2019espace abrit\u00e9 et \u00e9l\u00e9gant pour toutes vos r\u00e9ceptions ! Prot\u00e9gez vos invit\u00e9s du soleil ou des intemp\u00e9ries avec notre barnum de qualit\u00e9 professionnelle. Disponible en plusieurs dimensions, avec ou sans parois lat\u00e9rales, il s\u2019adapte parfaitement \u00e0 vos besoins : r\u00e9ception, mariage, kermesse, stand exposant ou animation ext\u00e9rieure. Montage rapide, structure robuste, toile imperm\u00e9able : il [&hellip;]<\/p>\n","protected":false},"featured_media":25981,"template":"","meta":[],"product_cat":[140],"product_tag":[],"class_list":{"0":"post-25980","1":"product","2":"type-product","3":"status-publish","4":"has-post-thumbnail","6":"product_cat-barnum-et-tente-de-reception","8":"first","9":"instock","10":"purchasable","11":"product-type-simple"},"_links":{"self":[{"href":"https:\/\/www.mysmartevents.fr\/index.php\/wp-json\/wp\/v2\/product\/25980","targetHints":{"allow":["GET"]}}],"collection":[{"href":"https:\/\/www.mysmartevents.fr\/index.php\/wp-json\/wp\/v2\/product"}],"about":[{"href":"https:\/\/www.mysmartevents.fr\/index.php\/wp-json\/wp\/v2\/types\/product"}],"wp:featuredmedia":[{"embeddable":true,"href":"https:\/\/www.mysmartevents.fr\/index.php\/wp-json\/wp\/v2\/media\/25981"}],"wp:attachment":[{"href":"https:\/\/www.mysmartevents.fr\/index.php\/wp-json\/wp\/v2\/media?parent=25980"}],"wp:term":[{"taxonomy":"product_cat","embeddable":true,"href":"https:\/\/www.mysmartevents.fr\/index.php\/wp-json\/wp\/v2\/product_cat?post=25980"},{"taxonomy":"product_tag","embeddable":true,"href":"https:\/\/www.mysmartevents.fr\/index.php\/wp-json\/wp\/v2\/product_tag?post=25980"}],"curies":[{"name":"wp","href":"https:\/\/api.w.org\/{rel}","templated":true}]}}