{"id":26006,"date":"2025-11-17T19:48:10","date_gmt":"2025-11-17T18:48:10","guid":{"rendered":"https:\/\/www.mysmartevents.fr\/?post_type=product&#038;p=26006"},"modified":"2025-11-30T13:23:54","modified_gmt":"2025-11-30T12:23:54","slug":"location-de-table-ronde-6-8-personnes","status":"publish","type":"product","link":"https:\/\/www.mysmartevents.fr\/index.php\/product\/location-de-table-ronde-6-8-personnes\/","title":{"rendered":"Table ronde (6\/8 personnes)"},"content":{"rendered":"<h5 class=\"font24\"><strong>Location de table ronde en plastique 7\/8 personnes- 150cm<br \/>\n<\/strong><\/h5>\n<h5 class=\"font24\"><strong><br \/>\n&#8211; Plateau, en poly\u00e9thyl\u00e8ne monobloc haute densit\u00e9, renforc\u00e9 gr\u00e2ce aux nombreuses alv\u00e9oles.<br \/>\n&#8211; Trait\u00e9e anti-uv<br \/>\n&#8211; Epaisseur 4.5cm<br \/>\n&#8211; Structure cadre m\u00e9tallique 30x15mm et double traverse de renfort centrale<\/strong><\/h5>\n<p>\u00c0 noter : ce produit peut pr\u00e9senter des marques d&rsquo;usage. Il est vivement recommand\u00e9 d&rsquo;utiliser un nappage ou une housse en lycra.<\/p>\n<p><b>Nappage et chaise disponible en option<\/b>.<\/p>\n<h5><\/h5>\n<h5><b>Tarifs &amp; conditions de location<\/b><\/h5>\n<p>\u2022 <b>12 \u20ac TTC \/ 24h<\/b><br \/>\n\u2022 Tarif d\u00e9gressif pour les longues dur\u00e9es (coefficient appliqu\u00e9 par jour suppl\u00e9mentaire).<br \/>\n\u2022 <b>Tarif hors livraison. <\/b><b>Retrait gratuit dans nos locaux du Plessis-Bouchard (95)<\/b><\/p>\n","protected":false},"excerpt":{"rendered":"<p>Location de table ronde en plastique 7\/8 personnes- 150cm &#8211; Plateau, en poly\u00e9thyl\u00e8ne monobloc haute densit\u00e9, renforc\u00e9 gr\u00e2ce aux nombreuses alv\u00e9oles. &#8211; Trait\u00e9e anti-uv &#8211; Epaisseur 4.5cm &#8211; Structure cadre m\u00e9tallique 30x15mm et double traverse de renfort centrale \u00c0 noter : ce produit peut pr\u00e9senter des marques d&rsquo;usage. Il est vivement recommand\u00e9 d&rsquo;utiliser un nappage [&hellip;]<\/p>\n","protected":false},"featured_media":26007,"template":"","meta":[],"product_cat":[127],"product_tag":[],"class_list":{"0":"post-26006","1":"product","2":"type-product","3":"status-publish","4":"has-post-thumbnail","6":"product_cat-mobilier-evenementiel","8":"first","9":"instock","10":"taxable","11":"shipping-taxable","12":"purchasable","13":"product-type-simple"},"_links":{"self":[{"href":"https:\/\/www.mysmartevents.fr\/index.php\/wp-json\/wp\/v2\/product\/26006","targetHints":{"allow":["GET"]}}],"collection":[{"href":"https:\/\/www.mysmartevents.fr\/index.php\/wp-json\/wp\/v2\/product"}],"about":[{"href":"https:\/\/www.mysmartevents.fr\/index.php\/wp-json\/wp\/v2\/types\/product"}],"wp:featuredmedia":[{"embeddable":true,"href":"https:\/\/www.mysmartevents.fr\/index.php\/wp-json\/wp\/v2\/media\/26007"}],"wp:attachment":[{"href":"https:\/\/www.mysmartevents.fr\/index.php\/wp-json\/wp\/v2\/media?parent=26006"}],"wp:term":[{"taxonomy":"product_cat","embeddable":true,"href":"https:\/\/www.mysmartevents.fr\/index.php\/wp-json\/wp\/v2\/product_cat?post=26006"},{"taxonomy":"product_tag","embeddable":true,"href":"https:\/\/www.mysmartevents.fr\/index.php\/wp-json\/wp\/v2\/product_tag?post=26006"}],"curies":[{"name":"wp","href":"https:\/\/api.w.org\/{rel}","templated":true}]}}