{"id":26028,"date":"2025-11-30T13:52:53","date_gmt":"2025-11-30T12:52:53","guid":{"rendered":"https:\/\/www.mysmartevents.fr\/?post_type=product&#038;p=26028"},"modified":"2025-11-30T13:59:58","modified_gmt":"2025-11-30T12:59:58","slug":"galette-pour-chaise-napoleon","status":"publish","type":"product","link":"https:\/\/www.mysmartevents.fr\/index.php\/product\/galette-pour-chaise-napoleon\/","title":{"rendered":"Galette pour chaise Napol\u00e9on"},"content":{"rendered":"<p><strong>La galette pour chaise Napol\u00e9on en simili cuir blanc\u00a0offre un confort in\u00e9gal\u00e9 tout en rehaussant l\u2019esth\u00e9tique de vos chaises.<\/strong><\/p>\n<h5><b>Tarifs &amp; conditions de location<\/b><\/h5>\n<p>\u2022 <b>0,60\u20ac TTC \/ 24h<\/b><br \/>\n\u2022 Tarif d\u00e9gressif pour selon quantit\u00e9 et les longues dur\u00e9es (coefficient appliqu\u00e9 par jour suppl\u00e9mentaire).<br \/>\n\u2022 <b>Tarif hors livraison. <\/b><b>Retrait gratuit dans nos locaux du Plessis-Bouchard (95)<\/b><\/p>\n","protected":false},"excerpt":{"rendered":"<p>La galette pour chaise Napol\u00e9on en simili cuir blanc\u00a0offre un confort in\u00e9gal\u00e9 tout en rehaussant l\u2019esth\u00e9tique de vos chaises. Tarifs &amp; conditions de location \u2022 0,60\u20ac TTC \/ 24h \u2022 Tarif d\u00e9gressif pour selon quantit\u00e9 et les longues dur\u00e9es (coefficient appliqu\u00e9 par jour suppl\u00e9mentaire). \u2022 Tarif hors livraison. Retrait gratuit dans nos locaux du Plessis-Bouchard [&hellip;]<\/p>\n","protected":false},"featured_media":26025,"template":"","meta":[],"product_cat":[127],"product_tag":[],"class_list":{"0":"post-26028","1":"product","2":"type-product","3":"status-publish","4":"has-post-thumbnail","6":"product_cat-mobilier-evenementiel","8":"first","9":"instock","10":"purchasable","11":"product-type-simple"},"_links":{"self":[{"href":"https:\/\/www.mysmartevents.fr\/index.php\/wp-json\/wp\/v2\/product\/26028","targetHints":{"allow":["GET"]}}],"collection":[{"href":"https:\/\/www.mysmartevents.fr\/index.php\/wp-json\/wp\/v2\/product"}],"about":[{"href":"https:\/\/www.mysmartevents.fr\/index.php\/wp-json\/wp\/v2\/types\/product"}],"wp:featuredmedia":[{"embeddable":true,"href":"https:\/\/www.mysmartevents.fr\/index.php\/wp-json\/wp\/v2\/media\/26025"}],"wp:attachment":[{"href":"https:\/\/www.mysmartevents.fr\/index.php\/wp-json\/wp\/v2\/media?parent=26028"}],"wp:term":[{"taxonomy":"product_cat","embeddable":true,"href":"https:\/\/www.mysmartevents.fr\/index.php\/wp-json\/wp\/v2\/product_cat?post=26028"},{"taxonomy":"product_tag","embeddable":true,"href":"https:\/\/www.mysmartevents.fr\/index.php\/wp-json\/wp\/v2\/product_tag?post=26028"}],"curies":[{"name":"wp","href":"https:\/\/api.w.org\/{rel}","templated":true}]}}