{"id":26032,"date":"2025-11-30T14:45:53","date_gmt":"2025-11-30T13:45:53","guid":{"rendered":"https:\/\/www.mysmartevents.fr\/?post_type=product&#038;p=26032"},"modified":"2025-11-30T14:48:15","modified_gmt":"2025-11-30T13:48:15","slug":"fauteuil-fer-forge-copie","status":"publish","type":"product","link":"https:\/\/www.mysmartevents.fr\/index.php\/product\/fauteuil-fer-forge-copie\/","title":{"rendered":"Fauteuil fer forg\u00e9"},"content":{"rendered":"<p>Location fauteuil en fer forg\u00e9, apportez une touche de charme vintage et d\u2019\u00e9l\u00e9gance avec nos chaises blanches en fer forg\u00e9, id\u00e9ales pour les mariages, \u00e9v\u00e9nements en plein air, r\u00e9ceptions et d\u00eeners \u00e9l\u00e9gants. Ces fauteuil, avec leurs courbes gracieuses et leurs d\u00e9tails en m\u00e9tal, cr\u00e9ent un d\u00e9cor romantique et authentique, rappelant les jardins d\u2019antan ou les r\u00e9ceptions champ\u00eatres. Leur structure en fer forg\u00e9 assure solidit\u00e9 et confort, tandis que leur finition blanche ajoute une note de douceur et de l\u00e9g\u00e8ret\u00e9. Ces chaises s\u2019int\u00e8grent parfaitement dans divers th\u00e8mes, qu\u2019il s\u2019agisse d\u2019un mariage boh\u00e8me, champ\u00eatre, ou d\u2019une r\u00e9ception \u00e9l\u00e9gante et raffin\u00e9e.<\/p>\n<h5><\/h5>\n<h5><b>Tarifs &amp; conditions de location<\/b><\/h5>\n<p>\u2022 <b>7\u20ac TTC \/ 24h<\/b><br \/>\n\u2022 Tarif d\u00e9gressif selon quantit\u00e9 et pour les longues dur\u00e9es (coefficient appliqu\u00e9 par jour suppl\u00e9mentaire).<br \/>\n\u2022 <b>Tarif hors livraison. <\/b><b>Retrait gratuit dans nos locaux du Plessis-Bouchard (95)<\/b><\/p>\n","protected":false},"excerpt":{"rendered":"<p>Location fauteuil en fer forg\u00e9, apportez une touche de charme vintage et d\u2019\u00e9l\u00e9gance avec nos chaises blanches en fer forg\u00e9, id\u00e9ales pour les mariages, \u00e9v\u00e9nements en plein air, r\u00e9ceptions et d\u00eeners \u00e9l\u00e9gants. Ces fauteuil, avec leurs courbes gracieuses et leurs d\u00e9tails en m\u00e9tal, cr\u00e9ent un d\u00e9cor romantique et authentique, rappelant les jardins d\u2019antan ou les [&hellip;]<\/p>\n","protected":false},"featured_media":26033,"template":"","meta":[],"product_cat":[127],"product_tag":[],"class_list":{"0":"post-26032","1":"product","2":"type-product","3":"status-publish","4":"has-post-thumbnail","6":"product_cat-mobilier-evenementiel","8":"first","9":"instock","10":"purchasable","11":"product-type-simple"},"_links":{"self":[{"href":"https:\/\/www.mysmartevents.fr\/index.php\/wp-json\/wp\/v2\/product\/26032","targetHints":{"allow":["GET"]}}],"collection":[{"href":"https:\/\/www.mysmartevents.fr\/index.php\/wp-json\/wp\/v2\/product"}],"about":[{"href":"https:\/\/www.mysmartevents.fr\/index.php\/wp-json\/wp\/v2\/types\/product"}],"wp:featuredmedia":[{"embeddable":true,"href":"https:\/\/www.mysmartevents.fr\/index.php\/wp-json\/wp\/v2\/media\/26033"}],"wp:attachment":[{"href":"https:\/\/www.mysmartevents.fr\/index.php\/wp-json\/wp\/v2\/media?parent=26032"}],"wp:term":[{"taxonomy":"product_cat","embeddable":true,"href":"https:\/\/www.mysmartevents.fr\/index.php\/wp-json\/wp\/v2\/product_cat?post=26032"},{"taxonomy":"product_tag","embeddable":true,"href":"https:\/\/www.mysmartevents.fr\/index.php\/wp-json\/wp\/v2\/product_tag?post=26032"}],"curies":[{"name":"wp","href":"https:\/\/api.w.org\/{rel}","templated":true}]}}