{"id":26034,"date":"2025-11-30T14:48:34","date_gmt":"2025-11-30T13:48:34","guid":{"rendered":"https:\/\/www.mysmartevents.fr\/?post_type=product&#038;p=26034"},"modified":"2025-11-30T14:53:07","modified_gmt":"2025-11-30T13:53:07","slug":"chaise-pliante","status":"publish","type":"product","link":"https:\/\/www.mysmartevents.fr\/index.php\/product\/chaise-pliante\/","title":{"rendered":"Chaise pliante"},"content":{"rendered":"<h5><strong>Chaise pliante en mati\u00e8re plastique facile d&rsquo;utilisation. Une fois pli\u00e9e, la chaise prend peu de place.\u00a0 \u00a0 \u00a0 \u00a0 \u00a0 \u00a0 \u00a0 \u00a0 La chaise est id\u00e9ale pour une utilisation lors de grands \u00e9v\u00e9nements ou pour les loisirs.<\/strong><\/h5>\n<h5><b>Tarifs &amp; conditions de location<\/b><\/h5>\n<p>\u2022 <b>2\u20ac TTC \/ 24h<\/b><br \/>\n\u2022 Tarif d\u00e9gressif selon quantit\u00e9 et pour les longues dur\u00e9es (coefficient appliqu\u00e9 par jour suppl\u00e9mentaire).<br \/>\n\u2022 <b>Tarif hors livraison. <\/b><b>Retrait gratuit dans nos locaux du Plessis-Bouchard (95)<\/b><\/p>\n","protected":false},"excerpt":{"rendered":"<p>Chaise pliante en mati\u00e8re plastique facile d&rsquo;utilisation. Une fois pli\u00e9e, la chaise prend peu de place.\u00a0 \u00a0 \u00a0 \u00a0 \u00a0 \u00a0 \u00a0 \u00a0 La chaise est id\u00e9ale pour une utilisation lors de grands \u00e9v\u00e9nements ou pour les loisirs. Tarifs &amp; conditions de location \u2022 2\u20ac TTC \/ 24h \u2022 Tarif d\u00e9gressif selon quantit\u00e9 et pour [&hellip;]<\/p>\n","protected":false},"featured_media":26035,"template":"","meta":[],"product_cat":[127],"product_tag":[],"class_list":{"0":"post-26034","1":"product","2":"type-product","3":"status-publish","4":"has-post-thumbnail","6":"product_cat-mobilier-evenementiel","8":"first","9":"instock","10":"purchasable","11":"product-type-simple"},"_links":{"self":[{"href":"https:\/\/www.mysmartevents.fr\/index.php\/wp-json\/wp\/v2\/product\/26034","targetHints":{"allow":["GET"]}}],"collection":[{"href":"https:\/\/www.mysmartevents.fr\/index.php\/wp-json\/wp\/v2\/product"}],"about":[{"href":"https:\/\/www.mysmartevents.fr\/index.php\/wp-json\/wp\/v2\/types\/product"}],"wp:featuredmedia":[{"embeddable":true,"href":"https:\/\/www.mysmartevents.fr\/index.php\/wp-json\/wp\/v2\/media\/26035"}],"wp:attachment":[{"href":"https:\/\/www.mysmartevents.fr\/index.php\/wp-json\/wp\/v2\/media?parent=26034"}],"wp:term":[{"taxonomy":"product_cat","embeddable":true,"href":"https:\/\/www.mysmartevents.fr\/index.php\/wp-json\/wp\/v2\/product_cat?post=26034"},{"taxonomy":"product_tag","embeddable":true,"href":"https:\/\/www.mysmartevents.fr\/index.php\/wp-json\/wp\/v2\/product_tag?post=26034"}],"curies":[{"name":"wp","href":"https:\/\/api.w.org\/{rel}","templated":true}]}}