{"id":26042,"date":"2025-11-30T15:24:32","date_gmt":"2025-11-30T14:24:32","guid":{"rendered":"https:\/\/www.mysmartevents.fr\/?post_type=product&#038;p=26042"},"modified":"2025-11-30T15:28:43","modified_gmt":"2025-11-30T14:28:43","slug":"banc-4-personnes","status":"publish","type":"product","link":"https:\/\/www.mysmartevents.fr\/index.php\/product\/banc-4-personnes\/","title":{"rendered":"Banc (4 personnes)"},"content":{"rendered":"<h5 class=\"font24\"><strong>Location de banc en plastique 4 personnes<br \/>\n<\/strong><\/h5>\n<h5 class=\"font24\"><strong>&#8211; Hauteur 42cm<br \/>\n&#8211; Structure en m\u00e9talique et poly\u00e9thyl\u00e8ne monobloc haute densit\u00e9, renforc\u00e9 gr\u00e2ce aux nombreuses alv\u00e9oles.<br \/>\n&#8211; Trait\u00e9e anti-uv<br \/>\n&#8211; Epaisseur 4.5cm<br \/>\n<\/strong><\/h5>\n<h5><\/h5>\n<h5><b>Tarifs &amp; conditions de location<\/b><\/h5>\n<p>\u2022 <b>\u00a06\u20ac TTC \/ 24h<\/b><br \/>\n\u2022 Tarif d\u00e9gressif pour les longues dur\u00e9es (coefficient appliqu\u00e9 par jour suppl\u00e9mentaire).<br \/>\n\u2022 <b>Tarif hors livraison. <\/b><b>Retrait gratuit dans nos locaux du Plessis-Bouchard (95)<\/b><\/p>\n","protected":false},"excerpt":{"rendered":"<p>Location de banc en plastique 4 personnes &#8211; Hauteur 42cm &#8211; Structure en m\u00e9talique et poly\u00e9thyl\u00e8ne monobloc haute densit\u00e9, renforc\u00e9 gr\u00e2ce aux nombreuses alv\u00e9oles. &#8211; Trait\u00e9e anti-uv &#8211; Epaisseur 4.5cm Tarifs &amp; conditions de location \u2022 \u00a06\u20ac TTC \/ 24h \u2022 Tarif d\u00e9gressif pour les longues dur\u00e9es (coefficient appliqu\u00e9 par jour suppl\u00e9mentaire). \u2022 Tarif hors [&hellip;]<\/p>\n","protected":false},"featured_media":26043,"template":"","meta":[],"product_cat":[127],"product_tag":[],"class_list":{"0":"post-26042","1":"product","2":"type-product","3":"status-publish","4":"has-post-thumbnail","6":"product_cat-mobilier-evenementiel","8":"first","9":"instock","10":"taxable","11":"shipping-taxable","12":"purchasable","13":"product-type-simple"},"_links":{"self":[{"href":"https:\/\/www.mysmartevents.fr\/index.php\/wp-json\/wp\/v2\/product\/26042","targetHints":{"allow":["GET"]}}],"collection":[{"href":"https:\/\/www.mysmartevents.fr\/index.php\/wp-json\/wp\/v2\/product"}],"about":[{"href":"https:\/\/www.mysmartevents.fr\/index.php\/wp-json\/wp\/v2\/types\/product"}],"wp:featuredmedia":[{"embeddable":true,"href":"https:\/\/www.mysmartevents.fr\/index.php\/wp-json\/wp\/v2\/media\/26043"}],"wp:attachment":[{"href":"https:\/\/www.mysmartevents.fr\/index.php\/wp-json\/wp\/v2\/media?parent=26042"}],"wp:term":[{"taxonomy":"product_cat","embeddable":true,"href":"https:\/\/www.mysmartevents.fr\/index.php\/wp-json\/wp\/v2\/product_cat?post=26042"},{"taxonomy":"product_tag","embeddable":true,"href":"https:\/\/www.mysmartevents.fr\/index.php\/wp-json\/wp\/v2\/product_tag?post=26042"}],"curies":[{"name":"wp","href":"https:\/\/api.w.org\/{rel}","templated":true}]}}