{"id":26047,"date":"2025-11-30T16:42:09","date_gmt":"2025-11-30T15:42:09","guid":{"rendered":"https:\/\/www.mysmartevents.fr\/?post_type=product&#038;p=26047"},"modified":"2025-11-30T17:06:16","modified_gmt":"2025-11-30T16:06:16","slug":"parasol-chauffant-13kw","status":"publish","type":"product","link":"https:\/\/www.mysmartevents.fr\/index.php\/product\/parasol-chauffant-13kw\/","title":{"rendered":"Parasol chauffant pyramidale 13kw"},"content":{"rendered":"<p><strong><span class=\"a-list-item\">Nos parasols chauffant 13kw au gaz sont parfait pour profiter de l&rsquo;ext\u00e9rieur m\u00eame quand les temp\u00e9ratures commencent \u00e0 baisser. L&rsquo;automne pointe le bout de son nez et vous sentez que les temp\u00e9ratures rafra\u00eechissent ? Pas de probl\u00e8me, allumez votre chauffage au gaz et profitez de votre terrasse toute l&rsquo;ann\u00e9e gr\u00e2ce \u00e0 la chaleur douce et imm\u00e9diate qu&rsquo;il \u00e9met.<\/span><\/strong><\/p>\n<h5 class=\"font24\"><strong>&#8211; Hauteur 221cm<\/strong><\/h5>\n<h5><\/h5>\n<h5><b>Tarifs &amp; conditions de location<\/b><\/h5>\n<p>\u2022 <b>60\u20ac TTC \/ 24h ( hors gaz )<\/b><br \/>\n\u2022 Tarif d\u00e9gressif pour les longues dur\u00e9es (coefficient appliqu\u00e9 par jour suppl\u00e9mentaire).<br \/>\n\u2022 <b>Tarif hors livraison. <\/b><b>Retrait gratuit dans nos locaux du Plessis-Bouchard (95)<\/b><\/p>\n","protected":false},"excerpt":{"rendered":"<p>Nos parasols chauffant 13kw au gaz sont parfait pour profiter de l&rsquo;ext\u00e9rieur m\u00eame quand les temp\u00e9ratures commencent \u00e0 baisser. L&rsquo;automne pointe le bout de son nez et vous sentez que les temp\u00e9ratures rafra\u00eechissent ? Pas de probl\u00e8me, allumez votre chauffage au gaz et profitez de votre terrasse toute l&rsquo;ann\u00e9e gr\u00e2ce \u00e0 la chaleur douce et [&hellip;]<\/p>\n","protected":false},"featured_media":26054,"template":"","meta":[],"product_cat":[127],"product_tag":[],"class_list":{"0":"post-26047","1":"product","2":"type-product","3":"status-publish","4":"has-post-thumbnail","6":"product_cat-mobilier-evenementiel","8":"first","9":"instock","10":"purchasable","11":"product-type-simple"},"_links":{"self":[{"href":"https:\/\/www.mysmartevents.fr\/index.php\/wp-json\/wp\/v2\/product\/26047","targetHints":{"allow":["GET"]}}],"collection":[{"href":"https:\/\/www.mysmartevents.fr\/index.php\/wp-json\/wp\/v2\/product"}],"about":[{"href":"https:\/\/www.mysmartevents.fr\/index.php\/wp-json\/wp\/v2\/types\/product"}],"wp:featuredmedia":[{"embeddable":true,"href":"https:\/\/www.mysmartevents.fr\/index.php\/wp-json\/wp\/v2\/media\/26054"}],"wp:attachment":[{"href":"https:\/\/www.mysmartevents.fr\/index.php\/wp-json\/wp\/v2\/media?parent=26047"}],"wp:term":[{"taxonomy":"product_cat","embeddable":true,"href":"https:\/\/www.mysmartevents.fr\/index.php\/wp-json\/wp\/v2\/product_cat?post=26047"},{"taxonomy":"product_tag","embeddable":true,"href":"https:\/\/www.mysmartevents.fr\/index.php\/wp-json\/wp\/v2\/product_tag?post=26047"}],"curies":[{"name":"wp","href":"https:\/\/api.w.org\/{rel}","templated":true}]}}