{"id":26061,"date":"2025-12-15T15:34:59","date_gmt":"2025-12-15T14:34:59","guid":{"rendered":"https:\/\/www.mysmartevents.fr\/?post_type=product&#038;p=26061"},"modified":"2025-12-16T15:53:46","modified_gmt":"2025-12-16T14:53:46","slug":"but-de-foot","status":"publish","type":"product","link":"https:\/\/www.mysmartevents.fr\/index.php\/product\/but-de-foot\/","title":{"rendered":"But de foot"},"content":{"rendered":"<h2 class=\"h4 text-upper\">DESCRIPTION BUT DE FOOT AVEC CIBLES<\/h2>\n<div class=\"product-description\">\n<p><strong>Avis aux fans de Neymar et de Mbapp\u00e9, d\u00e9couvrez le But de Foot avec Cibles, un jeu sportif gonflable d\u00e9di\u00e9 aux amateurs du ballon rond petits et grands.\u00a0<\/strong>Vous voulez devenir le ROI du\u00a0<strong>Tir aux Buts<\/strong>\u00a0? Rien de plus simples :\u00a0placez-vous devant la\u00a0<strong>cage de foot gonflable<\/strong>\u00a0et entra\u00eenez-vous \u00e0 viser les\u00a0<strong>cibles<\/strong>\u00a0marqu\u00e9es sur la cage. Agilit\u00e9, patience, concentration et force vous permettront de d\u00e9passer (peut-\u00eatre) les performances de vos champions !\u00a0<strong>Facile<\/strong>\u00a0\u00e0 mettre en place, cette cage de foot gonflable s\u00e9duira les joueurs de\u00a0<strong>3 \u00e0 77<\/strong> ans et r\u00e9v\u00e8lera peut-\u00eatre des joueurs de foot de talent. Poss\u00e8de 5 trous-cibles diss\u00e9min\u00e9s un peu partout sur la cage. Dimensions : L 4 x P 2,5 x H 2 m Capacit\u00e9 maximum : 1 personne (jeu \u00e0 tour de r\u00f4le). \u00c2ge minimum : 3 ans. 1 prise 220V 16A. Ballon inclus.<strong>\u00a0<\/strong>Id\u00e9al pour animer une aire de jeux gonflables avec des\u00a0<strong>animations sportives<\/strong>\u00a0au succ\u00e8s \u00e9prouv\u00e9 qui traversent les g\u00e9n\u00e9rations. Convient pour tout type d&rsquo;\u00e9v\u00e9nement professionnel et particulier : family day, s\u00e9minaire d&rsquo;entreprise, team\u00a0building,\u00a0 f\u00eates d&rsquo;\u00e9cole, f\u00eates de quartier, centres de loisirs, clubs de foot locaux, semaine d&rsquo;int\u00e9gration, \u00e9lection BDE et bien d&rsquo;autres encore.<\/p>\n<p><strong>Location But de Foot avec Cibles \u00e0 partir de 3 ans<\/strong><\/p>\n<ul>\n<li>Un jeu de Tirs aux Buts Gonflable d\u00e9di\u00e9 aux amateurs de Football<br \/>\n<h2 class=\"h4 text-upper\">DESCRIPTION BUT DE FOOT AVEC CIBLES<\/h2>\n<div class=\"product-description\">\n<p><strong>Avis aux fans de Neymar et de Mbapp\u00e9, d\u00e9couvrez le But de Foot avec Cibles, un jeu sportif gonflable d\u00e9di\u00e9 aux amateurs du ballon rond petits et grands.\u00a0<\/strong>Vous voulez devenir le ROI du\u00a0<strong>Tir aux Buts<\/strong>\u00a0? Rien de plus simples :\u00a0placez-vous devant la\u00a0<strong>cage de foot gonflable<\/strong>\u00a0et entra\u00eenez-vous \u00e0 viser les\u00a0<strong>cibles<\/strong>\u00a0marqu\u00e9es sur la cage. Agilit\u00e9, patience, concentration et force vous permettront de d\u00e9passer (peut-\u00eatre) les performances de vos champions !\u00a0<strong>Facile<\/strong>\u00a0\u00e0 mettre en place, cette cage de foot gonflable s\u00e9duira les joueurs de\u00a0<strong>3 \u00e0 77<\/strong>\u00a0ans et r\u00e9v\u00e8lera peut-\u00eatre des joueurs de foot de talent. Poss\u00e8de 5 trous-cibles diss\u00e9min\u00e9s un peu partout sur la cage. Dimensions : L 4 x P 2,5 x H 2 m Capacit\u00e9 maximum : 1 personne (jeu \u00e0 tour de r\u00f4le). \u00c2ge minimum : 3 ans. 1 prise 220V 16A. Ballon inclus.<strong>\u00a0<\/strong>Id\u00e9al pour animer une aire de jeux gonflables avec des\u00a0<strong>animations sportives<\/strong> au succ\u00e8s \u00e9prouv\u00e9 qui traversent les g\u00e9n\u00e9rations. Convient pour tout type d&rsquo;\u00e9v\u00e9nement professionnel et particulier : family day, s\u00e9minaire d&rsquo;entreprise, team building,\u00a0 f\u00eates d&rsquo;\u00e9cole, f\u00eates de quartier, centres de loisirs, clubs de foot locaux, semaine d&rsquo;int\u00e9gration, \u00e9lection BDE et bien d&rsquo;autres encore.<\/p>\n<p>&nbsp;<\/p>\n<p><strong>Location But de Foot avec Cibles \u00e0 partir de 3 ans<\/strong><\/p>\n<ul>\n<li>Dimensions : L 4 x P 2,5 x H 2 m<\/li>\n<li>Un jeu de Tirs aux Buts Gonflable d\u00e9di\u00e9 aux amateurs de Football<\/li>\n<li>Id\u00e9al pour cr\u00e9er une animation gonflable sportive\u00a0simple au succ\u00e8s garanti<\/li>\n<li>5 trous \u00e0 viser avec le ballon<\/li>\n<li>Qualit\u00e9 et s\u00e9curit\u00e9 : conforme norme EN14960<\/li>\n<li>Livraison 7\/7<\/li>\n<\/ul>\n<\/div>\n<\/li>\n<\/ul>\n<\/div>\n","protected":false},"excerpt":{"rendered":"<p>DESCRIPTION BUT DE FOOT AVEC CIBLES Avis aux fans de Neymar et de Mbapp\u00e9, d\u00e9couvrez le But de Foot avec Cibles, un jeu sportif gonflable d\u00e9di\u00e9 aux amateurs du ballon rond petits et grands.\u00a0Vous voulez devenir le ROI du\u00a0Tir aux Buts\u00a0? Rien de plus simples :\u00a0placez-vous devant la\u00a0cage de foot gonflable\u00a0et entra\u00eenez-vous \u00e0 viser les\u00a0cibles\u00a0marqu\u00e9es [&hellip;]<\/p>\n","protected":false},"featured_media":26063,"template":"","meta":[],"product_cat":[141],"product_tag":[],"class_list":{"0":"post-26061","1":"product","2":"type-product","3":"status-publish","4":"has-post-thumbnail","6":"product_cat-structure-et-chateau-gonflable","8":"first","9":"instock","10":"taxable","11":"shipping-taxable","12":"purchasable","13":"product-type-simple"},"_links":{"self":[{"href":"https:\/\/www.mysmartevents.fr\/index.php\/wp-json\/wp\/v2\/product\/26061","targetHints":{"allow":["GET"]}}],"collection":[{"href":"https:\/\/www.mysmartevents.fr\/index.php\/wp-json\/wp\/v2\/product"}],"about":[{"href":"https:\/\/www.mysmartevents.fr\/index.php\/wp-json\/wp\/v2\/types\/product"}],"wp:featuredmedia":[{"embeddable":true,"href":"https:\/\/www.mysmartevents.fr\/index.php\/wp-json\/wp\/v2\/media\/26063"}],"wp:attachment":[{"href":"https:\/\/www.mysmartevents.fr\/index.php\/wp-json\/wp\/v2\/media?parent=26061"}],"wp:term":[{"taxonomy":"product_cat","embeddable":true,"href":"https:\/\/www.mysmartevents.fr\/index.php\/wp-json\/wp\/v2\/product_cat?post=26061"},{"taxonomy":"product_tag","embeddable":true,"href":"https:\/\/www.mysmartevents.fr\/index.php\/wp-json\/wp\/v2\/product_tag?post=26061"}],"curies":[{"name":"wp","href":"https:\/\/api.w.org\/{rel}","templated":true}]}}