{"id":26065,"date":"2025-12-16T15:57:01","date_gmt":"2025-12-16T14:57:01","guid":{"rendered":"https:\/\/www.mysmartevents.fr\/?post_type=product&#038;p=26065"},"modified":"2026-02-18T18:45:09","modified_gmt":"2026-02-18T17:45:09","slug":"cible-de-foot-gonflable-ou-flechette-velcro","status":"publish","type":"product","link":"https:\/\/www.mysmartevents.fr\/index.php\/product\/cible-de-foot-gonflable-ou-flechette-velcro\/","title":{"rendered":"Cible de foot gonflable ou flechette velcro"},"content":{"rendered":"<h4><strong>2 jeux en 1 : jeu de fl\u00e9chette gonflable ou cible foot gonflable<\/strong><\/h4>\n<p>Gonflage rapide en 2 minutes : \u00e9quip\u00e9 d&rsquo;un souffleur\u00a0 pour la cible de fl\u00e9chettes gonflable, il ne faut que 6 minutes pour terminer le gonflage, et il reste gonfl\u00e9 pendant toute la dur\u00e9e d&rsquo;utilisation, vous n&rsquo;avez donc pas \u00e0 vous soucier des fuites d&rsquo;air et de l&rsquo;affaissement. De plus, le sac de rangement inclus facilite le rangement et le transport lorsque vous avez fini de jouer<\/p>\n<p>Mat\u00e9riau en tissu Oxford 210D : fabriqu\u00e9 en tissu Oxford de haute qualit\u00e9, ce jeu de fl\u00e9chettes de football gonflable est r\u00e9sistant \u00e0 l&rsquo;usure et durable, pour assurer une utilisation \u00e0 long terme. La surface de la cible est finement cousue et ne tombe pas facilement, ce qui am\u00e9liore la stabilit\u00e9 et la pr\u00e9cision du jeu<\/p>\n<p>Installation facile et s\u00e9curis\u00e9e : l&rsquo;installation est rapide : en quelques minutes, votre cible de football gonflable sera pr\u00eate \u00e0 l&#8217;emploi. Les clous de sol et les cordes fixes inclus fixent la cible au sol pour \u00e9viter tout mouvement lors des lancers violents. Si vous ne pouvez pas la fixer avec un piquet de sol, vous pouvez le faire avec un sac de sable que nous avons fourni pour assurer qu&rsquo;elle ne s&rsquo;incline pas ou ne s&rsquo;effondre pas pendant le jeu<\/p>\n<p>Id\u00e9al pour s&rsquo;amuser en plein air : qu&rsquo;il s&rsquo;agisse d&rsquo;une r\u00e9union de famille, d&rsquo;un barbecue, d&rsquo;un voyage en camping ou d&rsquo;une f\u00eate d&rsquo;anniversaire, ce jeu est un excellent ajout \u00e0 tout \u00e9v\u00e9nement. Le jeu de fl\u00e9chettes de football gonflable g\u00e9ant pour l&rsquo;ext\u00e9rieur est \u00e9galement un cadeau amusant pour les vacances comme la f\u00eate des enfants, No\u00ebl ou le Nouvel An, offrant des heures de divertissement pour tous les \u00e2ges<\/p>\n","protected":false},"excerpt":{"rendered":"<p>2 jeux en 1 : jeu de fl\u00e9chette gonflable ou cible foot gonflable Gonflage rapide en 2 minutes : \u00e9quip\u00e9 d&rsquo;un souffleur\u00a0 pour la cible de fl\u00e9chettes gonflable, il ne faut que 6 minutes pour terminer le gonflage, et il reste gonfl\u00e9 pendant toute la dur\u00e9e d&rsquo;utilisation, vous n&rsquo;avez donc pas \u00e0 vous soucier des [&hellip;]<\/p>\n","protected":false},"featured_media":26066,"template":"","meta":[],"product_cat":[141],"product_tag":[],"class_list":{"0":"post-26065","1":"product","2":"type-product","3":"status-publish","4":"has-post-thumbnail","6":"product_cat-structure-et-chateau-gonflable","8":"first","9":"instock","10":"sale","11":"taxable","12":"shipping-taxable","13":"purchasable","14":"product-type-simple"},"_links":{"self":[{"href":"https:\/\/www.mysmartevents.fr\/index.php\/wp-json\/wp\/v2\/product\/26065","targetHints":{"allow":["GET"]}}],"collection":[{"href":"https:\/\/www.mysmartevents.fr\/index.php\/wp-json\/wp\/v2\/product"}],"about":[{"href":"https:\/\/www.mysmartevents.fr\/index.php\/wp-json\/wp\/v2\/types\/product"}],"wp:featuredmedia":[{"embeddable":true,"href":"https:\/\/www.mysmartevents.fr\/index.php\/wp-json\/wp\/v2\/media\/26066"}],"wp:attachment":[{"href":"https:\/\/www.mysmartevents.fr\/index.php\/wp-json\/wp\/v2\/media?parent=26065"}],"wp:term":[{"taxonomy":"product_cat","embeddable":true,"href":"https:\/\/www.mysmartevents.fr\/index.php\/wp-json\/wp\/v2\/product_cat?post=26065"},{"taxonomy":"product_tag","embeddable":true,"href":"https:\/\/www.mysmartevents.fr\/index.php\/wp-json\/wp\/v2\/product_tag?post=26065"}],"curies":[{"name":"wp","href":"https:\/\/api.w.org\/{rel}","templated":true}]}}