{"id":26072,"date":"2025-12-16T18:23:42","date_gmt":"2025-12-16T17:23:42","guid":{"rendered":"https:\/\/www.mysmartevents.fr\/?post_type=product&#038;p=26072"},"modified":"2025-12-16T18:37:32","modified_gmt":"2025-12-16T17:37:32","slug":"peche-aux-canards-8-enfants","status":"publish","type":"product","link":"https:\/\/www.mysmartevents.fr\/index.php\/product\/peche-aux-canards-8-enfants\/","title":{"rendered":"P\u00eache aux Canards 8 enfants"},"content":{"rendered":"<p><b>Le grand classique des kermesses et f\u00eates foraines !<\/b><\/p>\n<p>Rien de tel qu\u2019une p\u00eache aux canards pour divertir les enfants lors de vos \u00e9v\u00e9nements.<br \/>\nNotre stand color\u00e9, \u00e9quip\u00e9 d\u2019un bassin, de canards flottants et de cannes \u00e0 p\u00eache, est id\u00e9al pour cr\u00e9er une animation ludique et festive.<br \/>\nFacile \u00e0 installer, s\u00e9curis\u00e9 et adapt\u00e9 \u00e0 tous les \u00e2ges, il garantit des \u00e9clats de rire et des petits cadeaux \u00e0 gagner.<br \/>\nParfait pour kermesses, f\u00eates d\u2019\u00e9cole, d\u2019entreprise, march\u00e9s de No\u00ebl ou journ\u00e9es portes ouvertes.<\/p>\n<p>DIMENSIONS : 210 x 100cm<\/p>\n<p><b>Tarifs &amp; conditions de location<\/b><\/p>\n<p>\u2022 <b>\u00a0120\u20ac TTC \/ 24h<\/b><br \/>\n\u2022 Tarif d\u00e9gressif pour les longues dur\u00e9es (coefficient appliqu\u00e9 par jour suppl\u00e9mentaire).<br \/>\n\u2022 <b>Consommables non inclus<\/b> possibilit\u00e9 de commander les petits cadeaux\u2026.\u00a0 \u00a0 \u00a0 \u00a0 \u00a0 \u00a0 \u00a0 \u00a0 \u00a0 \u00a0 \u00a0 \u00a0 \u00a0 \u00a0 \u00a0 \u00a0 \u00a0 \u00a0 \u00a0 \u00a0 \u00a0 \u00a0 \u2022 <b>Nettoyage non inclus<\/b> \u2013 forfait disponible sur demande. Remplissage \u00e0 la charge du client et vidage \u00e9galement.<\/p>\n","protected":false},"excerpt":{"rendered":"<p>Le grand classique des kermesses et f\u00eates foraines ! Rien de tel qu\u2019une p\u00eache aux canards pour divertir les enfants lors de vos \u00e9v\u00e9nements. Notre stand color\u00e9, \u00e9quip\u00e9 d\u2019un bassin, de canards flottants et de cannes \u00e0 p\u00eache, est id\u00e9al pour cr\u00e9er une animation ludique et festive. Facile \u00e0 installer, s\u00e9curis\u00e9 et adapt\u00e9 \u00e0 tous [&hellip;]<\/p>\n","protected":false},"featured_media":25606,"template":"","meta":[],"product_cat":[128,129],"product_tag":[],"class_list":{"0":"post-26072","1":"product","2":"type-product","3":"status-publish","4":"has-post-thumbnail","6":"product_cat-jeux-animations","7":"product_cat-jeux","9":"first","10":"instock","11":"taxable","12":"shipping-taxable","13":"purchasable","14":"product-type-simple"},"_links":{"self":[{"href":"https:\/\/www.mysmartevents.fr\/index.php\/wp-json\/wp\/v2\/product\/26072","targetHints":{"allow":["GET"]}}],"collection":[{"href":"https:\/\/www.mysmartevents.fr\/index.php\/wp-json\/wp\/v2\/product"}],"about":[{"href":"https:\/\/www.mysmartevents.fr\/index.php\/wp-json\/wp\/v2\/types\/product"}],"wp:featuredmedia":[{"embeddable":true,"href":"https:\/\/www.mysmartevents.fr\/index.php\/wp-json\/wp\/v2\/media\/25606"}],"wp:attachment":[{"href":"https:\/\/www.mysmartevents.fr\/index.php\/wp-json\/wp\/v2\/media?parent=26072"}],"wp:term":[{"taxonomy":"product_cat","embeddable":true,"href":"https:\/\/www.mysmartevents.fr\/index.php\/wp-json\/wp\/v2\/product_cat?post=26072"},{"taxonomy":"product_tag","embeddable":true,"href":"https:\/\/www.mysmartevents.fr\/index.php\/wp-json\/wp\/v2\/product_tag?post=26072"}],"curies":[{"name":"wp","href":"https:\/\/api.w.org\/{rel}","templated":true}]}}