{"id":26078,"date":"2025-12-18T14:24:26","date_gmt":"2025-12-18T13:24:26","guid":{"rendered":"https:\/\/www.mysmartevents.fr\/?post_type=product&#038;p=26078"},"modified":"2025-12-18T14:33:33","modified_gmt":"2025-12-18T13:33:33","slug":"chateau-gonflable-savane","status":"publish","type":"product","link":"https:\/\/www.mysmartevents.fr\/index.php\/product\/chateau-gonflable-savane\/","title":{"rendered":"Chateau gonflable Savane"},"content":{"rendered":"<p>Le ch\u00e2teau gonflable savane est tr\u00e8s r\u00e9put\u00e9 gr\u00e2ce \u00e0 ses nombreux animaux tels que le lion, le z\u00e8bre, la girafe et l&rsquo;\u00e9l\u00e9phant. Avec son toboggan, ses couleurs et son design, ce ch\u00e2teau gonflable a tous les atouts \u00eatre appr\u00e9ci\u00e9e.<\/p>\n<p><b>Des heures de jeu et de sauts en toute s\u00e9curit\u00e9 !<\/b><\/p>\n<p>Apportez une touche spectaculaire et sportive \u00e0 votre \u00e9v\u00e9nement avec nos structures gonflables.<br \/>\nCh\u00e2teaux, parcours, toboggans ou ar\u00e8nes : nous proposons un large choix pour toutes les tranches d\u2019\u00e2ge et tous les th\u00e8mes.<br \/>\nFaciles \u00e0 installer, livr\u00e9es avec soufflerie, tapis de s\u00e9curit\u00e9 et piquets d\u2019ancrage, elles garantissent des heures d\u2019amusement en toute s\u00e9curit\u00e9.<\/p>\n<p>Id\u00e9al pour anniversaires, f\u00eates scolaires, \u00e9v\u00e9nements publics ou journ\u00e9es d\u2019entreprise.<\/p>\n<p>Fabriqu\u00e9 en PVC robuste (0,55 mm \/ 621,3 g\/m\u00b2) et certifi\u00e9 selon la norme DIN EN 14960, le Ch\u00e2teau Gonflable Animaux de la jungle avec toboggan est un produit de qualit\u00e9 qui r\u00e9pond aux normes de s\u00e9curit\u00e9 les plus strictes.<\/p>\n<p>Dimensions : 5 x 4m H 3,9m.\u00a0 \u00a0 \u00a0 \u00a0 \u00a0 \u00a0 \u00a0 \u00a0 \u00a0 \u00a0 \u00a0 \u00a0 \u00a0 \u00a0 \u00a0 \u00a0 \u00a0 \u00a0 \u00a0 \u00a0 \u00a0 \u00a0 \u00a0 \u00a0 \u00a0 \u00a0 \u00a0 \u00a0 \u00a0 \u00a0 \u00a0 \u00a0 \u00a0 \u00a0 \u00a0 \u00a0 \u00a0 \u00a0 \u00a0 \u00a0 \u00a0 \u00a0 \u00a0 \u00a0 \u00a0 \u00a0 \u00a0 \u00a0 \u00a0 \u00a0 \u00a0 \u00a0 \u00a0 \u00a0 \u00a0 \u00a0 \u00a0 \u00a0 \u00a0 \u00a0 \u00a0 Convient pour 8\/10 enfants max.\u00a0 \u00a0 \u00a0 \u00a0 \u00a0 \u00a0 \u00a0 \u00a0 \u00a0 \u00a0 \u00a0 \u00a0 \u00a0 \u00a0 \u00a0 \u00a0 \u00a0 \u00a0 \u00a0 \u00a0 \u00a0 \u00a0 \u00a0 \u00a0 \u00a0 \u00a0 \u00a0 \u00a0 \u00a0 \u00a0 \u00a0 \u00a0 \u00a0 \u00a0 \u00a0 \u00a0 \u00a0 \u00a0 \u00a0 \u00a0 \u00a0 \u00a0 \u00a0 \u00a0 \u00a0 \u00a0 \u00a0 \u00a0 \u00a0 \u00a0 \u00a0 \u00a0 \u00a0 \u00a0 \u00a0 \u00a0 \u00a0 \u00a0 \u00a0 \u00a0 \u00a0 \u00a0 Age 3\/12 ans<\/p>\n<p><b>Tarifs &amp; conditions de location<\/b><\/p>\n<p>\u2022 <b>\u00a0250\u20ac TTC \/ 24h<\/b><br \/>\n\u2022 Tarif d\u00e9gressif pour les longues dur\u00e9es (coefficient appliqu\u00e9 par jour suppl\u00e9mentaire).<br \/>\n\u2022 <b>Pause et d\u00e9pose inclues. Livraison en compl\u00e9ment. OBLIGATOIRE.<\/b><\/p>\n<p>&nbsp;<\/p>\n","protected":false},"excerpt":{"rendered":"<p>Le ch\u00e2teau gonflable savane est tr\u00e8s r\u00e9put\u00e9 gr\u00e2ce \u00e0 ses nombreux animaux tels que le lion, le z\u00e8bre, la girafe et l&rsquo;\u00e9l\u00e9phant. Avec son toboggan, ses couleurs et son design, ce ch\u00e2teau gonflable a tous les atouts \u00eatre appr\u00e9ci\u00e9e. Des heures de jeu et de sauts en toute s\u00e9curit\u00e9 ! Apportez une touche spectaculaire et [&hellip;]<\/p>\n","protected":false},"featured_media":25605,"template":"","meta":[],"product_cat":[128,141],"product_tag":[],"class_list":{"0":"post-26078","1":"product","2":"type-product","3":"status-publish","4":"has-post-thumbnail","6":"product_cat-jeux-animations","7":"product_cat-structure-et-chateau-gonflable","9":"first","10":"instock","11":"taxable","12":"shipping-taxable","13":"purchasable","14":"product-type-simple"},"_links":{"self":[{"href":"https:\/\/www.mysmartevents.fr\/index.php\/wp-json\/wp\/v2\/product\/26078","targetHints":{"allow":["GET"]}}],"collection":[{"href":"https:\/\/www.mysmartevents.fr\/index.php\/wp-json\/wp\/v2\/product"}],"about":[{"href":"https:\/\/www.mysmartevents.fr\/index.php\/wp-json\/wp\/v2\/types\/product"}],"wp:featuredmedia":[{"embeddable":true,"href":"https:\/\/www.mysmartevents.fr\/index.php\/wp-json\/wp\/v2\/media\/25605"}],"wp:attachment":[{"href":"https:\/\/www.mysmartevents.fr\/index.php\/wp-json\/wp\/v2\/media?parent=26078"}],"wp:term":[{"taxonomy":"product_cat","embeddable":true,"href":"https:\/\/www.mysmartevents.fr\/index.php\/wp-json\/wp\/v2\/product_cat?post=26078"},{"taxonomy":"product_tag","embeddable":true,"href":"https:\/\/www.mysmartevents.fr\/index.php\/wp-json\/wp\/v2\/product_tag?post=26078"}],"curies":[{"name":"wp","href":"https:\/\/api.w.org\/{rel}","templated":true}]}}