{"id":26079,"date":"2025-12-18T14:33:49","date_gmt":"2025-12-18T13:33:49","guid":{"rendered":"https:\/\/www.mysmartevents.fr\/?post_type=product&#038;p=26079"},"modified":"2025-12-18T15:02:45","modified_gmt":"2025-12-18T14:02:45","slug":"chateau-gonflable-chateau-fort","status":"publish","type":"product","link":"https:\/\/www.mysmartevents.fr\/index.php\/product\/chateau-gonflable-chateau-fort\/","title":{"rendered":"Chateau gonflable Chateau Fort"},"content":{"rendered":"<h3>Le ch\u00e2teau fort gonflable, une structure incroyable !<\/h3>\n<p>Cette structure gonflable en forme de ch\u00e2teau fort digne des plus beaux \u00e9difices du moyen \u00e2ge comblera \u00e0 coup s\u00fbr vos enfants.<\/p>\n<p>Certainement le ch\u00e2teau gonflable le plus complet de notre catalogue, celui-ci comprend un toit couvert permettant de jouer m\u00eame en cas de pluie, de multiples obstacles pour jouer et s\u2019amuser, un toboggan pour une animation plus fun, et des espaces pour escalader.<\/p>\n<p>Le ch\u00e2teau fort gonflable propose un th\u00e8me mixte, qui conviendra aussi bien aux filles, qu\u2019aux gar\u00e7ons.<\/p>\n<p>La location comprend : la structure gonflable ainsi que sa soufflerie et ses accessoires (sac de lests, b\u00e2che de protection)<\/p>\n<p><b>Des heures de jeu et de sauts en toute s\u00e9curit\u00e9 !<\/b><\/p>\n<p>Apportez une touche spectaculaire et sportive \u00e0 votre \u00e9v\u00e9nement avec nos structures gonflables.<br \/>\nCh\u00e2teaux, parcours, toboggans ou ar\u00e8nes : nous proposons un large choix pour toutes les tranches d\u2019\u00e2ge et tous les th\u00e8mes.<br \/>\nFaciles \u00e0 installer, livr\u00e9es avec soufflerie, tapis de s\u00e9curit\u00e9 et piquets d\u2019ancrage, elles garantissent des heures d\u2019amusement en toute s\u00e9curit\u00e9.<\/p>\n<p>Id\u00e9al pour anniversaires, f\u00eates scolaires, \u00e9v\u00e9nements publics ou journ\u00e9es d\u2019entreprise.<\/p>\n<p>&nbsp;<\/p>\n<p>Dimensions : 5 x 5,4m H 3,9m.\u00a0 \u00a0 \u00a0 \u00a0 \u00a0 \u00a0 \u00a0 \u00a0 \u00a0 \u00a0 \u00a0 \u00a0 \u00a0 \u00a0 \u00a0 \u00a0 \u00a0 \u00a0 \u00a0 \u00a0 \u00a0 \u00a0 \u00a0 \u00a0 \u00a0 \u00a0 \u00a0 \u00a0 \u00a0 \u00a0 \u00a0 \u00a0 \u00a0 \u00a0 \u00a0 \u00a0 \u00a0 \u00a0 \u00a0 \u00a0 \u00a0 \u00a0 \u00a0 \u00a0 \u00a0 \u00a0 \u00a0 \u00a0 \u00a0 \u00a0 \u00a0 \u00a0 \u00a0 \u00a0 \u00a0 \u00a0 \u00a0 \u00a0 \u00a0 \u00a0 \u00a0 Convient pour 10\/12 enfants max.\u00a0 \u00a0 \u00a0 \u00a0 \u00a0 \u00a0 \u00a0 \u00a0 \u00a0 \u00a0 \u00a0 \u00a0 \u00a0 \u00a0 \u00a0 \u00a0 \u00a0 \u00a0 \u00a0 \u00a0 \u00a0 \u00a0 \u00a0 \u00a0 \u00a0 \u00a0 \u00a0 \u00a0 \u00a0 \u00a0 \u00a0 \u00a0 \u00a0 \u00a0 \u00a0 \u00a0 \u00a0 \u00a0 \u00a0 \u00a0 \u00a0 \u00a0 \u00a0 \u00a0 \u00a0 \u00a0 \u00a0 \u00a0 \u00a0 \u00a0 \u00a0 \u00a0 \u00a0 \u00a0 \u00a0 \u00a0 \u00a0 \u00a0 \u00a0 \u00a0 \u00a0 \u00a0 Age 3\/12 ans<\/p>\n<p><b>Tarifs &amp; conditions de location<\/b><\/p>\n<p>\u2022 <b>\u00a0350\u20ac TTC \/ 24h<\/b><br \/>\n\u2022 Tarif d\u00e9gressif pour les longues dur\u00e9es (coefficient appliqu\u00e9 par jour suppl\u00e9mentaire).<br \/>\n\u2022 <b>Pause et d\u00e9pose inclues. Livraison en compl\u00e9ment. OBLIGATOIRE.<\/b><\/p>\n<p>&nbsp;<\/p>\n","protected":false},"excerpt":{"rendered":"<p>Le ch\u00e2teau fort gonflable, une structure incroyable ! Cette structure gonflable en forme de ch\u00e2teau fort digne des plus beaux \u00e9difices du moyen \u00e2ge comblera \u00e0 coup s\u00fbr vos enfants. Certainement le ch\u00e2teau gonflable le plus complet de notre catalogue, celui-ci comprend un toit couvert permettant de jouer m\u00eame en cas de pluie, de multiples [&hellip;]<\/p>\n","protected":false},"featured_media":26080,"template":"","meta":[],"product_cat":[128,141],"product_tag":[],"class_list":{"0":"post-26079","1":"product","2":"type-product","3":"status-publish","4":"has-post-thumbnail","6":"product_cat-jeux-animations","7":"product_cat-structure-et-chateau-gonflable","9":"first","10":"instock","11":"taxable","12":"shipping-taxable","13":"purchasable","14":"product-type-simple"},"_links":{"self":[{"href":"https:\/\/www.mysmartevents.fr\/index.php\/wp-json\/wp\/v2\/product\/26079","targetHints":{"allow":["GET"]}}],"collection":[{"href":"https:\/\/www.mysmartevents.fr\/index.php\/wp-json\/wp\/v2\/product"}],"about":[{"href":"https:\/\/www.mysmartevents.fr\/index.php\/wp-json\/wp\/v2\/types\/product"}],"wp:featuredmedia":[{"embeddable":true,"href":"https:\/\/www.mysmartevents.fr\/index.php\/wp-json\/wp\/v2\/media\/26080"}],"wp:attachment":[{"href":"https:\/\/www.mysmartevents.fr\/index.php\/wp-json\/wp\/v2\/media?parent=26079"}],"wp:term":[{"taxonomy":"product_cat","embeddable":true,"href":"https:\/\/www.mysmartevents.fr\/index.php\/wp-json\/wp\/v2\/product_cat?post=26079"},{"taxonomy":"product_tag","embeddable":true,"href":"https:\/\/www.mysmartevents.fr\/index.php\/wp-json\/wp\/v2\/product_tag?post=26079"}],"curies":[{"name":"wp","href":"https:\/\/api.w.org\/{rel}","templated":true}]}}