{"id":26088,"date":"2026-01-07T13:58:36","date_gmt":"2026-01-07T12:58:36","guid":{"rendered":"https:\/\/www.mysmartevents.fr\/?post_type=product&#038;p=26088"},"modified":"2026-01-07T14:29:56","modified_gmt":"2026-01-07T13:29:56","slug":"structure-gonflable-tobogan-double-piscine-2000-balles","status":"publish","type":"product","link":"https:\/\/www.mysmartevents.fr\/index.php\/product\/structure-gonflable-tobogan-double-piscine-2000-balles\/","title":{"rendered":"Structure gonflable tobogan double + piscine 2000 balles"},"content":{"rendered":"<h4><strong>Ce double toboggan Gonflable Rivi\u00e8res Rapides est incroyable<\/strong><\/h4>\n<p>Descendez les chutes vertigineuses du Toboggan Gonflable Rivi\u00e8res Rapides ! Cette structure gonflable de 6 m de hauteur et de 12 m de long vous fera vivre de grands moments de fou-rire et de sensations fortes !<\/p>\n<p>Ce toboggan aquatique ou \u00e0 balles ne passe pas inaper\u00e7u. Ses couleurs et sa forme rappellent un univers sauvage et myst\u00e9rieux. Les fa\u00e7ades ext\u00e9rieures de la structure ressemblent \u00e0 des gros rondins de bois avec de la pierre. La piste pour descendre est color\u00e9e de bleu comme une rivi\u00e8re d\u00e9cha\u00een\u00e9e ! Pour rendre le\u00a0<strong>jeu aquatique<\/strong> encore plus r\u00e9aliste.\u00a0 \u00a0 \u00a0 \u00a0 \u00a0 \u00a0 \u00a0 \u00a0 \u00a0 \u00a0 \u00a0 \u00a0 \u00a0 \u00a0 \u00a0 \u00a0 \u00a0 \u00a0 \u00a0 \u00a0 \u00a0 \u00a0 \u00a0 \u00a0 \u00a0 \u00a0 \u00a0 \u00a0 \u00a0 \u00a0 \u00a0 \u00a0 \u00a0 \u00a0 \u00a0 \u00a0 \u00a0 \u00a0 \u00a0 \u00a0 \u00a0 \u00a0 \u00a0 \u00a0 \u00a0 \u00a0 \u00a0 \u00a0 \u00a0Cette th\u00e9matique mixte plaira autant aux enfants qu\u2019aux adultes.<\/p>\n<p>La location comprend : la structure gonflable ainsi que sa soufflerie et ses accessoires (sac de lests, piquets d&rsquo;encrage, b\u00e2che de protection)<\/p>\n<p><b>Des heures de jeu et de sauts en toute s\u00e9curit\u00e9 !<\/b><\/p>\n<p>Apportez une touche spectaculaire et sportive \u00e0 votre \u00e9v\u00e9nement avec nos structures gonflables.<br \/>\nCh\u00e2teaux, parcours, toboggans ou ar\u00e8nes : nous proposons un large choix pour toutes les tranches d\u2019\u00e2ge et tous les th\u00e8mes.<br \/>\nFaciles \u00e0 installer, livr\u00e9es avec soufflerie, tapis de s\u00e9curit\u00e9 et piquets d\u2019ancrage, elles garantissent des heures d\u2019amusement en toute s\u00e9curit\u00e9.<\/p>\n<p>Id\u00e9al pour anniversaires, f\u00eates scolaires, \u00e9v\u00e9nements publics ou journ\u00e9es d\u2019entreprise.<\/p>\n<p><strong>Dimensions : L 3 x P 12 x H 6m\u00a0 \u00a0 \u00a0 \u00a0 \u00a0 \u00a0 \u00a0 \u00a0 \u00a0 \u00a0 \u00a0 \u00a0 \u00a0 \u00a0 \u00a0 \u00a0 \u00a0 \u00a0 \u00a0 \u00a0 \u00a0 \u00a0 \u00a0 \u00a0 \u00a0 \u00a0 \u00a0 \u00a0 \u00a0 \u00a0 \u00a0 \u00a0 \u00a0 \u00a0 \u00a0 \u00a0 \u00a0 \u00a0 \u00a0 \u00a0 \u00a0 \u00a0 \u00a0 \u00a0 \u00a0 \u00a0 \u00a0 \u00a0 \u00a0 \u00a0 \u00a0 \u00a0 \u00a0 \u00a0 \u00a0 \u00a0 Convient pour 10\/12 enfants max.\u00a0 \u00a0 \u00a0 \u00a0 \u00a0 \u00a0 \u00a0 \u00a0 \u00a0 \u00a0 \u00a0 \u00a0 \u00a0 \u00a0 \u00a0 \u00a0 \u00a0 \u00a0 \u00a0 \u00a0 \u00a0 \u00a0 \u00a0 \u00a0 \u00a0 \u00a0 \u00a0 \u00a0 \u00a0 \u00a0 \u00a0 \u00a0 \u00a0 \u00a0 \u00a0 \u00a0 \u00a0 \u00a0 \u00a0 \u00a0 \u00a0 \u00a0 \u00a0 \u00a0 \u00a0 \u00a0 \u00a0 \u00a0 \u00a0 \u00a0 \u00a0 \u00a0 \u00a0 \u00a0 \u00a0 \u00a0 \u00a0Age : \u00e0 partir de 6 ans\u00a0 \u00a0 \u00a0 \u00a0 \u00a0 \u00a0 \u00a0 \u00a0 \u00a0 \u00a0 \u00a0 \u00a0 \u00a0 \u00a0 \u00a0 \u00a0 \u00a0 \u00a0 \u00a0 \u00a0 \u00a0 \u00a0 \u00a0 \u00a0 \u00a0 \u00a0 \u00a0 \u00a0 \u00a0 \u00a0 \u00a0 \u00a0 \u00a0 \u00a0 \u00a0 \u00a0 \u00a0 \u00a0 \u00a0 \u00a0 \u00a0 \u00a0 \u00a0 \u00a0 \u00a0 \u00a0 \u00a0 \u00a0 \u00a0 \u00a0 \u00a0 \u00a0 \u00a0 \u00a0 \u00a0 \u00a0 \u00a0 \u00a0 \u00a0 \u00a0 \u00a0 \u00a0 \u00a0<\/strong><strong>2000 balles incluses<\/strong><\/p>\n<p><b>Tarifs &amp; conditions de location<\/b><\/p>\n<p>\u2022 <b>\u00a0700\u20ac TTC \/ 24h<\/b><br \/>\n\u2022 Tarif d\u00e9gressif pour les longues dur\u00e9es (coefficient appliqu\u00e9 par jour suppl\u00e9mentaire).<br \/>\n\u2022 <b>Pause et d\u00e9pose inclues. Livraison en compl\u00e9ment. OBLIGATOIRE.<\/b><\/p>\n","protected":false},"excerpt":{"rendered":"<p>Ce double toboggan Gonflable Rivi\u00e8res Rapides est incroyable Descendez les chutes vertigineuses du Toboggan Gonflable Rivi\u00e8res Rapides ! Cette structure gonflable de 6 m de hauteur et de 12 m de long vous fera vivre de grands moments de fou-rire et de sensations fortes ! Ce toboggan aquatique ou \u00e0 balles ne passe pas inaper\u00e7u. [&hellip;]<\/p>\n","protected":false},"featured_media":26086,"template":"","meta":[],"product_cat":[128,141],"product_tag":[],"class_list":{"0":"post-26088","1":"product","2":"type-product","3":"status-publish","4":"has-post-thumbnail","6":"product_cat-jeux-animations","7":"product_cat-structure-et-chateau-gonflable","9":"first","10":"instock","11":"taxable","12":"shipping-taxable","13":"purchasable","14":"product-type-simple"},"_links":{"self":[{"href":"https:\/\/www.mysmartevents.fr\/index.php\/wp-json\/wp\/v2\/product\/26088","targetHints":{"allow":["GET"]}}],"collection":[{"href":"https:\/\/www.mysmartevents.fr\/index.php\/wp-json\/wp\/v2\/product"}],"about":[{"href":"https:\/\/www.mysmartevents.fr\/index.php\/wp-json\/wp\/v2\/types\/product"}],"wp:featuredmedia":[{"embeddable":true,"href":"https:\/\/www.mysmartevents.fr\/index.php\/wp-json\/wp\/v2\/media\/26086"}],"wp:attachment":[{"href":"https:\/\/www.mysmartevents.fr\/index.php\/wp-json\/wp\/v2\/media?parent=26088"}],"wp:term":[{"taxonomy":"product_cat","embeddable":true,"href":"https:\/\/www.mysmartevents.fr\/index.php\/wp-json\/wp\/v2\/product_cat?post=26088"},{"taxonomy":"product_tag","embeddable":true,"href":"https:\/\/www.mysmartevents.fr\/index.php\/wp-json\/wp\/v2\/product_tag?post=26088"}],"curies":[{"name":"wp","href":"https:\/\/api.w.org\/{rel}","templated":true}]}}