{"id":26101,"date":"2026-01-07T14:53:51","date_gmt":"2026-01-07T13:53:51","guid":{"rendered":"https:\/\/www.mysmartevents.fr\/?post_type=product&#038;p=26101"},"modified":"2026-01-07T15:16:09","modified_gmt":"2026-01-07T14:16:09","slug":"petite-forteresse-dragon","status":"publish","type":"product","link":"https:\/\/www.mysmartevents.fr\/index.php\/product\/petite-forteresse-dragon\/","title":{"rendered":"Petite Forteresse dragon"},"content":{"rendered":"<h3><strong>Le Parcours Gonflable Donjon Dragon<\/strong>.<\/h3>\n<p>&nbsp;<\/p>\n<p>Nous vous proposons de profiter de nos structures GEANTE format r\u00e9duit, pour garantir un max de fun pour les plus petit budget et plus petit espace.<\/p>\n<p>Avec son format g\u00e9ant et son design inspir\u00e9 des univers m\u00e9di\u00e9vaux &#8211; fantastiques, ce <strong>parcours gonflable<\/strong> deviendra rapidement le terrain de jeu incontournable de votre parc de loisirs. D\u00e9di\u00e9 \u00e0 un large public, cette structure gonflable g\u00e9ante propose de multiples zones d&rsquo;activit\u00e9s pour des heures de jeux illimit\u00e9es.<\/p>\n<h4><strong>UN PARCOURS GONFLABLE G\u00c9ANT POUR APPRENTIS NINJA<\/strong><\/h4>\n<p>Avec ses 15 m\u00e8tres de long et ses multiples aires de jeu, les enfants pourront s&rsquo;amuser \u00e0\u00a0<strong>ramper<\/strong>,\u00a0<strong>sauter<\/strong>,\u00a0<strong>glisser<\/strong>\u00a0et multiplier les\u00a0<strong>pirouettes<\/strong>\u00a0en toute s\u00e9curit\u00e9. Apr\u00e8s avoir grimp\u00e9 et d\u00e9val\u00e9 une premi\u00e8re piste de glisse, les joueurs franchiront un parcours d&rsquo;obstacles verticaux g\u00e9ants. Sous l&rsquo;oeil d&rsquo;un\u00a0<strong>dragon gonflable g\u00e9ant<\/strong>, ils p\u00e9n\u00e8treront ensuite dans le donjon, escaladeront un mur de grimpe grand format et glisseront sur un toboggan \u00e0 pleine vitesse. Le Parcours Gonflable Donjon Dragon peut accueillir jusqu&rsquo;\u00e0 40 personnes en flux continu.<\/p>\n<p>&nbsp;<\/p>\n<p><strong>Dimensions : L 4 x P 8 x H 5m\u00a0 \u00a0 \u00a0 \u00a0 \u00a0 \u00a0 \u00a0 \u00a0 \u00a0 \u00a0 \u00a0 \u00a0 \u00a0 \u00a0 \u00a0 \u00a0 \u00a0 \u00a0 \u00a0 \u00a0 \u00a0 \u00a0 \u00a0 \u00a0 \u00a0 \u00a0 \u00a0 \u00a0 \u00a0 \u00a0 \u00a0 \u00a0 \u00a0 \u00a0 \u00a0 \u00a0 \u00a0 \u00a0 \u00a0 \u00a0 \u00a0 \u00a0 \u00a0 \u00a0 \u00a0 \u00a0 \u00a0 \u00a0 \u00a0 \u00a0 \u00a0 \u00a0 \u00a0 \u00a0 \u00a0 \u00a0 Convient pour 25 enfants max.\u00a0 \u00a0 \u00a0 \u00a0 \u00a0 \u00a0 \u00a0 \u00a0 \u00a0 \u00a0 \u00a0 \u00a0 \u00a0 \u00a0 \u00a0 \u00a0 \u00a0 \u00a0 \u00a0 \u00a0 \u00a0 \u00a0 \u00a0 \u00a0 \u00a0 \u00a0 \u00a0 \u00a0 \u00a0 \u00a0 \u00a0 \u00a0 \u00a0 \u00a0 \u00a0 \u00a0 \u00a0 \u00a0 \u00a0 \u00a0 \u00a0 \u00a0 \u00a0 \u00a0 \u00a0 \u00a0 \u00a0 \u00a0 \u00a0 \u00a0 \u00a0 \u00a0 \u00a0 \u00a0 \u00a0 \u00a0 Age : \u00e0 partir de 6 ans\u00a0 \u00a0 \u00a0 \u00a0 \u00a0 \u00a0 \u00a0 \u00a0 \u00a0 \u00a0 \u00a0 \u00a0 \u00a0 \u00a0 \u00a0 \u00a0 \u00a0 \u00a0 \u00a0 \u00a0 \u00a0 \u00a0 \u00a0 \u00a0 \u00a0 \u00a0 \u00a0 \u00a0 \u00a0 \u00a0 \u00a0 \u00a0 \u00a0 \u00a0 \u00a0 \u00a0 \u00a0 \u00a0 \u00a0 \u00a0 \u00a0 \u00a0 \u00a0 \u00a0 \u00a0 \u00a0 \u00a0 \u00a0 \u00a0 \u00a0 \u00a0 \u00a0 \u00a0 \u00a0 \u00a0 \u00a0 \u00a0 \u00a0 \u00a0 \u00a0 \u00a0 \u00a0\u00a0<\/strong><\/p>\n<p><b>Tarifs &amp; conditions de location<\/b><\/p>\n<p>\u2022 <b>\u00a0450\u20ac TTC \/ 24h<\/b><br \/>\n\u2022 Tarif d\u00e9gressif pour les longues dur\u00e9es (coefficient appliqu\u00e9 par jour suppl\u00e9mentaire).<br \/>\n\u2022 <b>Pause et d\u00e9pose inclues. Livraison en compl\u00e9ment. OBLIGATOIRE.<\/b><\/p>\n","protected":false},"excerpt":{"rendered":"<p>Le Parcours Gonflable Donjon Dragon. &nbsp; Nous vous proposons de profiter de nos structures GEANTE format r\u00e9duit, pour garantir un max de fun pour les plus petit budget et plus petit espace. Avec son format g\u00e9ant et son design inspir\u00e9 des univers m\u00e9di\u00e9vaux &#8211; fantastiques, ce parcours gonflable deviendra rapidement le terrain de jeu incontournable [&hellip;]<\/p>\n","protected":false},"featured_media":26104,"template":"","meta":[],"product_cat":[128,141],"product_tag":[],"class_list":{"0":"post-26101","1":"product","2":"type-product","3":"status-publish","4":"has-post-thumbnail","6":"product_cat-jeux-animations","7":"product_cat-structure-et-chateau-gonflable","9":"first","10":"instock","11":"taxable","12":"shipping-taxable","13":"purchasable","14":"product-type-simple"},"_links":{"self":[{"href":"https:\/\/www.mysmartevents.fr\/index.php\/wp-json\/wp\/v2\/product\/26101","targetHints":{"allow":["GET"]}}],"collection":[{"href":"https:\/\/www.mysmartevents.fr\/index.php\/wp-json\/wp\/v2\/product"}],"about":[{"href":"https:\/\/www.mysmartevents.fr\/index.php\/wp-json\/wp\/v2\/types\/product"}],"wp:featuredmedia":[{"embeddable":true,"href":"https:\/\/www.mysmartevents.fr\/index.php\/wp-json\/wp\/v2\/media\/26104"}],"wp:attachment":[{"href":"https:\/\/www.mysmartevents.fr\/index.php\/wp-json\/wp\/v2\/media?parent=26101"}],"wp:term":[{"taxonomy":"product_cat","embeddable":true,"href":"https:\/\/www.mysmartevents.fr\/index.php\/wp-json\/wp\/v2\/product_cat?post=26101"},{"taxonomy":"product_tag","embeddable":true,"href":"https:\/\/www.mysmartevents.fr\/index.php\/wp-json\/wp\/v2\/product_tag?post=26101"}],"curies":[{"name":"wp","href":"https:\/\/api.w.org\/{rel}","templated":true}]}}