{"id":26117,"date":"2026-01-07T19:33:02","date_gmt":"2026-01-07T18:33:02","guid":{"rendered":"https:\/\/www.mysmartevents.fr\/?post_type=product&#038;p=26117"},"modified":"2026-02-18T19:16:18","modified_gmt":"2026-02-18T18:16:18","slug":"machine-a-pince-attrape-peluche","status":"publish","type":"product","link":"https:\/\/www.mysmartevents.fr\/index.php\/product\/machine-a-pince-attrape-peluche\/","title":{"rendered":"Machine \u00e0 pince attrape-peluche"},"content":{"rendered":"<p>Transformez vos \u00e9v\u00e9nements en v\u00e9ritables f\u00eates foraines avec notre machine \u00e0 pince ! Que ce soit pour un anniversaire, une f\u00eate d\u2019entreprise ou une kermesse, ce jeu embl\u00e9matique fera le bonheur des petits et des grands en leur offrant la chance de remporter des peluches et des surprises. Pr\u00e9parez-vous \u00e0 des moments de convivialit\u00e9 et de comp\u00e9tition amicale.<\/p>\n<p><b>Tarifs &amp; conditions de location<\/b><\/p>\n<p>\u2022 <b>350 \u20ac TTC \/ 24h\u00a0<\/b><br \/>\n\u2022 Tarif d\u00e9gressif pour les longues dur\u00e9es (coefficient appliqu\u00e9 par jour suppl\u00e9mentaire).<br \/>\n\u2022 <b>Consommables non inclus<\/b> possibilit\u00e9 de commander les petits cadeaux\u2026<br \/>\n\u2022 <b>Nettoyage non inclus<\/b> \u2013 forfait disponible sur demande. Remplissage \u00e0 la charge du client et vidage \u00e9galement.<\/p>\n","protected":false},"excerpt":{"rendered":"<p>Transformez vos \u00e9v\u00e9nements en v\u00e9ritables f\u00eates foraines avec notre machine \u00e0 pince ! Que ce soit pour un anniversaire, une f\u00eate d\u2019entreprise ou une kermesse, ce jeu embl\u00e9matique fera le bonheur des petits et des grands en leur offrant la chance de remporter des peluches et des surprises. Pr\u00e9parez-vous \u00e0 des moments de convivialit\u00e9 et [&hellip;]<\/p>\n","protected":false},"featured_media":26118,"template":"","meta":[],"product_cat":[128,129],"product_tag":[],"class_list":{"0":"post-26117","1":"product","2":"type-product","3":"status-publish","4":"has-post-thumbnail","6":"product_cat-jeux-animations","7":"product_cat-jeux","9":"first","10":"instock","11":"sale","12":"taxable","13":"shipping-taxable","14":"purchasable","15":"product-type-simple"},"_links":{"self":[{"href":"https:\/\/www.mysmartevents.fr\/index.php\/wp-json\/wp\/v2\/product\/26117","targetHints":{"allow":["GET"]}}],"collection":[{"href":"https:\/\/www.mysmartevents.fr\/index.php\/wp-json\/wp\/v2\/product"}],"about":[{"href":"https:\/\/www.mysmartevents.fr\/index.php\/wp-json\/wp\/v2\/types\/product"}],"wp:featuredmedia":[{"embeddable":true,"href":"https:\/\/www.mysmartevents.fr\/index.php\/wp-json\/wp\/v2\/media\/26118"}],"wp:attachment":[{"href":"https:\/\/www.mysmartevents.fr\/index.php\/wp-json\/wp\/v2\/media?parent=26117"}],"wp:term":[{"taxonomy":"product_cat","embeddable":true,"href":"https:\/\/www.mysmartevents.fr\/index.php\/wp-json\/wp\/v2\/product_cat?post=26117"},{"taxonomy":"product_tag","embeddable":true,"href":"https:\/\/www.mysmartevents.fr\/index.php\/wp-json\/wp\/v2\/product_tag?post=26117"}],"curies":[{"name":"wp","href":"https:\/\/api.w.org\/{rel}","templated":true}]}}