{"id":26121,"date":"2026-01-07T20:11:12","date_gmt":"2026-01-07T19:11:12","guid":{"rendered":"https:\/\/www.mysmartevents.fr\/?post_type=product&#038;p=26121"},"modified":"2026-01-07T20:21:41","modified_gmt":"2026-01-07T19:21:41","slug":"table-de-air-hockey","status":"publish","type":"product","link":"https:\/\/www.mysmartevents.fr\/index.php\/product\/table-de-air-hockey\/","title":{"rendered":"Table de Air-hockey"},"content":{"rendered":"<p><strong>Louez votre air hockey et faites monter l\u2019adr\u00e9naline !<\/strong><\/p>\n<p>Lancez vous sur notre jeu de Air hockey qui va vous rappelez les ambiances salle de jeux.<\/p>\n<p>Le Air Hockey , appel\u00e9 \u00e9galement jeu de palet \u00e9lectronique, met en comp\u00e9tition deux joueurs, face \u00e0 face.<br \/>\nL\u2019objectif du jeu est de marquer le plus grand nombre de points possible en propulsant le palet dans les buts de l\u2019adversaire et ce, avant la fin du temps imparti.<\/p>\n<p>En choisissant de louer un Air Hockey pour votre prochain \u00e9v\u00e9nement d\u2019entreprise ou votre soir\u00e9e priv\u00e9e, vous optez pour un jeu r\u00e9solument attractif et excitant pour tous, quel que soit le profil des joueurs. Le Air Hockey remporte un v\u00e9ritable succ\u00e8s car ses r\u00e8gles sont simples et \u00e0 la port\u00e9e de tous. Pour satisfaire vos demandes, nous mettons \u00e0 votre disposition un parc de jeux de Air Hockey professionnels. Tous nos Air Hockey sont \u00e9quip\u00e9s d\u2019un plateau ventil\u00e9 et d\u2019une arche avec affichage \u00e9lectronique qui actualise le score \u00e0 chaque but marqu\u00e9.<br \/>\nAvec la location Air Hockey, vous avez la garantie de marquer les esprits lors d\u2019une soir\u00e9e d\u2019entreprise,<br \/>\nd\u2019un team building ou plus g\u00e9n\u00e9ralement d\u2019une animation evenmentielle<\/p>\n<p>&nbsp;<\/p>\n<p><b>Tarifs &amp; conditions de location<\/b><\/p>\n<p>\u2022 <b>250 \u20ac TTC \/ 24h\u00a0<\/b><br \/>\n\u2022 Tarif d\u00e9gressif pour les longues dur\u00e9es (coefficient appliqu\u00e9 par jour suppl\u00e9mentaire).<br \/>\n\u2022 <b>Consommables non inclus<\/b> possibilit\u00e9 de commander les petits cadeaux\u2026<br \/>\n\u2022 <b>Nettoyage non inclus<\/b> \u2013 forfait disponible sur demande. Remplissage \u00e0 la charge du client et vidage \u00e9galement.<\/p>\n","protected":false},"excerpt":{"rendered":"<p>Louez votre air hockey et faites monter l\u2019adr\u00e9naline ! Lancez vous sur notre jeu de Air hockey qui va vous rappelez les ambiances salle de jeux. Le Air Hockey , appel\u00e9 \u00e9galement jeu de palet \u00e9lectronique, met en comp\u00e9tition deux joueurs, face \u00e0 face. L\u2019objectif du jeu est de marquer le plus grand nombre de [&hellip;]<\/p>\n","protected":false},"featured_media":26122,"template":"","meta":[],"product_cat":[128,129],"product_tag":[],"class_list":{"0":"post-26121","1":"product","2":"type-product","3":"status-publish","4":"has-post-thumbnail","6":"product_cat-jeux-animations","7":"product_cat-jeux","9":"first","10":"instock","11":"taxable","12":"shipping-taxable","13":"purchasable","14":"product-type-simple"},"_links":{"self":[{"href":"https:\/\/www.mysmartevents.fr\/index.php\/wp-json\/wp\/v2\/product\/26121","targetHints":{"allow":["GET"]}}],"collection":[{"href":"https:\/\/www.mysmartevents.fr\/index.php\/wp-json\/wp\/v2\/product"}],"about":[{"href":"https:\/\/www.mysmartevents.fr\/index.php\/wp-json\/wp\/v2\/types\/product"}],"wp:featuredmedia":[{"embeddable":true,"href":"https:\/\/www.mysmartevents.fr\/index.php\/wp-json\/wp\/v2\/media\/26122"}],"wp:attachment":[{"href":"https:\/\/www.mysmartevents.fr\/index.php\/wp-json\/wp\/v2\/media?parent=26121"}],"wp:term":[{"taxonomy":"product_cat","embeddable":true,"href":"https:\/\/www.mysmartevents.fr\/index.php\/wp-json\/wp\/v2\/product_cat?post=26121"},{"taxonomy":"product_tag","embeddable":true,"href":"https:\/\/www.mysmartevents.fr\/index.php\/wp-json\/wp\/v2\/product_tag?post=26121"}],"curies":[{"name":"wp","href":"https:\/\/api.w.org\/{rel}","templated":true}]}}