{"id":26124,"date":"2026-01-07T20:21:53","date_gmt":"2026-01-07T19:21:53","guid":{"rendered":"https:\/\/www.mysmartevents.fr\/?post_type=product&#038;p=26124"},"modified":"2026-01-07T20:31:32","modified_gmt":"2026-01-07T19:31:32","slug":"baby-foot","status":"publish","type":"product","link":"https:\/\/www.mysmartevents.fr\/index.php\/product\/baby-foot\/","title":{"rendered":"Baby-foot"},"content":{"rendered":"<p>Quoi de mieux qu\u2019une partie de baby foot pour rassembler vos invit\u00e9s lors de vos \u00e9v\u00e9nements ?<\/p>\n<p><b>Tarifs &amp; conditions de location<\/b><\/p>\n<p>\u2022 <b>200 \u20ac TTC \/ 24h\u00a0<\/b><br \/>\n\u2022 Tarif d\u00e9gressif pour les longues dur\u00e9es (coefficient appliqu\u00e9 par jour suppl\u00e9mentaire).<br \/>\n\u2022 <b>Consommables non inclus<\/b> possibilit\u00e9 de commander les petits cadeaux\u2026<br \/>\n\u2022 <b>Nettoyage non inclus<\/b> \u2013 forfait disponible sur demande. Remplissage \u00e0 la charge du client et vidage \u00e9galement.<\/p>\n","protected":false},"excerpt":{"rendered":"<p>Quoi de mieux qu\u2019une partie de baby foot pour rassembler vos invit\u00e9s lors de vos \u00e9v\u00e9nements ? Tarifs &amp; conditions de location \u2022 200 \u20ac TTC \/ 24h\u00a0 \u2022 Tarif d\u00e9gressif pour les longues dur\u00e9es (coefficient appliqu\u00e9 par jour suppl\u00e9mentaire). \u2022 Consommables non inclus possibilit\u00e9 de commander les petits cadeaux\u2026 \u2022 Nettoyage non inclus \u2013 [&hellip;]<\/p>\n","protected":false},"featured_media":26125,"template":"","meta":[],"product_cat":[128,129],"product_tag":[],"class_list":{"0":"post-26124","1":"product","2":"type-product","3":"status-publish","4":"has-post-thumbnail","6":"product_cat-jeux-animations","7":"product_cat-jeux","9":"first","10":"instock","11":"taxable","12":"shipping-taxable","13":"purchasable","14":"product-type-simple"},"_links":{"self":[{"href":"https:\/\/www.mysmartevents.fr\/index.php\/wp-json\/wp\/v2\/product\/26124","targetHints":{"allow":["GET"]}}],"collection":[{"href":"https:\/\/www.mysmartevents.fr\/index.php\/wp-json\/wp\/v2\/product"}],"about":[{"href":"https:\/\/www.mysmartevents.fr\/index.php\/wp-json\/wp\/v2\/types\/product"}],"wp:featuredmedia":[{"embeddable":true,"href":"https:\/\/www.mysmartevents.fr\/index.php\/wp-json\/wp\/v2\/media\/26125"}],"wp:attachment":[{"href":"https:\/\/www.mysmartevents.fr\/index.php\/wp-json\/wp\/v2\/media?parent=26124"}],"wp:term":[{"taxonomy":"product_cat","embeddable":true,"href":"https:\/\/www.mysmartevents.fr\/index.php\/wp-json\/wp\/v2\/product_cat?post=26124"},{"taxonomy":"product_tag","embeddable":true,"href":"https:\/\/www.mysmartevents.fr\/index.php\/wp-json\/wp\/v2\/product_tag?post=26124"}],"curies":[{"name":"wp","href":"https:\/\/api.w.org\/{rel}","templated":true}]}}