{"id":26126,"date":"2026-01-07T20:32:14","date_gmt":"2026-01-07T19:32:14","guid":{"rendered":"https:\/\/www.mysmartevents.fr\/?post_type=product&#038;p=26126"},"modified":"2026-01-07T21:00:02","modified_gmt":"2026-01-07T20:00:02","slug":"billard-7ft","status":"publish","type":"product","link":"https:\/\/www.mysmartevents.fr\/index.php\/product\/billard-7ft\/","title":{"rendered":"Billard 7ft"},"content":{"rendered":"<p><strong>Quoi de mieux qu\u2019une partie de billard pour rassembler vos invit\u00e9s lors de vos \u00e9v\u00e9nements ? <\/strong><\/p>\n<p>Avec la location billard, cr\u00e9er un corner attractif dans le cadre de votre prochaine soir\u00e9e. Tr\u00e8s r\u00e9pandu dans les pays anglo-saxons, le billard compte de nombreux adeptes dans sa version la plus populaire : le billard am\u00e9ricain. Cette version s\u2019adresse \u00e0 toutes les typologies de joueurs, qu\u2019ils soient confirm\u00e9s ou novices. Particuli\u00e8rement ludique, le billard am\u00e9ricain se joue avec 16 boules : 15 boules num\u00e9rot\u00e9es repr\u00e9sentant un total de 120 points et 1 boule blanche qui sert \u00e0 pousser les autres dans l\u2019un des 6 trous de la table. L\u2019objectif du jeu est simple : envoyer un maximum de boules dans les trous du billard afin de comptabiliser le plus grand nombre de points au terme de la partie. Adresse et concentration sont les qualit\u00e9s requises pour remporter la mise.<\/p>\n<p><b>Tarifs &amp; conditions de location<\/b><\/p>\n<p>\u2022 <b>200 \u20ac TTC \/ 24h\u00a0<\/b><br \/>\n\u2022 Tarif d\u00e9gressif pour les longues dur\u00e9es (coefficient appliqu\u00e9 par jour suppl\u00e9mentaire).<br \/>\n\u2022 <b>Consommables non inclus<\/b> possibilit\u00e9 de commander les petits cadeaux\u2026<br \/>\n\u2022 <b>Nettoyage non inclus<\/b> \u2013 forfait disponible sur demande. Remplissage \u00e0 la charge du client et vidage \u00e9galement.<\/p>\n","protected":false},"excerpt":{"rendered":"<p>Quoi de mieux qu\u2019une partie de billard pour rassembler vos invit\u00e9s lors de vos \u00e9v\u00e9nements ? Avec la location billard, cr\u00e9er un corner attractif dans le cadre de votre prochaine soir\u00e9e. Tr\u00e8s r\u00e9pandu dans les pays anglo-saxons, le billard compte de nombreux adeptes dans sa version la plus populaire : le billard am\u00e9ricain. Cette version [&hellip;]<\/p>\n","protected":false},"featured_media":26130,"template":"","meta":[],"product_cat":[128,129],"product_tag":[],"class_list":{"0":"post-26126","1":"product","2":"type-product","3":"status-publish","4":"has-post-thumbnail","6":"product_cat-jeux-animations","7":"product_cat-jeux","9":"first","10":"instock","11":"taxable","12":"shipping-taxable","13":"purchasable","14":"product-type-simple"},"_links":{"self":[{"href":"https:\/\/www.mysmartevents.fr\/index.php\/wp-json\/wp\/v2\/product\/26126","targetHints":{"allow":["GET"]}}],"collection":[{"href":"https:\/\/www.mysmartevents.fr\/index.php\/wp-json\/wp\/v2\/product"}],"about":[{"href":"https:\/\/www.mysmartevents.fr\/index.php\/wp-json\/wp\/v2\/types\/product"}],"wp:featuredmedia":[{"embeddable":true,"href":"https:\/\/www.mysmartevents.fr\/index.php\/wp-json\/wp\/v2\/media\/26130"}],"wp:attachment":[{"href":"https:\/\/www.mysmartevents.fr\/index.php\/wp-json\/wp\/v2\/media?parent=26126"}],"wp:term":[{"taxonomy":"product_cat","embeddable":true,"href":"https:\/\/www.mysmartevents.fr\/index.php\/wp-json\/wp\/v2\/product_cat?post=26126"},{"taxonomy":"product_tag","embeddable":true,"href":"https:\/\/www.mysmartevents.fr\/index.php\/wp-json\/wp\/v2\/product_tag?post=26126"}],"curies":[{"name":"wp","href":"https:\/\/api.w.org\/{rel}","templated":true}]}}