{"id":26131,"date":"2026-01-07T21:08:37","date_gmt":"2026-01-07T20:08:37","guid":{"rendered":"https:\/\/www.mysmartevents.fr\/?post_type=product&#038;p=26131"},"modified":"2026-01-08T12:54:37","modified_gmt":"2026-01-08T11:54:37","slug":"puissance-4-xxl","status":"publish","type":"product","link":"https:\/\/www.mysmartevents.fr\/index.php\/product\/puissance-4-xxl\/","title":{"rendered":"Puissance 4 XXL"},"content":{"rendered":"<p><b>L&rsquo;un des jeux phares de l&rsquo;enfance en format GEANT pour encore plus de rigolade<\/b><\/p>\n<p><b>Tarifs &amp; conditions de location<\/b><\/p>\n<p>\u2022 <b>\u00a030\u20ac TTC \/ 24h\u00a0<\/b><br \/>\n\u2022 Tarif d\u00e9gressif pour les longues dur\u00e9es (coefficient appliqu\u00e9 par jour suppl\u00e9mentaire).<br \/>\n\u2022 <b>Nettoyage non inclus<\/b> \u2013 forfait disponible sur demande. Remplissage \u00e0 la charge du client et vidage \u00e9galement.<\/p>\n","protected":false},"excerpt":{"rendered":"<p>L&rsquo;un des jeux phares de l&rsquo;enfance en format GEANT pour encore plus de rigolade Tarifs &amp; conditions de location \u2022 \u00a030\u20ac TTC \/ 24h\u00a0 \u2022 Tarif d\u00e9gressif pour les longues dur\u00e9es (coefficient appliqu\u00e9 par jour suppl\u00e9mentaire). \u2022 Nettoyage non inclus \u2013 forfait disponible sur demande. Remplissage \u00e0 la charge du client et vidage \u00e9galement.<\/p>\n","protected":false},"featured_media":26132,"template":"","meta":[],"product_cat":[128,129],"product_tag":[],"class_list":{"0":"post-26131","1":"product","2":"type-product","3":"status-publish","4":"has-post-thumbnail","6":"product_cat-jeux-animations","7":"product_cat-jeux","9":"first","10":"instock","11":"taxable","12":"shipping-taxable","13":"purchasable","14":"product-type-simple"},"_links":{"self":[{"href":"https:\/\/www.mysmartevents.fr\/index.php\/wp-json\/wp\/v2\/product\/26131","targetHints":{"allow":["GET"]}}],"collection":[{"href":"https:\/\/www.mysmartevents.fr\/index.php\/wp-json\/wp\/v2\/product"}],"about":[{"href":"https:\/\/www.mysmartevents.fr\/index.php\/wp-json\/wp\/v2\/types\/product"}],"wp:featuredmedia":[{"embeddable":true,"href":"https:\/\/www.mysmartevents.fr\/index.php\/wp-json\/wp\/v2\/media\/26132"}],"wp:attachment":[{"href":"https:\/\/www.mysmartevents.fr\/index.php\/wp-json\/wp\/v2\/media?parent=26131"}],"wp:term":[{"taxonomy":"product_cat","embeddable":true,"href":"https:\/\/www.mysmartevents.fr\/index.php\/wp-json\/wp\/v2\/product_cat?post=26131"},{"taxonomy":"product_tag","embeddable":true,"href":"https:\/\/www.mysmartevents.fr\/index.php\/wp-json\/wp\/v2\/product_tag?post=26131"}],"curies":[{"name":"wp","href":"https:\/\/api.w.org\/{rel}","templated":true}]}}