{"id":26139,"date":"2026-01-11T17:38:17","date_gmt":"2026-01-11T16:38:17","guid":{"rendered":"https:\/\/www.mysmartevents.fr\/?post_type=product&#038;p=26139"},"modified":"2026-01-11T17:39:48","modified_gmt":"2026-01-11T16:39:48","slug":"photobooth-standard-formule-max","status":"publish","type":"product","link":"https:\/\/www.mysmartevents.fr\/index.php\/product\/photobooth-standard-formule-max\/","title":{"rendered":"Photobooth Standard &#8211; Formule Max"},"content":{"rendered":"<p><b>L\u2019animation photo fun et conviviale qui cr\u00e9e des souvenirs instantan\u00e9s !<\/b><\/p>\n<p><b>FORMULE Max (Impression illimit\u00e9 instantan\u00e9 \/ envoi par mail de tous les clich\u00e9s)<\/b><\/p>\n<p><strong>Impression<\/strong> <b>sur papier photo qualit\u00e9 superieur !<\/b><\/p>\n<p>Immortalisez les meilleurs moments de votre \u00e9v\u00e9nement avec notre photobooth standard. Facile \u00e0 utiliser, il permet \u00e0 vos invit\u00e9s de se prendre en photo seuls ou \u00e0 plusieurs.<\/p>\n<p>Parfait pour mariages, anniversaires, soir\u00e9es d\u2019entreprise, kermesses ou f\u00eates priv\u00e9es, il s\u00e9duit toutes les g\u00e9n\u00e9rations avec ses accessoires ludiques (chapeaux, lunettes, ardoises, etc.) et ses fonds personnalisables.<br \/>\nConnect\u00e9 et interactif, il permet l\u2019envoi par mail ou partage sur les r\u00e9seaux sociaux.<br \/>\nInstallation rapide, assistance incluse, et r\u00e9cup\u00e9ration simple des photos num\u00e9riques apr\u00e8s l\u2019\u00e9v\u00e9nement.<br \/>\nOffrez des souvenirs uniques et instantan\u00e9s \u00e0 vos invit\u00e9s !<\/p>\n<p><b>Tarifs &amp; conditions de location<\/b><\/p>\n<p>\u2022 <b>350 \u20ac TTC \/ 24h<\/b><br \/>\n\u2022 Tarif d\u00e9gressif pour les longues dur\u00e9es (coefficient appliqu\u00e9 par jour suppl\u00e9mentaire).<br \/>\n\u2022 <b>Rallonge non inclues<\/b><\/p>\n","protected":false},"excerpt":{"rendered":"<p>L\u2019animation photo fun et conviviale qui cr\u00e9e des souvenirs instantan\u00e9s ! FORMULE Max (Impression illimit\u00e9 instantan\u00e9 \/ envoi par mail de tous les clich\u00e9s) Impression sur papier photo qualit\u00e9 superieur ! Immortalisez les meilleurs moments de votre \u00e9v\u00e9nement avec notre photobooth standard. Facile \u00e0 utiliser, il permet \u00e0 vos invit\u00e9s de se prendre en photo [&hellip;]<\/p>\n","protected":false},"featured_media":25521,"template":"","meta":[],"product_cat":[137],"product_tag":[],"class_list":{"0":"post-26139","1":"product","2":"type-product","3":"status-publish","4":"has-post-thumbnail","6":"product_cat-photobooth","8":"first","9":"instock","10":"taxable","11":"shipping-taxable","12":"purchasable","13":"product-type-simple"},"_links":{"self":[{"href":"https:\/\/www.mysmartevents.fr\/index.php\/wp-json\/wp\/v2\/product\/26139","targetHints":{"allow":["GET"]}}],"collection":[{"href":"https:\/\/www.mysmartevents.fr\/index.php\/wp-json\/wp\/v2\/product"}],"about":[{"href":"https:\/\/www.mysmartevents.fr\/index.php\/wp-json\/wp\/v2\/types\/product"}],"wp:featuredmedia":[{"embeddable":true,"href":"https:\/\/www.mysmartevents.fr\/index.php\/wp-json\/wp\/v2\/media\/25521"}],"wp:attachment":[{"href":"https:\/\/www.mysmartevents.fr\/index.php\/wp-json\/wp\/v2\/media?parent=26139"}],"wp:term":[{"taxonomy":"product_cat","embeddable":true,"href":"https:\/\/www.mysmartevents.fr\/index.php\/wp-json\/wp\/v2\/product_cat?post=26139"},{"taxonomy":"product_tag","embeddable":true,"href":"https:\/\/www.mysmartevents.fr\/index.php\/wp-json\/wp\/v2\/product_tag?post=26139"}],"curies":[{"name":"wp","href":"https:\/\/api.w.org\/{rel}","templated":true}]}}