{"id":26149,"date":"2026-01-11T18:45:10","date_gmt":"2026-01-11T17:45:10","guid":{"rendered":"https:\/\/www.mysmartevents.fr\/?post_type=product&#038;p=26149"},"modified":"2026-01-11T19:11:30","modified_gmt":"2026-01-11T18:11:30","slug":"systeme-audio-amplifie-premium","status":"publish","type":"product","link":"https:\/\/www.mysmartevents.fr\/index.php\/product\/systeme-audio-amplifie-premium\/","title":{"rendered":"Machine \u00e0 fum\u00e9e lourde Pro"},"content":{"rendered":"<p><strong>Notre machine a fum\u00e9e lourde donnera une autre dimension a tous vos \u00e9v\u00e9nements\u00a0 \u00a0 <\/strong><\/p>\n<p>Gr\u00e2ce \u00e0 cette machine \u00e0\u00a0fum\u00e9e lourde\u00a0, vous transformerez en un clin d&rsquo;\u0153il vos mises en sc\u00e8ne.\u00a0Soir\u00e9e\u00a0DJ\u00a0, mariage ou encore d\u00e9monstration artistique lourde, la machine \u00e0 fum\u00e9e transcendera vos\u00a0\u00e9v\u00e9nements\u00a0avec efficacit\u00e9.<\/p>\n<p><b>Tarifs &amp; conditions de location<\/b><\/p>\n<p>\u2022 <b>300 \u20ac TTC \/ 24h<\/b><br \/>\n\u2022 Tarif d\u00e9gressif pour les longues dur\u00e9es (coefficient appliqu\u00e9 par jour suppl\u00e9mentaire).<br \/>\n\u2022 <b>Rallonge non inclues<\/b><\/p>\n","protected":false},"excerpt":{"rendered":"<p>Notre machine a fum\u00e9e lourde donnera une autre dimension a tous vos \u00e9v\u00e9nements\u00a0 \u00a0 Gr\u00e2ce \u00e0 cette machine \u00e0\u00a0fum\u00e9e lourde\u00a0, vous transformerez en un clin d&rsquo;\u0153il vos mises en sc\u00e8ne.\u00a0Soir\u00e9e\u00a0DJ\u00a0, mariage ou encore d\u00e9monstration artistique lourde, la machine \u00e0 fum\u00e9e transcendera vos\u00a0\u00e9v\u00e9nements\u00a0avec efficacit\u00e9. Tarifs &amp; conditions de location \u2022 300 \u20ac TTC \/ 24h \u2022 [&hellip;]<\/p>\n","protected":false},"featured_media":26151,"template":"","meta":[],"product_cat":[138],"product_tag":[],"class_list":{"0":"post-26149","1":"product","2":"type-product","3":"status-publish","4":"has-post-thumbnail","6":"product_cat-image-son","8":"first","9":"instock","10":"taxable","11":"shipping-taxable","12":"purchasable","13":"product-type-simple"},"_links":{"self":[{"href":"https:\/\/www.mysmartevents.fr\/index.php\/wp-json\/wp\/v2\/product\/26149","targetHints":{"allow":["GET"]}}],"collection":[{"href":"https:\/\/www.mysmartevents.fr\/index.php\/wp-json\/wp\/v2\/product"}],"about":[{"href":"https:\/\/www.mysmartevents.fr\/index.php\/wp-json\/wp\/v2\/types\/product"}],"wp:featuredmedia":[{"embeddable":true,"href":"https:\/\/www.mysmartevents.fr\/index.php\/wp-json\/wp\/v2\/media\/26151"}],"wp:attachment":[{"href":"https:\/\/www.mysmartevents.fr\/index.php\/wp-json\/wp\/v2\/media?parent=26149"}],"wp:term":[{"taxonomy":"product_cat","embeddable":true,"href":"https:\/\/www.mysmartevents.fr\/index.php\/wp-json\/wp\/v2\/product_cat?post=26149"},{"taxonomy":"product_tag","embeddable":true,"href":"https:\/\/www.mysmartevents.fr\/index.php\/wp-json\/wp\/v2\/product_tag?post=26149"}],"curies":[{"name":"wp","href":"https:\/\/api.w.org\/{rel}","templated":true}]}}