{"id":26153,"date":"2026-01-11T19:12:14","date_gmt":"2026-01-11T18:12:14","guid":{"rendered":"https:\/\/www.mysmartevents.fr\/?post_type=product&#038;p=26153"},"modified":"2026-01-11T19:13:05","modified_gmt":"2026-01-11T18:13:05","slug":"systeme-audio-amplifie-premium-2","status":"publish","type":"product","link":"https:\/\/www.mysmartevents.fr\/index.php\/product\/systeme-audio-amplifie-premium-2\/","title":{"rendered":"Syst\u00e8me Audio Amplifi\u00e9 Premium"},"content":{"rendered":"<p><b>L\u2019\u00e9l\u00e9ment indispensable pour une ambiance sonore r\u00e9ussie !<\/b><\/p>\n<p>Diffusez votre musique avec puissance et clart\u00e9 gr\u00e2ce \u00e0 notre syst\u00e8me audio amplifi\u00e9 professionnel. Id\u00e9al pour toutes vos occasions \u2013 mariages, soir\u00e9es priv\u00e9es, discours, animations, concerts ou \u00e9v\u00e9nements d\u2019entreprise \u2013, il assure une sonorisation de qualit\u00e9, aussi bien en int\u00e9rieur qu\u2019en ext\u00e9rieur.<br \/>\nSimple \u00e0 installer, il comprend des enceintes amplifi\u00e9es, une table de mixage et des micros. Branchez votre t\u00e9l\u00e9phone, ordinateur ou platine DJ et laissez la f\u00eate commencer !<br \/>\nSon design sobre et compact permet une int\u00e9gration discr\u00e8te dans tous types d\u2019\u00e9v\u00e9nements.<br \/>\nLivr\u00e9 avec pieds r\u00e9glables pour une diffusion optimale du son.<br \/>\nOptez pour un son clair, puissant et sans accroc : avec notre syst\u00e8me audio, votre \u00e9v\u00e9nement sera entendu\u2026 et appr\u00e9ci\u00e9 !<\/p>\n<p><b>Tarifs &amp; conditions de location<\/b><\/p>\n<p>\u2022 <b>450 \u20ac TTC \/ 24h<\/b><br \/>\n\u2022 Tarif d\u00e9gressif pour les longues dur\u00e9es (coefficient appliqu\u00e9 par jour suppl\u00e9mentaire).<br \/>\n\u2022 <b>Rallonge non inclues<\/b><\/p>\n","protected":false},"excerpt":{"rendered":"<p>L\u2019\u00e9l\u00e9ment indispensable pour une ambiance sonore r\u00e9ussie ! Diffusez votre musique avec puissance et clart\u00e9 gr\u00e2ce \u00e0 notre syst\u00e8me audio amplifi\u00e9 professionnel. Id\u00e9al pour toutes vos occasions \u2013 mariages, soir\u00e9es priv\u00e9es, discours, animations, concerts ou \u00e9v\u00e9nements d\u2019entreprise \u2013, il assure une sonorisation de qualit\u00e9, aussi bien en int\u00e9rieur qu\u2019en ext\u00e9rieur. Simple \u00e0 installer, il comprend [&hellip;]<\/p>\n","protected":false},"featured_media":26147,"template":"","meta":[],"product_cat":[138],"product_tag":[],"class_list":{"0":"post-26153","1":"product","2":"type-product","3":"status-publish","4":"has-post-thumbnail","6":"product_cat-image-son","8":"first","9":"instock","10":"taxable","11":"shipping-taxable","12":"purchasable","13":"product-type-simple"},"_links":{"self":[{"href":"https:\/\/www.mysmartevents.fr\/index.php\/wp-json\/wp\/v2\/product\/26153","targetHints":{"allow":["GET"]}}],"collection":[{"href":"https:\/\/www.mysmartevents.fr\/index.php\/wp-json\/wp\/v2\/product"}],"about":[{"href":"https:\/\/www.mysmartevents.fr\/index.php\/wp-json\/wp\/v2\/types\/product"}],"wp:featuredmedia":[{"embeddable":true,"href":"https:\/\/www.mysmartevents.fr\/index.php\/wp-json\/wp\/v2\/media\/26147"}],"wp:attachment":[{"href":"https:\/\/www.mysmartevents.fr\/index.php\/wp-json\/wp\/v2\/media?parent=26153"}],"wp:term":[{"taxonomy":"product_cat","embeddable":true,"href":"https:\/\/www.mysmartevents.fr\/index.php\/wp-json\/wp\/v2\/product_cat?post=26153"},{"taxonomy":"product_tag","embeddable":true,"href":"https:\/\/www.mysmartevents.fr\/index.php\/wp-json\/wp\/v2\/product_tag?post=26153"}],"curies":[{"name":"wp","href":"https:\/\/api.w.org\/{rel}","templated":true}]}}