{"id":26154,"date":"2026-01-11T19:13:18","date_gmt":"2026-01-11T18:13:18","guid":{"rendered":"https:\/\/www.mysmartevents.fr\/?post_type=product&#038;p=26154"},"modified":"2026-01-11T19:38:00","modified_gmt":"2026-01-11T18:38:00","slug":"machine-a-fumee","status":"publish","type":"product","link":"https:\/\/www.mysmartevents.fr\/index.php\/product\/machine-a-fumee\/","title":{"rendered":"Machine \u00e0 fum\u00e9e"},"content":{"rendered":"<p><b>Notre machine a fum\u00e9e a\u00e9rienne donnera une autre dimension a tous vos \u00e9v\u00e9nements\u00a0 <\/b><\/p>\n<p>Notre machine \u00e0 fum\u00e9e combine un volume de fum\u00e9e \u00e9lev\u00e9 et continu. Un contr\u00f4le minutieux de la temp\u00e9rature et de la vitesse de la pompe permet d&rsquo;obtenir \u00e0 la fois de fines tra\u00een\u00e9es de fum\u00e9e ou des nuages de brouillard continus.<\/p>\n<p><b>Tarifs &amp; conditio<\/b><b>ns de location<\/b><\/p>\n<p>\u2022 <strong>50<\/strong><b>\u00a0\u20ac TTC \/ 24h<\/b><br \/>\n\u2022 Tarif d\u00e9gressif pour les longues dur\u00e9es (coefficient appliqu\u00e9 par jour suppl\u00e9mentaire).<br \/>\n\u2022 <b>Rallonge non inclues<\/b><\/p>\n","protected":false},"excerpt":{"rendered":"<p>Notre machine a fum\u00e9e a\u00e9rienne donnera une autre dimension a tous vos \u00e9v\u00e9nements\u00a0 Notre machine \u00e0 fum\u00e9e combine un volume de fum\u00e9e \u00e9lev\u00e9 et continu. Un contr\u00f4le minutieux de la temp\u00e9rature et de la vitesse de la pompe permet d&rsquo;obtenir \u00e0 la fois de fines tra\u00een\u00e9es de fum\u00e9e ou des nuages de brouillard continus. Tarifs [&hellip;]<\/p>\n","protected":false},"featured_media":26155,"template":"","meta":[],"product_cat":[138],"product_tag":[],"class_list":{"0":"post-26154","1":"product","2":"type-product","3":"status-publish","4":"has-post-thumbnail","6":"product_cat-image-son","8":"first","9":"instock","10":"taxable","11":"shipping-taxable","12":"purchasable","13":"product-type-simple"},"_links":{"self":[{"href":"https:\/\/www.mysmartevents.fr\/index.php\/wp-json\/wp\/v2\/product\/26154","targetHints":{"allow":["GET"]}}],"collection":[{"href":"https:\/\/www.mysmartevents.fr\/index.php\/wp-json\/wp\/v2\/product"}],"about":[{"href":"https:\/\/www.mysmartevents.fr\/index.php\/wp-json\/wp\/v2\/types\/product"}],"wp:featuredmedia":[{"embeddable":true,"href":"https:\/\/www.mysmartevents.fr\/index.php\/wp-json\/wp\/v2\/media\/26155"}],"wp:attachment":[{"href":"https:\/\/www.mysmartevents.fr\/index.php\/wp-json\/wp\/v2\/media?parent=26154"}],"wp:term":[{"taxonomy":"product_cat","embeddable":true,"href":"https:\/\/www.mysmartevents.fr\/index.php\/wp-json\/wp\/v2\/product_cat?post=26154"},{"taxonomy":"product_tag","embeddable":true,"href":"https:\/\/www.mysmartevents.fr\/index.php\/wp-json\/wp\/v2\/product_tag?post=26154"}],"curies":[{"name":"wp","href":"https:\/\/api.w.org\/{rel}","templated":true}]}}