{"id":26163,"date":"2026-01-20T00:40:05","date_gmt":"2026-01-19T23:40:05","guid":{"rendered":"https:\/\/www.mysmartevents.fr\/?post_type=product&#038;p=26163"},"modified":"2026-01-20T00:45:35","modified_gmt":"2026-01-19T23:45:35","slug":"machine-a-pop-corn-blanche","status":"publish","type":"product","link":"https:\/\/www.mysmartevents.fr\/index.php\/product\/machine-a-pop-corn-blanche\/","title":{"rendered":"Machine \u00e0 Pop-Corn blanche"},"content":{"rendered":"<p><b>L\u2019animation gourmande et vintage qui fait toujours sensation !<\/b><\/p>\n<p>Apportez une ambiance r\u00e9tro et chaleureuse \u00e0 votre \u00e9v\u00e9nement gr\u00e2ce \u00e0 notre machine \u00e0 pop-corn professionnelle. Parfaite pour tous types de f\u00eates \u2013 anniversaires, mariages, kermesses, soir\u00e9es cin\u00e9ma, foires, salons ou \u00e9v\u00e9nements d\u2019entreprise \u2013, elle s\u00e9duit petits et grands avec son d\u00e9licieux parfum de pop-corn fra\u00eechement pr\u00e9par\u00e9 et son look vintage irr\u00e9sistible.<\/p>\n<p>Simple et efficace, elle produit votre premi\u00e8re portion en seulement 2 minutes, avec une capacit\u00e9 impressionnante pouvant atteindre 5 kg ou 16 litres de pop-corn par heure. Gr\u00e2ce \u00e0 sa fonction maintien au chaud, le pop-corn reste toujours croustillant et pr\u00eat \u00e0 \u00eatre d\u00e9gust\u00e9.<\/p>\n<p>Son \u00e9clairage int\u00e9gr\u00e9 et son cadre rouge donnent un style authentique et attirant \u00e0 votre stand ou animation.<\/p>\n<p>Pratique et mobile, la machine est livr\u00e9e avec un chariot \u00e9quip\u00e9 de grandes roues avant et petites roues arri\u00e8re, facilitant son d\u00e9placement, tandis que ses freins de stationnement garantissent une stabilit\u00e9 optimale pendant l\u2019utilisation.<\/p>\n<p><b>Tarifs &amp; conditions de location<\/b><\/p>\n<p>\u2022 <b>60 \u20ac TTC \/ 24h<\/b><br \/>\n\u2022 Tarif d\u00e9gressif pour les longues dur\u00e9es (coefficient appliqu\u00e9 par jour suppl\u00e9mentaire).<br \/>\n\u2022 <b>Consommables non inclus<\/b><br \/>\n\u2022 <b>Nettoyage non inclus<\/b> \u2013 forfait disponible sur demande.<\/p>\n","protected":false},"excerpt":{"rendered":"<p>L\u2019animation gourmande et vintage qui fait toujours sensation ! Apportez une ambiance r\u00e9tro et chaleureuse \u00e0 votre \u00e9v\u00e9nement gr\u00e2ce \u00e0 notre machine \u00e0 pop-corn professionnelle. Parfaite pour tous types de f\u00eates \u2013 anniversaires, mariages, kermesses, soir\u00e9es cin\u00e9ma, foires, salons ou \u00e9v\u00e9nements d\u2019entreprise \u2013, elle s\u00e9duit petits et grands avec son d\u00e9licieux parfum de pop-corn fra\u00eechement [&hellip;]<\/p>\n","protected":false},"featured_media":26166,"template":"","meta":[],"product_cat":[131,132],"product_tag":[],"class_list":{"0":"post-26163","1":"product","2":"type-product","3":"status-publish","4":"has-post-thumbnail","6":"product_cat-food-gourmandises","7":"product_cat-snacks-douceurs-foraines","9":"first","10":"instock","11":"taxable","12":"shipping-taxable","13":"purchasable","14":"product-type-simple"},"_links":{"self":[{"href":"https:\/\/www.mysmartevents.fr\/index.php\/wp-json\/wp\/v2\/product\/26163","targetHints":{"allow":["GET"]}}],"collection":[{"href":"https:\/\/www.mysmartevents.fr\/index.php\/wp-json\/wp\/v2\/product"}],"about":[{"href":"https:\/\/www.mysmartevents.fr\/index.php\/wp-json\/wp\/v2\/types\/product"}],"wp:featuredmedia":[{"embeddable":true,"href":"https:\/\/www.mysmartevents.fr\/index.php\/wp-json\/wp\/v2\/media\/26166"}],"wp:attachment":[{"href":"https:\/\/www.mysmartevents.fr\/index.php\/wp-json\/wp\/v2\/media?parent=26163"}],"wp:term":[{"taxonomy":"product_cat","embeddable":true,"href":"https:\/\/www.mysmartevents.fr\/index.php\/wp-json\/wp\/v2\/product_cat?post=26163"},{"taxonomy":"product_tag","embeddable":true,"href":"https:\/\/www.mysmartevents.fr\/index.php\/wp-json\/wp\/v2\/product_tag?post=26163"}],"curies":[{"name":"wp","href":"https:\/\/api.w.org\/{rel}","templated":true}]}}