{"id":26182,"date":"2026-01-20T01:33:04","date_gmt":"2026-01-20T00:33:04","guid":{"rendered":"https:\/\/www.mysmartevents.fr\/?post_type=product&#038;p=26182"},"modified":"2026-01-20T01:40:35","modified_gmt":"2026-01-20T00:40:35","slug":"marmite-a-vin-chaud-30l","status":"publish","type":"product","link":"https:\/\/www.mysmartevents.fr\/index.php\/product\/marmite-a-vin-chaud-30l\/","title":{"rendered":"Marmite \u00e0 vin chaud 30L"},"content":{"rendered":"<p><strong>NOTRE CHAUFFE BOISSONS 30L<\/strong><\/p>\n<p>\u00c9l\u00e9gante et pratique, la marmite \u00e0 vin chaud et cidre chaud est un moyen polyvalent de garder les boissons de saison bien chaudes et pr\u00eates \u00e0 servir. Utilisable \u00e9galement comme un chauffe eau traditionnel, la marmite \u00e0 vin chaud offre un r\u00e9chauffement fiable \u00e0 des temp\u00e9ratures allant jusqu&rsquo;\u00e0 98\u00b0C et peut facilement contenir jusqu&rsquo;\u00e0 7 litres de produit, ce qui en fait un excellent choix pour les \u00e9v\u00e9nements, la restauration \u00e9ph\u00e9m\u00e8re et les stands&#8230;<\/p>\n<p><b>Tarifs &amp; conditions de location<\/b><\/p>\n<p>\u2022 <b>40 \u20ac TTC \/ 24h<\/b><br \/>\n\u2022 Tarif d\u00e9gressif pour les longues dur\u00e9es (coefficient appliqu\u00e9 par jour suppl\u00e9mentaire).<br \/>\n\u2022 <b>Consommables non inclus<\/b><br \/>\n\u2022 <b>Nettoyage non inclus<\/b> \u2013 forfait disponible sur demande.<\/p>\n","protected":false},"excerpt":{"rendered":"<p>NOTRE CHAUFFE BOISSONS 30L \u00c9l\u00e9gante et pratique, la marmite \u00e0 vin chaud et cidre chaud est un moyen polyvalent de garder les boissons de saison bien chaudes et pr\u00eates \u00e0 servir. Utilisable \u00e9galement comme un chauffe eau traditionnel, la marmite \u00e0 vin chaud offre un r\u00e9chauffement fiable \u00e0 des temp\u00e9ratures allant jusqu&rsquo;\u00e0 98\u00b0C et peut [&hellip;]<\/p>\n","protected":false},"featured_media":26183,"template":"","meta":[],"product_cat":[131,132],"product_tag":[],"class_list":{"0":"post-26182","1":"product","2":"type-product","3":"status-publish","4":"has-post-thumbnail","6":"product_cat-food-gourmandises","7":"product_cat-snacks-douceurs-foraines","9":"first","10":"instock","11":"taxable","12":"shipping-taxable","13":"purchasable","14":"product-type-simple"},"_links":{"self":[{"href":"https:\/\/www.mysmartevents.fr\/index.php\/wp-json\/wp\/v2\/product\/26182","targetHints":{"allow":["GET"]}}],"collection":[{"href":"https:\/\/www.mysmartevents.fr\/index.php\/wp-json\/wp\/v2\/product"}],"about":[{"href":"https:\/\/www.mysmartevents.fr\/index.php\/wp-json\/wp\/v2\/types\/product"}],"wp:featuredmedia":[{"embeddable":true,"href":"https:\/\/www.mysmartevents.fr\/index.php\/wp-json\/wp\/v2\/media\/26183"}],"wp:attachment":[{"href":"https:\/\/www.mysmartevents.fr\/index.php\/wp-json\/wp\/v2\/media?parent=26182"}],"wp:term":[{"taxonomy":"product_cat","embeddable":true,"href":"https:\/\/www.mysmartevents.fr\/index.php\/wp-json\/wp\/v2\/product_cat?post=26182"},{"taxonomy":"product_tag","embeddable":true,"href":"https:\/\/www.mysmartevents.fr\/index.php\/wp-json\/wp\/v2\/product_tag?post=26182"}],"curies":[{"name":"wp","href":"https:\/\/api.w.org\/{rel}","templated":true}]}}