{"id":26186,"date":"2026-01-20T01:48:54","date_gmt":"2026-01-20T00:48:54","guid":{"rendered":"https:\/\/www.mysmartevents.fr\/?post_type=product&#038;p=26186"},"modified":"2026-01-20T01:49:43","modified_gmt":"2026-01-20T00:49:43","slug":"percolateur-a-cafe-100-tasses","status":"publish","type":"product","link":"https:\/\/www.mysmartevents.fr\/index.php\/product\/percolateur-a-cafe-100-tasses\/","title":{"rendered":"Percolateur \u00e0 caf\u00e9 (100 tasses)"},"content":{"rendered":"<p><strong>Notre Percolateur 15L<\/strong><\/p>\n<div>Parfait pour vos petits d\u00e9jeuner ou apr\u00e8s un bon repas. Servez de <strong>d\u00e9licieux caf\u00e9s chauds<\/strong>\u00a0gr\u00e2ce \u00e0 notre percolateur<\/div>\n<div>Chauffe et maintient le caf\u00e9 en temp\u00e9rature.<\/div>\n<div>Il est \u00e9quip\u00e9 d&rsquo;un robinet pour une parfaite autonomie de service<\/div>\n<p>&nbsp;<\/p>\n<p><strong>Indications quantit\u00e9s de caf\u00e9 :<\/strong><\/p>\n<table class=\"table table-stripped\" width=\"235\">\n<tbody>\n<tr>\n<th>1 tasse<\/th>\n<td>6g de caf\u00e9<\/td>\n<\/tr>\n<tr>\n<th>40 tasses<\/th>\n<td>240g de caf\u00e9<\/td>\n<\/tr>\n<tr>\n<th>50 tasses<\/th>\n<td>300g de caf\u00e9<\/td>\n<\/tr>\n<tr>\n<th>60 tasses<\/th>\n<td>360g de caf\u00e9<\/td>\n<\/tr>\n<tr>\n<th>70 tasses<\/th>\n<td>420g de caf\u00e9<\/td>\n<\/tr>\n<tr>\n<th>80 tasses<\/th>\n<td>480g de caf\u00e9<\/td>\n<\/tr>\n<tr>\n<th>90 tasses<\/th>\n<td>540g de caf\u00e9<\/td>\n<\/tr>\n<tr>\n<th>100 tasses<\/th>\n<td>600g de caf\u00e9<\/td>\n<\/tr>\n<\/tbody>\n<\/table>\n<p><b>Tarifs &amp; conditions de location<\/b><\/p>\n<p>\u2022 <b>40 \u20ac TTC \/ 24h<\/b><br \/>\n\u2022 Tarif d\u00e9gressif pour les longues dur\u00e9es (coefficient appliqu\u00e9 par jour suppl\u00e9mentaire).<br \/>\n\u2022 <b>Consommables non inclus<\/b><br \/>\n\u2022 <b>Nettoyage non inclus<\/b> \u2013 forfait disponible sur demande.<\/p>\n","protected":false},"excerpt":{"rendered":"<p>Notre Percolateur 15L Parfait pour vos petits d\u00e9jeuner ou apr\u00e8s un bon repas. Servez de d\u00e9licieux caf\u00e9s chauds\u00a0gr\u00e2ce \u00e0 notre percolateur Chauffe et maintient le caf\u00e9 en temp\u00e9rature. Il est \u00e9quip\u00e9 d&rsquo;un robinet pour une parfaite autonomie de service &nbsp; Indications quantit\u00e9s de caf\u00e9 : 1 tasse 6g de caf\u00e9 40 tasses 240g de caf\u00e9 [&hellip;]<\/p>\n","protected":false},"featured_media":26185,"template":"","meta":[],"product_cat":[131,132],"product_tag":[],"class_list":{"0":"post-26186","1":"product","2":"type-product","3":"status-publish","4":"has-post-thumbnail","6":"product_cat-food-gourmandises","7":"product_cat-snacks-douceurs-foraines","9":"first","10":"instock","11":"taxable","12":"shipping-taxable","13":"purchasable","14":"product-type-simple"},"_links":{"self":[{"href":"https:\/\/www.mysmartevents.fr\/index.php\/wp-json\/wp\/v2\/product\/26186","targetHints":{"allow":["GET"]}}],"collection":[{"href":"https:\/\/www.mysmartevents.fr\/index.php\/wp-json\/wp\/v2\/product"}],"about":[{"href":"https:\/\/www.mysmartevents.fr\/index.php\/wp-json\/wp\/v2\/types\/product"}],"wp:featuredmedia":[{"embeddable":true,"href":"https:\/\/www.mysmartevents.fr\/index.php\/wp-json\/wp\/v2\/media\/26185"}],"wp:attachment":[{"href":"https:\/\/www.mysmartevents.fr\/index.php\/wp-json\/wp\/v2\/media?parent=26186"}],"wp:term":[{"taxonomy":"product_cat","embeddable":true,"href":"https:\/\/www.mysmartevents.fr\/index.php\/wp-json\/wp\/v2\/product_cat?post=26186"},{"taxonomy":"product_tag","embeddable":true,"href":"https:\/\/www.mysmartevents.fr\/index.php\/wp-json\/wp\/v2\/product_tag?post=26186"}],"curies":[{"name":"wp","href":"https:\/\/api.w.org\/{rel}","templated":true}]}}