{"id":26188,"date":"2026-01-20T01:51:34","date_gmt":"2026-01-20T00:51:34","guid":{"rendered":"https:\/\/www.mysmartevents.fr\/?post_type=product&#038;p=26188"},"modified":"2026-01-20T01:57:15","modified_gmt":"2026-01-20T00:57:15","slug":"machine-a-cafe-grain","status":"publish","type":"product","link":"https:\/\/www.mysmartevents.fr\/index.php\/product\/machine-a-cafe-grain\/","title":{"rendered":"Machine \u00e0 caf\u00e9 grain"},"content":{"rendered":"<p><strong>Notre machine \u00e0 caf\u00e9 \u00e0 grain<\/strong><\/p>\n<div>Parfait pour vos petits d\u00e9jeuner ou apr\u00e8s un bon repas. Servez de <strong>d\u00e9licieux caf\u00e9s chauds<\/strong> gr\u00e2ce \u00e0 nos machine derniere generations.<\/div>\n<div><\/div>\n<div><b>Tarifs &amp; conditions de location<\/b><\/div>\n<p>\u2022 <b>40 \u20ac TTC \/ 24h<\/b><br \/>\n\u2022 Tarif d\u00e9gressif pour les longues dur\u00e9es (coefficient appliqu\u00e9 par jour suppl\u00e9mentaire).<br \/>\n\u2022 <b>Consommables non inclus<\/b><br \/>\n\u2022 <b>Nettoyage non inclus<\/b> \u2013 forfait disponible sur demande.<\/p>\n","protected":false},"excerpt":{"rendered":"<p>Notre machine \u00e0 caf\u00e9 \u00e0 grain Parfait pour vos petits d\u00e9jeuner ou apr\u00e8s un bon repas. Servez de d\u00e9licieux caf\u00e9s chauds gr\u00e2ce \u00e0 nos machine derniere generations. Tarifs &amp; conditions de location \u2022 40 \u20ac TTC \/ 24h \u2022 Tarif d\u00e9gressif pour les longues dur\u00e9es (coefficient appliqu\u00e9 par jour suppl\u00e9mentaire). \u2022 Consommables non inclus \u2022 [&hellip;]<\/p>\n","protected":false},"featured_media":26189,"template":"","meta":[],"product_cat":[131,132],"product_tag":[],"class_list":{"0":"post-26188","1":"product","2":"type-product","3":"status-publish","4":"has-post-thumbnail","6":"product_cat-food-gourmandises","7":"product_cat-snacks-douceurs-foraines","9":"first","10":"instock","11":"taxable","12":"shipping-taxable","13":"purchasable","14":"product-type-simple"},"_links":{"self":[{"href":"https:\/\/www.mysmartevents.fr\/index.php\/wp-json\/wp\/v2\/product\/26188","targetHints":{"allow":["GET"]}}],"collection":[{"href":"https:\/\/www.mysmartevents.fr\/index.php\/wp-json\/wp\/v2\/product"}],"about":[{"href":"https:\/\/www.mysmartevents.fr\/index.php\/wp-json\/wp\/v2\/types\/product"}],"wp:featuredmedia":[{"embeddable":true,"href":"https:\/\/www.mysmartevents.fr\/index.php\/wp-json\/wp\/v2\/media\/26189"}],"wp:attachment":[{"href":"https:\/\/www.mysmartevents.fr\/index.php\/wp-json\/wp\/v2\/media?parent=26188"}],"wp:term":[{"taxonomy":"product_cat","embeddable":true,"href":"https:\/\/www.mysmartevents.fr\/index.php\/wp-json\/wp\/v2\/product_cat?post=26188"},{"taxonomy":"product_tag","embeddable":true,"href":"https:\/\/www.mysmartevents.fr\/index.php\/wp-json\/wp\/v2\/product_tag?post=26188"}],"curies":[{"name":"wp","href":"https:\/\/api.w.org\/{rel}","templated":true}]}}