{"id":26190,"date":"2026-01-20T01:59:19","date_gmt":"2026-01-20T00:59:19","guid":{"rendered":"https:\/\/www.mysmartevents.fr\/?post_type=product&#038;p=26190"},"modified":"2026-01-20T02:03:41","modified_gmt":"2026-01-20T01:03:41","slug":"crepiere-simple","status":"publish","type":"product","link":"https:\/\/www.mysmartevents.fr\/index.php\/product\/crepiere-simple\/","title":{"rendered":"Crepiere simple"},"content":{"rendered":"<h4><strong>Cr\u00eapi\u00e8re Professionnelle : maitrisez l&rsquo;art de la cr\u00eape parfaite ! \ud83e\udd5e<\/strong><\/h4>\n<p>D\u00e9couvrez notre\u00a0<strong>cr\u00eapi\u00e8re professionnelle<\/strong>, l&rsquo;\u00e9quipement id\u00e9al pour sublimer vos \u00e9v\u00e9nements. Sa plaque en fonte \u00e9maill\u00e9e de 40 cm garantit une cuisson parfaite de vos cr\u00eapes sucr\u00e9es et sal\u00e9es !<\/p>\n<p>&nbsp;<\/p>\n<p><b>Tarifs &amp; conditions de location<\/b><\/p>\n<p>\u2022 <b>45 \u20ac TTC \/ 24h<\/b><br \/>\n\u2022 Tarif d\u00e9gressif pour les longues dur\u00e9es (coefficient appliqu\u00e9 par jour suppl\u00e9mentaire).<br \/>\n\u2022 <b>Consommables non inclus<\/b><br \/>\n\u2022 <b>Nettoyage non inclus<\/b> \u2013 forfait disponible sur demande.<\/p>\n","protected":false},"excerpt":{"rendered":"<p>Cr\u00eapi\u00e8re Professionnelle : maitrisez l&rsquo;art de la cr\u00eape parfaite ! \ud83e\udd5e D\u00e9couvrez notre\u00a0cr\u00eapi\u00e8re professionnelle, l&rsquo;\u00e9quipement id\u00e9al pour sublimer vos \u00e9v\u00e9nements. Sa plaque en fonte \u00e9maill\u00e9e de 40 cm garantit une cuisson parfaite de vos cr\u00eapes sucr\u00e9es et sal\u00e9es ! &nbsp; Tarifs &amp; conditions de location \u2022 45 \u20ac TTC \/ 24h \u2022 Tarif d\u00e9gressif pour [&hellip;]<\/p>\n","protected":false},"featured_media":26191,"template":"","meta":[],"product_cat":[131,132],"product_tag":[],"class_list":{"0":"post-26190","1":"product","2":"type-product","3":"status-publish","4":"has-post-thumbnail","6":"product_cat-food-gourmandises","7":"product_cat-snacks-douceurs-foraines","9":"first","10":"instock","11":"taxable","12":"shipping-taxable","13":"purchasable","14":"product-type-simple"},"_links":{"self":[{"href":"https:\/\/www.mysmartevents.fr\/index.php\/wp-json\/wp\/v2\/product\/26190","targetHints":{"allow":["GET"]}}],"collection":[{"href":"https:\/\/www.mysmartevents.fr\/index.php\/wp-json\/wp\/v2\/product"}],"about":[{"href":"https:\/\/www.mysmartevents.fr\/index.php\/wp-json\/wp\/v2\/types\/product"}],"wp:featuredmedia":[{"embeddable":true,"href":"https:\/\/www.mysmartevents.fr\/index.php\/wp-json\/wp\/v2\/media\/26191"}],"wp:attachment":[{"href":"https:\/\/www.mysmartevents.fr\/index.php\/wp-json\/wp\/v2\/media?parent=26190"}],"wp:term":[{"taxonomy":"product_cat","embeddable":true,"href":"https:\/\/www.mysmartevents.fr\/index.php\/wp-json\/wp\/v2\/product_cat?post=26190"},{"taxonomy":"product_tag","embeddable":true,"href":"https:\/\/www.mysmartevents.fr\/index.php\/wp-json\/wp\/v2\/product_tag?post=26190"}],"curies":[{"name":"wp","href":"https:\/\/api.w.org\/{rel}","templated":true}]}}