{"id":26196,"date":"2026-01-20T02:13:00","date_gmt":"2026-01-20T01:13:00","guid":{"rendered":"https:\/\/www.mysmartevents.fr\/?post_type=product&#038;p=26196"},"modified":"2026-01-20T02:14:17","modified_gmt":"2026-01-20T01:14:17","slug":"gaufrier-double","status":"publish","type":"product","link":"https:\/\/www.mysmartevents.fr\/index.php\/product\/gaufrier-double\/","title":{"rendered":"Gaufrier double"},"content":{"rendered":"<p><strong>Gaufrier double Professionnelle : maitrisez l&rsquo;art de la gaufre parfaite !\u00a0<\/strong><\/p>\n<p>Apportez une touche de gourmandise sucr\u00e9e \u00e0 vos \u00e9v\u00e9nements avec notre gaufrier simple.<\/p>\n<p>Proposez des gaufres savoureuses, croustillantes, l\u00e9g\u00e8res et d\u00e9licieusement dor\u00e9es gr\u00e2ce \u00e0 cette machine professionnelle tr\u00e8s simple d\u2019utilisation.<\/p>\n<p>Souvenir des f\u00eates foraines et grands rendez-vous familiaux<\/p>\n<p>En outre, les 4 plaques de gaufres et la cuisson rapide permettent un rendement maximum.<\/p>\n<p><b>Tarifs &amp; conditions de location<\/b><\/p>\n<p>\u2022 <b>60 \u20ac TTC \/ 24h<\/b><br \/>\n\u2022 Tarif d\u00e9gressif pour les longues dur\u00e9es (coefficient appliqu\u00e9 par jour suppl\u00e9mentaire).<br \/>\n\u2022 <b>Consommables non inclus<\/b><br \/>\n\u2022 <b>Nettoyage non inclus<\/b> \u2013 forfait disponible sur demande.<\/p>\n","protected":false},"excerpt":{"rendered":"<p>Gaufrier double Professionnelle : maitrisez l&rsquo;art de la gaufre parfaite !\u00a0 Apportez une touche de gourmandise sucr\u00e9e \u00e0 vos \u00e9v\u00e9nements avec notre gaufrier simple. Proposez des gaufres savoureuses, croustillantes, l\u00e9g\u00e8res et d\u00e9licieusement dor\u00e9es gr\u00e2ce \u00e0 cette machine professionnelle tr\u00e8s simple d\u2019utilisation. Souvenir des f\u00eates foraines et grands rendez-vous familiaux En outre, les 4 plaques de [&hellip;]<\/p>\n","protected":false},"featured_media":26197,"template":"","meta":[],"product_cat":[131,132],"product_tag":[],"class_list":{"0":"post-26196","1":"product","2":"type-product","3":"status-publish","4":"has-post-thumbnail","6":"product_cat-food-gourmandises","7":"product_cat-snacks-douceurs-foraines","9":"first","10":"instock","11":"taxable","12":"shipping-taxable","13":"purchasable","14":"product-type-simple"},"_links":{"self":[{"href":"https:\/\/www.mysmartevents.fr\/index.php\/wp-json\/wp\/v2\/product\/26196","targetHints":{"allow":["GET"]}}],"collection":[{"href":"https:\/\/www.mysmartevents.fr\/index.php\/wp-json\/wp\/v2\/product"}],"about":[{"href":"https:\/\/www.mysmartevents.fr\/index.php\/wp-json\/wp\/v2\/types\/product"}],"wp:featuredmedia":[{"embeddable":true,"href":"https:\/\/www.mysmartevents.fr\/index.php\/wp-json\/wp\/v2\/media\/26197"}],"wp:attachment":[{"href":"https:\/\/www.mysmartevents.fr\/index.php\/wp-json\/wp\/v2\/media?parent=26196"}],"wp:term":[{"taxonomy":"product_cat","embeddable":true,"href":"https:\/\/www.mysmartevents.fr\/index.php\/wp-json\/wp\/v2\/product_cat?post=26196"},{"taxonomy":"product_tag","embeddable":true,"href":"https:\/\/www.mysmartevents.fr\/index.php\/wp-json\/wp\/v2\/product_tag?post=26196"}],"curies":[{"name":"wp","href":"https:\/\/api.w.org\/{rel}","templated":true}]}}