{"id":26200,"date":"2026-01-20T02:22:59","date_gmt":"2026-01-20T01:22:59","guid":{"rendered":"https:\/\/www.mysmartevents.fr\/?post_type=product&#038;p=26200"},"modified":"2026-01-20T02:24:15","modified_gmt":"2026-01-20T01:24:15","slug":"machine-a-hot-dog-geante","status":"publish","type":"product","link":"https:\/\/www.mysmartevents.fr\/index.php\/product\/machine-a-hot-dog-geante\/","title":{"rendered":"Machine \u00e0 hot-dog geante"},"content":{"rendered":"<h4><strong>Notre jolie machine \u00e0 Hot dog geante fera sensation !<\/strong><\/h4>\n<p>Lors d&rsquo;un \u00e9v\u00e8nement, les Hot dogs font sensation ! Mayonnaise, ketchup, moutarde, oignons fris ou cornichons, les collaborateurs ont pu varier les plaisirs ! Gr\u00e2ce \u00e0 notre machine, nous pouvons servir en continu ! La machine peut faire cuire jusqu\u2019\u00e0 300 saucisses simultan\u00e9ment ! Les hot dogs n\u2019ont plus aucuns secrets pour nous !<\/p>\n<p><b>Tarifs &amp; conditions de location<\/b><\/p>\n<p>\u2022 <b>90 \u20ac TTC \/ 24h<\/b><br \/>\n\u2022 Tarif d\u00e9gressif pour les longues dur\u00e9es (coefficient appliqu\u00e9 par jour suppl\u00e9mentaire).<br \/>\n\u2022 <b>Consommables non inclus<\/b><br \/>\n\u2022 <b>Nettoyage non inclus<\/b> \u2013 forfait disponible sur demande.<\/p>\n","protected":false},"excerpt":{"rendered":"<p>Notre jolie machine \u00e0 Hot dog geante fera sensation ! Lors d&rsquo;un \u00e9v\u00e8nement, les Hot dogs font sensation ! Mayonnaise, ketchup, moutarde, oignons fris ou cornichons, les collaborateurs ont pu varier les plaisirs ! Gr\u00e2ce \u00e0 notre machine, nous pouvons servir en continu ! La machine peut faire cuire jusqu\u2019\u00e0 300 saucisses simultan\u00e9ment ! Les [&hellip;]<\/p>\n","protected":false},"featured_media":26201,"template":"","meta":[],"product_cat":[131,132],"product_tag":[],"class_list":{"0":"post-26200","1":"product","2":"type-product","3":"status-publish","4":"has-post-thumbnail","6":"product_cat-food-gourmandises","7":"product_cat-snacks-douceurs-foraines","9":"first","10":"instock","11":"taxable","12":"shipping-taxable","13":"purchasable","14":"product-type-simple"},"_links":{"self":[{"href":"https:\/\/www.mysmartevents.fr\/index.php\/wp-json\/wp\/v2\/product\/26200","targetHints":{"allow":["GET"]}}],"collection":[{"href":"https:\/\/www.mysmartevents.fr\/index.php\/wp-json\/wp\/v2\/product"}],"about":[{"href":"https:\/\/www.mysmartevents.fr\/index.php\/wp-json\/wp\/v2\/types\/product"}],"wp:featuredmedia":[{"embeddable":true,"href":"https:\/\/www.mysmartevents.fr\/index.php\/wp-json\/wp\/v2\/media\/26201"}],"wp:attachment":[{"href":"https:\/\/www.mysmartevents.fr\/index.php\/wp-json\/wp\/v2\/media?parent=26200"}],"wp:term":[{"taxonomy":"product_cat","embeddable":true,"href":"https:\/\/www.mysmartevents.fr\/index.php\/wp-json\/wp\/v2\/product_cat?post=26200"},{"taxonomy":"product_tag","embeddable":true,"href":"https:\/\/www.mysmartevents.fr\/index.php\/wp-json\/wp\/v2\/product_tag?post=26200"}],"curies":[{"name":"wp","href":"https:\/\/api.w.org\/{rel}","templated":true}]}}