{"id":26210,"date":"2026-01-20T02:53:10","date_gmt":"2026-01-20T01:53:10","guid":{"rendered":"https:\/\/www.mysmartevents.fr\/?post_type=product&#038;p=26210"},"modified":"2026-01-20T03:03:01","modified_gmt":"2026-01-20T02:03:01","slug":"barbecue-charbon-de-bois","status":"publish","type":"product","link":"https:\/\/www.mysmartevents.fr\/index.php\/product\/barbecue-charbon-de-bois\/","title":{"rendered":"Barbecue charbon de bois"},"content":{"rendered":"<p><strong>Notre grand Barbecue professionnel<\/strong><\/p>\n<div class=\"mb-0\">\n<div class=\"description woocommerce-product-details__short-description\">\n<p>Vous recherchez le compagnon id\u00e9al pour vos barbecues en plein air ?<br \/>\nD\u00e9couvrez notre grand barbecue, parfait pour des grillades r\u00e9ussies en toutes occasions.<\/p>\n<\/div>\n<\/div>\n<p>Dimensions : 137 x 70cm &#8211; Surface de cuisson : 101 x 60cm<\/p>\n<p><b>Tarifs &amp; conditions de location<\/b><\/p>\n<p>\u2022 <b>50 \u20ac TTC \/ 24h<\/b><br \/>\n\u2022 Tarif d\u00e9gressif pour les longues dur\u00e9es (coefficient appliqu\u00e9 par jour suppl\u00e9mentaire).<br \/>\n\u2022 <b>Consommables non inclus<\/b><br \/>\n\u2022 <b>Nettoyage non inclus<\/b> \u2013 forfait disponible sur demande.<\/p>\n","protected":false},"excerpt":{"rendered":"<p>Notre grand Barbecue professionnel Vous recherchez le compagnon id\u00e9al pour vos barbecues en plein air ? D\u00e9couvrez notre grand barbecue, parfait pour des grillades r\u00e9ussies en toutes occasions. Dimensions : 137 x 70cm &#8211; Surface de cuisson : 101 x 60cm Tarifs &amp; conditions de location \u2022 50 \u20ac TTC \/ 24h \u2022 Tarif d\u00e9gressif [&hellip;]<\/p>\n","protected":false},"featured_media":26211,"template":"","meta":[],"product_cat":[131,136],"product_tag":[],"class_list":{"0":"post-26210","1":"product","2":"type-product","3":"status-publish","4":"has-post-thumbnail","6":"product_cat-food-gourmandises","7":"product_cat-barbecue-cuisson-exterieure","9":"first","10":"instock","11":"taxable","12":"shipping-taxable","13":"purchasable","14":"product-type-simple"},"_links":{"self":[{"href":"https:\/\/www.mysmartevents.fr\/index.php\/wp-json\/wp\/v2\/product\/26210","targetHints":{"allow":["GET"]}}],"collection":[{"href":"https:\/\/www.mysmartevents.fr\/index.php\/wp-json\/wp\/v2\/product"}],"about":[{"href":"https:\/\/www.mysmartevents.fr\/index.php\/wp-json\/wp\/v2\/types\/product"}],"wp:featuredmedia":[{"embeddable":true,"href":"https:\/\/www.mysmartevents.fr\/index.php\/wp-json\/wp\/v2\/media\/26211"}],"wp:attachment":[{"href":"https:\/\/www.mysmartevents.fr\/index.php\/wp-json\/wp\/v2\/media?parent=26210"}],"wp:term":[{"taxonomy":"product_cat","embeddable":true,"href":"https:\/\/www.mysmartevents.fr\/index.php\/wp-json\/wp\/v2\/product_cat?post=26210"},{"taxonomy":"product_tag","embeddable":true,"href":"https:\/\/www.mysmartevents.fr\/index.php\/wp-json\/wp\/v2\/product_tag?post=26210"}],"curies":[{"name":"wp","href":"https:\/\/api.w.org\/{rel}","templated":true}]}}