{"id":26212,"date":"2026-01-20T03:03:52","date_gmt":"2026-01-20T02:03:52","guid":{"rendered":"https:\/\/www.mysmartevents.fr\/?post_type=product&#038;p=26212"},"modified":"2026-01-20T03:19:50","modified_gmt":"2026-01-20T02:19:50","slug":"barbecue-kamado-sur-chariot","status":"publish","type":"product","link":"https:\/\/www.mysmartevents.fr\/index.php\/product\/barbecue-kamado-sur-chariot\/","title":{"rendered":"Barbecue Kamado sur chariot"},"content":{"rendered":"<p><b>Notre Barbecue Kamado professionnel va vous \u00e9blouir !<\/b><\/p>\n<div class=\"mb-0\">\n<div class=\"description woocommerce-product-details__short-description\">\n<p>Vous recherchez le compagnon id\u00e9al pour vos barbecues en plein air ?<br \/>\nD\u00e9couvrez notre barbecue Kamado, ce barbecue japonais en c\u00e9ramique haut de gamme sera parfait pour des grillades r\u00e9ussies en toutes occasions.<\/p>\n<p>\u00c9quip\u00e9 d&rsquo;une grille de cuisson en acier inoxydable, d&rsquo;un syst\u00e8me de cuisson flexible avec des grilles en forme de croissant et des d\u00e9flecteurs, d&rsquo;un tiroir \u00e0 cendres amovible et des \u00e9vents en fonte pour un contr\u00f4le pr\u00e9cis de la temp\u00e9rature. Il permet une grande vari\u00e9t\u00e9 de techniques de cuisson. La base en acier inoxydable avec une grande poign\u00e9e et une table lat\u00e9rale rabattable pour un plus grand confort d&rsquo;utilisation<\/p>\n<p>Dimensions : 140 x 91 x 127cm<\/p>\n<\/div>\n<\/div>\n<p><b>Tarifs &amp; conditions de location<\/b><\/p>\n<p>\u2022 <strong>100 <\/strong><b>\u20ac TTC \/ 24h<\/b><br \/>\n\u2022 Tarif d\u00e9gressif pour les longues dur\u00e9es (coefficient appliqu\u00e9 par jour suppl\u00e9mentaire).<br \/>\n\u2022 <b>Consommables non inclus<\/b><br \/>\n\u2022 <b>Nettoyage non inclus<\/b> \u2013 forfait disponible sur demande.<\/p>\n","protected":false},"excerpt":{"rendered":"<p>Notre Barbecue Kamado professionnel va vous \u00e9blouir ! Vous recherchez le compagnon id\u00e9al pour vos barbecues en plein air ? D\u00e9couvrez notre barbecue Kamado, ce barbecue japonais en c\u00e9ramique haut de gamme sera parfait pour des grillades r\u00e9ussies en toutes occasions. \u00c9quip\u00e9 d&rsquo;une grille de cuisson en acier inoxydable, d&rsquo;un syst\u00e8me de cuisson flexible avec [&hellip;]<\/p>\n","protected":false},"featured_media":26213,"template":"","meta":[],"product_cat":[131,136],"product_tag":[],"class_list":{"0":"post-26212","1":"product","2":"type-product","3":"status-publish","4":"has-post-thumbnail","6":"product_cat-food-gourmandises","7":"product_cat-barbecue-cuisson-exterieure","9":"first","10":"instock","11":"taxable","12":"shipping-taxable","13":"purchasable","14":"product-type-simple"},"_links":{"self":[{"href":"https:\/\/www.mysmartevents.fr\/index.php\/wp-json\/wp\/v2\/product\/26212","targetHints":{"allow":["GET"]}}],"collection":[{"href":"https:\/\/www.mysmartevents.fr\/index.php\/wp-json\/wp\/v2\/product"}],"about":[{"href":"https:\/\/www.mysmartevents.fr\/index.php\/wp-json\/wp\/v2\/types\/product"}],"wp:featuredmedia":[{"embeddable":true,"href":"https:\/\/www.mysmartevents.fr\/index.php\/wp-json\/wp\/v2\/media\/26213"}],"wp:attachment":[{"href":"https:\/\/www.mysmartevents.fr\/index.php\/wp-json\/wp\/v2\/media?parent=26212"}],"wp:term":[{"taxonomy":"product_cat","embeddable":true,"href":"https:\/\/www.mysmartevents.fr\/index.php\/wp-json\/wp\/v2\/product_cat?post=26212"},{"taxonomy":"product_tag","embeddable":true,"href":"https:\/\/www.mysmartevents.fr\/index.php\/wp-json\/wp\/v2\/product_tag?post=26212"}],"curies":[{"name":"wp","href":"https:\/\/api.w.org\/{rel}","templated":true}]}}