{"id":26217,"date":"2026-01-20T03:27:06","date_gmt":"2026-01-20T02:27:06","guid":{"rendered":"https:\/\/www.mysmartevents.fr\/?post_type=product&#038;p=26217"},"modified":"2026-02-18T11:27:14","modified_gmt":"2026-02-18T10:27:14","slug":"friteuse-double-2-x-13l-electrique","status":"publish","type":"product","link":"https:\/\/www.mysmartevents.fr\/index.php\/product\/friteuse-double-2-x-13l-electrique\/","title":{"rendered":"Friteuse double 2 x 13L electrique"},"content":{"rendered":"<p>Notre friteuse double \u00e9lectrique fonctionne \u00e0 220V et vous permet de pr\u00e9parer un grand volume de frites simultan\u00e9ment.<\/p>\n<p>Robinet inox \u00e0 levier<br \/>\nCuve emboutie et inclin\u00e9e pour une vidange totale<br \/>\nsans manipulation en toute s\u00e9curit\u00e9<br \/>\nCapacit\u00e9 : 2 x 13 litres<br \/>\nPuissance : 2 x 3000W &#8211; Mono<\/p>\n<p><b>Tarifs &amp; conditions de location<\/b><\/p>\n<p>\u2022 <strong>5<\/strong><b>0 \u20ac TTC \/ 24h<\/b><br \/>\n\u2022 Tarif d\u00e9gressif pour les longues dur\u00e9es (coefficient appliqu\u00e9 par jour suppl\u00e9mentaire).<br \/>\n\u2022 <b>Consommables non inclus<\/b><br \/>\n\u2022 <b>Nettoyage non inclus<\/b> \u2013 forfait disponible sur demande.<\/p>\n","protected":false},"excerpt":{"rendered":"<p>Notre friteuse double \u00e9lectrique fonctionne \u00e0 220V et vous permet de pr\u00e9parer un grand volume de frites simultan\u00e9ment. Robinet inox \u00e0 levier Cuve emboutie et inclin\u00e9e pour une vidange totale sans manipulation en toute s\u00e9curit\u00e9 Capacit\u00e9 : 2 x 13 litres Puissance : 2 x 3000W &#8211; Mono Tarifs &amp; conditions de location \u2022 50 [&hellip;]<\/p>\n","protected":false},"featured_media":26218,"template":"","meta":[],"product_cat":[131,135],"product_tag":[],"class_list":{"0":"post-26217","1":"product","2":"type-product","3":"status-publish","4":"has-post-thumbnail","6":"product_cat-food-gourmandises","7":"product_cat-cuisson-salee","9":"first","10":"instock","11":"taxable","12":"shipping-taxable","13":"purchasable","14":"product-type-simple"},"_links":{"self":[{"href":"https:\/\/www.mysmartevents.fr\/index.php\/wp-json\/wp\/v2\/product\/26217","targetHints":{"allow":["GET"]}}],"collection":[{"href":"https:\/\/www.mysmartevents.fr\/index.php\/wp-json\/wp\/v2\/product"}],"about":[{"href":"https:\/\/www.mysmartevents.fr\/index.php\/wp-json\/wp\/v2\/types\/product"}],"wp:featuredmedia":[{"embeddable":true,"href":"https:\/\/www.mysmartevents.fr\/index.php\/wp-json\/wp\/v2\/media\/26218"}],"wp:attachment":[{"href":"https:\/\/www.mysmartevents.fr\/index.php\/wp-json\/wp\/v2\/media?parent=26217"}],"wp:term":[{"taxonomy":"product_cat","embeddable":true,"href":"https:\/\/www.mysmartevents.fr\/index.php\/wp-json\/wp\/v2\/product_cat?post=26217"},{"taxonomy":"product_tag","embeddable":true,"href":"https:\/\/www.mysmartevents.fr\/index.php\/wp-json\/wp\/v2\/product_tag?post=26217"}],"curies":[{"name":"wp","href":"https:\/\/api.w.org\/{rel}","templated":true}]}}