{"id":26220,"date":"2026-01-20T03:35:45","date_gmt":"2026-01-20T02:35:45","guid":{"rendered":"https:\/\/www.mysmartevents.fr\/?post_type=product&#038;p=26220"},"modified":"2026-02-18T11:27:49","modified_gmt":"2026-02-18T10:27:49","slug":"friteuse-double-2-x-16l-gaz","status":"publish","type":"product","link":"https:\/\/www.mysmartevents.fr\/index.php\/product\/friteuse-double-2-x-16l-gaz\/","title":{"rendered":"Friteuse double 2 x 16L Gaz"},"content":{"rendered":"<p>Notre friteuse double \u00e0 gaz vous permet de pr\u00e9parer un grand volume de frites simultan\u00e9ment.<\/p>\n<p>Robinet inox \u00e0 levier<br \/>\nCuve emboutie et inclin\u00e9e pour une vidange totale<br \/>\nsans manipulation en toute s\u00e9curit\u00e9<br \/>\nCapacit\u00e9 : 2 x 16 litres<br \/>\nPuissance : 14Kw<\/p>\n<p><b>Tarifs &amp; conditions de location<\/b><\/p>\n<p>\u2022 <strong>120<\/strong><b>\u00a0\u20ac TTC \/ 24h<\/b><br \/>\n\u2022 Tarif d\u00e9gressif pour les longues dur\u00e9es (coefficient appliqu\u00e9 par jour suppl\u00e9mentaire).<br \/>\n\u2022 <b>Consommables non inclus<\/b><br \/>\n\u2022 <b>Nettoyage non inclus<\/b> \u2013 forfait disponible sur demande.<\/p>\n","protected":false},"excerpt":{"rendered":"<p>Notre friteuse double \u00e0 gaz vous permet de pr\u00e9parer un grand volume de frites simultan\u00e9ment. Robinet inox \u00e0 levier Cuve emboutie et inclin\u00e9e pour une vidange totale sans manipulation en toute s\u00e9curit\u00e9 Capacit\u00e9 : 2 x 16 litres Puissance : 14Kw Tarifs &amp; conditions de location \u2022 120\u00a0\u20ac TTC \/ 24h \u2022 Tarif d\u00e9gressif pour [&hellip;]<\/p>\n","protected":false},"featured_media":26221,"template":"","meta":[],"product_cat":[131,135],"product_tag":[],"class_list":{"0":"post-26220","1":"product","2":"type-product","3":"status-publish","4":"has-post-thumbnail","6":"product_cat-food-gourmandises","7":"product_cat-cuisson-salee","9":"first","10":"instock","11":"taxable","12":"shipping-taxable","13":"purchasable","14":"product-type-simple"},"_links":{"self":[{"href":"https:\/\/www.mysmartevents.fr\/index.php\/wp-json\/wp\/v2\/product\/26220","targetHints":{"allow":["GET"]}}],"collection":[{"href":"https:\/\/www.mysmartevents.fr\/index.php\/wp-json\/wp\/v2\/product"}],"about":[{"href":"https:\/\/www.mysmartevents.fr\/index.php\/wp-json\/wp\/v2\/types\/product"}],"wp:featuredmedia":[{"embeddable":true,"href":"https:\/\/www.mysmartevents.fr\/index.php\/wp-json\/wp\/v2\/media\/26221"}],"wp:attachment":[{"href":"https:\/\/www.mysmartevents.fr\/index.php\/wp-json\/wp\/v2\/media?parent=26220"}],"wp:term":[{"taxonomy":"product_cat","embeddable":true,"href":"https:\/\/www.mysmartevents.fr\/index.php\/wp-json\/wp\/v2\/product_cat?post=26220"},{"taxonomy":"product_tag","embeddable":true,"href":"https:\/\/www.mysmartevents.fr\/index.php\/wp-json\/wp\/v2\/product_tag?post=26220"}],"curies":[{"name":"wp","href":"https:\/\/api.w.org\/{rel}","templated":true}]}}