{"id":26222,"date":"2026-01-20T03:41:38","date_gmt":"2026-01-20T02:41:38","guid":{"rendered":"https:\/\/www.mysmartevents.fr\/?post_type=product&#038;p=26222"},"modified":"2026-01-20T03:51:16","modified_gmt":"2026-01-20T02:51:16","slug":"brasero-plancha","status":"publish","type":"product","link":"https:\/\/www.mysmartevents.fr\/index.php\/product\/brasero-plancha\/","title":{"rendered":"Brasero plancha"},"content":{"rendered":"<p>Nos brasero permettent d\u2019exp\u00e9rimenter et de varier des nouvelles techniques de cuisson pour une alimentation plus saine. En effet, ce mode de cuisson \u00e0 la plancha sans contact direct avec le feu \u00e9vite la fum\u00e9e ou la graisse br\u00fbl\u00e9e. De surcro\u00eet, le grand espace de cuisson permet de pr\u00e9parer des repas entiers pour 15 \u00e0 20 personnes en utilisant les diff\u00e9rents mode de cuissons simultan\u00e9ment.<\/p>\n<p>Par exemple, il est possible de cr\u00e9er diff\u00e9rentes zones de temp\u00e9rature entre l\u2019int\u00e9rieur et l\u2019ext\u00e9rieur de la plancha. Chacun peu \u00e9galement g\u00e9rer sois m\u00eame la cuisson de ses aliments tout en partageant un moment convivial autour du feu avec ses proches.<\/p>\n<p><b>Tarifs &amp; conditions de location<\/b><\/p>\n<p>\u2022 <strong>150<\/strong><b>\u00a0\u20ac TTC \/ 24h<\/b><br \/>\n\u2022 Tarif d\u00e9gressif pour les longues dur\u00e9es (coefficient appliqu\u00e9 par jour suppl\u00e9mentaire).<br \/>\n\u2022 <b>Consommables non inclus<\/b><br \/>\n\u2022 <b>Nettoyage non inclus<\/b> \u2013 forfait disponible sur demande.<\/p>\n","protected":false},"excerpt":{"rendered":"<p>Nos brasero permettent d\u2019exp\u00e9rimenter et de varier des nouvelles techniques de cuisson pour une alimentation plus saine. En effet, ce mode de cuisson \u00e0 la plancha sans contact direct avec le feu \u00e9vite la fum\u00e9e ou la graisse br\u00fbl\u00e9e. De surcro\u00eet, le grand espace de cuisson permet de pr\u00e9parer des repas entiers pour 15 \u00e0 [&hellip;]<\/p>\n","protected":false},"featured_media":26224,"template":"","meta":[],"product_cat":[131,136],"product_tag":[],"class_list":{"0":"post-26222","1":"product","2":"type-product","3":"status-publish","4":"has-post-thumbnail","6":"product_cat-food-gourmandises","7":"product_cat-barbecue-cuisson-exterieure","9":"first","10":"instock","11":"taxable","12":"shipping-taxable","13":"purchasable","14":"product-type-simple"},"_links":{"self":[{"href":"https:\/\/www.mysmartevents.fr\/index.php\/wp-json\/wp\/v2\/product\/26222","targetHints":{"allow":["GET"]}}],"collection":[{"href":"https:\/\/www.mysmartevents.fr\/index.php\/wp-json\/wp\/v2\/product"}],"about":[{"href":"https:\/\/www.mysmartevents.fr\/index.php\/wp-json\/wp\/v2\/types\/product"}],"wp:featuredmedia":[{"embeddable":true,"href":"https:\/\/www.mysmartevents.fr\/index.php\/wp-json\/wp\/v2\/media\/26224"}],"wp:attachment":[{"href":"https:\/\/www.mysmartevents.fr\/index.php\/wp-json\/wp\/v2\/media?parent=26222"}],"wp:term":[{"taxonomy":"product_cat","embeddable":true,"href":"https:\/\/www.mysmartevents.fr\/index.php\/wp-json\/wp\/v2\/product_cat?post=26222"},{"taxonomy":"product_tag","embeddable":true,"href":"https:\/\/www.mysmartevents.fr\/index.php\/wp-json\/wp\/v2\/product_tag?post=26222"}],"curies":[{"name":"wp","href":"https:\/\/api.w.org\/{rel}","templated":true}]}}