{"id":26232,"date":"2026-01-20T03:59:34","date_gmt":"2026-01-20T02:59:34","guid":{"rendered":"https:\/\/www.mysmartevents.fr\/?post_type=product&#038;p=26232"},"modified":"2026-01-20T04:01:14","modified_gmt":"2026-01-20T03:01:14","slug":"stand-granita-3-bacs","status":"publish","type":"product","link":"https:\/\/www.mysmartevents.fr\/index.php\/product\/stand-granita-3-bacs\/","title":{"rendered":"Stand Granita 3 bacs"},"content":{"rendered":"<h4><b>La boisson pr\u00e9f\u00e9r\u00e9 des enfants !<\/b><\/h4>\n<p>Offrez une pause fra\u00eecheur irr\u00e9sistible avec notre machine \u00e0 granita professionnelle.<\/p>\n<p>Id\u00e9ale pour les mariages, anniversaires, f\u00eates de village, kermesses ou \u00e9v\u00e9nements d\u2019entreprise, elle permet de r\u00e9aliser de d\u00e9licieuses boissons rafraichissante que les enfants adorent.<br \/>\nJusqu\u2019\u00e0 3 parfums disponibles, avec fonction de conservation au froid et d\u00e9bit rapide pour \u00e9viter l\u2019attente.<br \/>\nFacile \u00e0 utiliser, hygi\u00e9nique et au look attractif, elle attire tous les gourmands !<\/p>\n<p>Stand + Machine \u00e0 granita 3 bacs<\/p>\n<p><b>Tarifs &amp; conditions de location<\/b><\/p>\n<p>\u2022 <b>230 \u20ac TTC \/ 24h<\/b><br \/>\n\u2022 Tarif d\u00e9gressif pour les longues dur\u00e9es (coefficient appliqu\u00e9 par jour suppl\u00e9mentaire).<br \/>\n\u2022 <b>Consommables non inclus<\/b><br \/>\n\u2022 <b>Nettoyage non inclus<\/b> \u2013 forfait disponible sur demande.<\/p>\n","protected":false},"excerpt":{"rendered":"<p>La boisson pr\u00e9f\u00e9r\u00e9 des enfants ! Offrez une pause fra\u00eecheur irr\u00e9sistible avec notre machine \u00e0 granita professionnelle. Id\u00e9ale pour les mariages, anniversaires, f\u00eates de village, kermesses ou \u00e9v\u00e9nements d\u2019entreprise, elle permet de r\u00e9aliser de d\u00e9licieuses boissons rafraichissante que les enfants adorent. Jusqu\u2019\u00e0 3 parfums disponibles, avec fonction de conservation au froid et d\u00e9bit rapide pour [&hellip;]<\/p>\n","protected":false},"featured_media":26231,"template":"","meta":[],"product_cat":[131,133],"product_tag":[],"class_list":{"0":"post-26232","1":"product","2":"type-product","3":"status-publish","4":"has-post-thumbnail","6":"product_cat-food-gourmandises","7":"product_cat-glaces-boissons-fraiches","9":"first","10":"instock","11":"taxable","12":"shipping-taxable","13":"purchasable","14":"product-type-simple"},"_links":{"self":[{"href":"https:\/\/www.mysmartevents.fr\/index.php\/wp-json\/wp\/v2\/product\/26232","targetHints":{"allow":["GET"]}}],"collection":[{"href":"https:\/\/www.mysmartevents.fr\/index.php\/wp-json\/wp\/v2\/product"}],"about":[{"href":"https:\/\/www.mysmartevents.fr\/index.php\/wp-json\/wp\/v2\/types\/product"}],"wp:featuredmedia":[{"embeddable":true,"href":"https:\/\/www.mysmartevents.fr\/index.php\/wp-json\/wp\/v2\/media\/26231"}],"wp:attachment":[{"href":"https:\/\/www.mysmartevents.fr\/index.php\/wp-json\/wp\/v2\/media?parent=26232"}],"wp:term":[{"taxonomy":"product_cat","embeddable":true,"href":"https:\/\/www.mysmartevents.fr\/index.php\/wp-json\/wp\/v2\/product_cat?post=26232"},{"taxonomy":"product_tag","embeddable":true,"href":"https:\/\/www.mysmartevents.fr\/index.php\/wp-json\/wp\/v2\/product_tag?post=26232"}],"curies":[{"name":"wp","href":"https:\/\/api.w.org\/{rel}","templated":true}]}}