{"id":26233,"date":"2026-01-20T04:03:17","date_gmt":"2026-01-20T03:03:17","guid":{"rendered":"https:\/\/www.mysmartevents.fr\/?post_type=product&#038;p=26233"},"modified":"2026-01-20T04:08:39","modified_gmt":"2026-01-20T03:08:39","slug":"stand-tir-a-la-carabine","status":"publish","type":"product","link":"https:\/\/www.mysmartevents.fr\/index.php\/product\/stand-tir-a-la-carabine\/","title":{"rendered":"Stand tir a la carabine"},"content":{"rendered":"<p><b>Le grand classique des f\u00eates foraines !<\/b><\/p>\n<p>Retrouvez ce fameux jeu forain de tir \u00e0 la carabine chez vous gr\u00e2ce \u00e0 ce stand. Facile \u00e0 installer, s\u00e9curis\u00e9 et adapt\u00e9 \u00e0 tous les \u00e2ges, il garantit des \u00e9clats de rire de petits comme des grands.\u00a0 \u00a0 \u00a0 \u00a0 \u00a0 \u00a0 \u00a0 \u00a0 \u00a0 \u00a0 \u00a0 \u00a0 \u00a0 \u00a0 \u00a0 \u00a0 \u00a0 Livr\u00e9 avec 2 carabines \u00e0 plomb, vous devrez viser et abattre les ballons qui volent. Sans danger gr\u00e2ce \u00e0 une importante surface de protection (2m40 x 2m de hauteur), ce jeu de tir \u00e0 la carabine est fourni avec la table de support et sa d\u00e9coration<\/p>\n<p>Parfait pour kermesses, f\u00eates d\u2019\u00e9cole, d\u2019entreprise, march\u00e9s de No\u00ebl ou journ\u00e9es portes ouvertes.<\/p>\n<p><b>Tarifs &amp; conditions de location<\/b><\/p>\n<p>\u2022 <strong>280<\/strong><b>\u00a0\u20ac TTC \/ 24h<\/b><br \/>\n\u2022 Tarif d\u00e9gressif pour les longues dur\u00e9es (coefficient appliqu\u00e9 par jour suppl\u00e9mentaire).<br \/>\n\u2022 <b>Consommables non inclus<\/b> possibilit\u00e9 de commander les petits cadeaux\u2026<br \/>\n\u2022 <b>Nettoyage non inclus<\/b> \u2013 forfait disponible sur demande. Remplissage \u00e0 la charge du client et vidage \u00e9galement.<\/p>\n","protected":false},"excerpt":{"rendered":"<p>Le grand classique des f\u00eates foraines ! Retrouvez ce fameux jeu forain de tir \u00e0 la carabine chez vous gr\u00e2ce \u00e0 ce stand. Facile \u00e0 installer, s\u00e9curis\u00e9 et adapt\u00e9 \u00e0 tous les \u00e2ges, il garantit des \u00e9clats de rire de petits comme des grands.\u00a0 \u00a0 \u00a0 \u00a0 \u00a0 \u00a0 \u00a0 \u00a0 \u00a0 \u00a0 \u00a0 \u00a0 [&hellip;]<\/p>\n","protected":false},"featured_media":26234,"template":"","meta":[],"product_cat":[128,129],"product_tag":[],"class_list":{"0":"post-26233","1":"product","2":"type-product","3":"status-publish","4":"has-post-thumbnail","6":"product_cat-jeux-animations","7":"product_cat-jeux","9":"first","10":"instock","11":"sale","12":"taxable","13":"shipping-taxable","14":"purchasable","15":"product-type-simple"},"_links":{"self":[{"href":"https:\/\/www.mysmartevents.fr\/index.php\/wp-json\/wp\/v2\/product\/26233","targetHints":{"allow":["GET"]}}],"collection":[{"href":"https:\/\/www.mysmartevents.fr\/index.php\/wp-json\/wp\/v2\/product"}],"about":[{"href":"https:\/\/www.mysmartevents.fr\/index.php\/wp-json\/wp\/v2\/types\/product"}],"wp:featuredmedia":[{"embeddable":true,"href":"https:\/\/www.mysmartevents.fr\/index.php\/wp-json\/wp\/v2\/media\/26234"}],"wp:attachment":[{"href":"https:\/\/www.mysmartevents.fr\/index.php\/wp-json\/wp\/v2\/media?parent=26233"}],"wp:term":[{"taxonomy":"product_cat","embeddable":true,"href":"https:\/\/www.mysmartevents.fr\/index.php\/wp-json\/wp\/v2\/product_cat?post=26233"},{"taxonomy":"product_tag","embeddable":true,"href":"https:\/\/www.mysmartevents.fr\/index.php\/wp-json\/wp\/v2\/product_tag?post=26233"}],"curies":[{"name":"wp","href":"https:\/\/api.w.org\/{rel}","templated":true}]}}