{"id":26244,"date":"2026-02-11T14:29:57","date_gmt":"2026-02-11T13:29:57","guid":{"rendered":"https:\/\/www.mysmartevents.fr\/?post_type=product&#038;p=26244"},"modified":"2026-02-11T14:54:08","modified_gmt":"2026-02-11T13:54:08","slug":"rodeo-taureau-mecanique","status":"publish","type":"product","link":"https:\/\/www.mysmartevents.fr\/index.php\/product\/rodeo-taureau-mecanique\/","title":{"rendered":"Rodeo taureau m\u00e9canique"},"content":{"rendered":"<p><strong>LE COWBOY C&rsquo;EST TOI !!!<\/strong><\/p>\n<p>Anim\u00e9 vos \u00e9v\u00e9nement avec ce rod\u00e9o m\u00e9canique en th\u00e8me Western! Qui sera le plus courageux \u00e0 monter sur ce taureau un peu capricieux ? \u00a0C&rsquo;est tout un art, car ce taureau vous fera danser dans tous les sens! Maintenez vous bien \u00e0 la corde, serrez les jambes&#8230; et restez le plus longtemps possible sur le taureau qui se d\u00e9chaine pour vous expulser de son dos.<\/p>\n<p>Le gonflable est livr\u00e9 avec une soufflerie, une station de commande et un animateur. On a pens\u00e9 \u00e0 tout. Le tout complet pour une belle exp\u00e9rience !<\/p>\n<p><strong>Animateur obligatoire : 30\u20ac\/heure<\/strong><\/p>\n<p><strong>Dimensions : L 5 x P 5 x H 2,5m. \u00a0 \u00a0 \u00a0 \u00a0 \u00a0 \u00a0 \u00a0 \u00a0 \u00a0 \u00a0 \u00a0 \u00a0 \u00a0 \u00a0 \u00a0 \u00a0 \u00a0 \u00a0 \u00a0 \u00a0 \u00a0 \u00a0 \u00a0 \u00a0 \u00a0 \u00a0 \u00a0 \u00a0 \u00a0 \u00a0 \u00a0 \u00a0 \u00a0 \u00a0 \u00a0 \u00a0 \u00a0 \u00a0 \u00a0 \u00a0 \u00a0 \u00a0 \u00a0 \u00a0 \u00a0 \u00a0 \u00a0 \u00a0 \u00a0 \u00a0 \u00a0 \u00a0 \u00a0 \u00a0 \u00a0 \u00a0Convient pour 1 enfants max. \u00a0 \u00a0 \u00a0 \u00a0 \u00a0 \u00a0 \u00a0 \u00a0 \u00a0 \u00a0 \u00a0 \u00a0 \u00a0 \u00a0 \u00a0 \u00a0 \u00a0 \u00a0 \u00a0 \u00a0 \u00a0 \u00a0 \u00a0 \u00a0 \u00a0 \u00a0 \u00a0 \u00a0 \u00a0 \u00a0 \u00a0 \u00a0 \u00a0 \u00a0 \u00a0 \u00a0 \u00a0 \u00a0 \u00a0 \u00a0 \u00a0 \u00a0 \u00a0 \u00a0 \u00a0 \u00a0 \u00a0 \u00a0 \u00a0 \u00a0 \u00a0 \u00a0 \u00a0 \u00a0 \u00a0 \u00a0 \u00a0 Age : \u00e0 partir de 10 ans et 1m50. \u00a0 \u00a0 \u00a0 \u00a0 \u00a0 \u00a0 \u00a0 \u00a0 \u00a0 \u00a0 \u00a0 \u00a0 \u00a0 \u00a0 \u00a0 \u00a0 \u00a0 \u00a0 \u00a0 \u00a0 \u00a0 \u00a0 \u00a0 \u00a0 \u00a0 \u00a0 \u00a0 \u00a0 \u00a0 \u00a0 \u00a0 \u00a0 \u00a0 \u00a0 \u00a0 \u00a0 \u00a0 \u00a0 \u00a0 \u00a0 \u00a0 \u00a0 \u00a0 \u00a0 \u00a0 \u00a0 \u00a0 \u00a0 \u00a0 \u00a0 \u00a0 \u00a0 \u00a0 \u00a0 \u00a0 \u00a0 \u00a0 \u00a0 \u00a0 \u00a0 \u00a0 \u00a0<\/strong><\/p>\n<p><b>Tarifs &amp; conditions de location<\/b><\/p>\n<p>\u2022 <b>\u00a0580\u20ac TTC \/ 24h<\/b><br \/>\n\u2022 Tarif d\u00e9gressif pour les longues dur\u00e9es (coefficient appliqu\u00e9 par jour suppl\u00e9mentaire).<br \/>\n\u2022 <b>Pause et d\u00e9pose inclues. Livraison en compl\u00e9ment. OBLIGATOIRE.<\/b><\/p>\n","protected":false},"excerpt":{"rendered":"<p>LE COWBOY C&rsquo;EST TOI !!! Anim\u00e9 vos \u00e9v\u00e9nement avec ce rod\u00e9o m\u00e9canique en th\u00e8me Western! Qui sera le plus courageux \u00e0 monter sur ce taureau un peu capricieux ? \u00a0C&rsquo;est tout un art, car ce taureau vous fera danser dans tous les sens! Maintenez vous bien \u00e0 la corde, serrez les jambes&#8230; et restez le [&hellip;]<\/p>\n","protected":false},"featured_media":26245,"template":"","meta":[],"product_cat":[128,141],"product_tag":[],"class_list":{"0":"post-26244","1":"product","2":"type-product","3":"status-publish","4":"has-post-thumbnail","6":"product_cat-jeux-animations","7":"product_cat-structure-et-chateau-gonflable","9":"first","10":"instock","11":"taxable","12":"shipping-taxable","13":"purchasable","14":"product-type-simple"},"_links":{"self":[{"href":"https:\/\/www.mysmartevents.fr\/index.php\/wp-json\/wp\/v2\/product\/26244","targetHints":{"allow":["GET"]}}],"collection":[{"href":"https:\/\/www.mysmartevents.fr\/index.php\/wp-json\/wp\/v2\/product"}],"about":[{"href":"https:\/\/www.mysmartevents.fr\/index.php\/wp-json\/wp\/v2\/types\/product"}],"wp:featuredmedia":[{"embeddable":true,"href":"https:\/\/www.mysmartevents.fr\/index.php\/wp-json\/wp\/v2\/media\/26245"}],"wp:attachment":[{"href":"https:\/\/www.mysmartevents.fr\/index.php\/wp-json\/wp\/v2\/media?parent=26244"}],"wp:term":[{"taxonomy":"product_cat","embeddable":true,"href":"https:\/\/www.mysmartevents.fr\/index.php\/wp-json\/wp\/v2\/product_cat?post=26244"},{"taxonomy":"product_tag","embeddable":true,"href":"https:\/\/www.mysmartevents.fr\/index.php\/wp-json\/wp\/v2\/product_tag?post=26244"}],"curies":[{"name":"wp","href":"https:\/\/api.w.org\/{rel}","templated":true}]}}