{"id":26248,"date":"2026-02-13T17:04:38","date_gmt":"2026-02-13T16:04:38","guid":{"rendered":"https:\/\/www.mysmartevents.fr\/?post_type=product&#038;p=26248"},"modified":"2026-02-13T17:16:49","modified_gmt":"2026-02-13T16:16:49","slug":"jeu-de-sumo","status":"publish","type":"product","link":"https:\/\/www.mysmartevents.fr\/index.php\/product\/jeu-de-sumo\/","title":{"rendered":"Jeu de sumo"},"content":{"rendered":"<p><b>Le jeu de Sumo pour des combat\u00a0hilarant\u00a0!<\/b><\/p>\n<p>Retrouvez ce fameux jeu\u00a0inspir\u00e9 du sport de combat le plus d\u00e9lirant que vous pouvez proposer \u00e0 vos clients. Il est tr\u00e8s amusant de voir deux adultes qui tentent de se rencontrer l&rsquo;un \u00e0 l&rsquo;autre en grand costumes de sumos. Ces belles combinaisons sumos\u00a0plaira \u00e0 coup s\u00fbr ! De plus, la mati\u00e8re utilis\u00e9e pour ces tenues est ind\u00e9chirable, imperm\u00e9able et remplie de mousse (pas de souffleur n\u00e9cessaire). Vous pourrez donc vous acharner autant que vous le voudrez sur votre adversaire, vous ne le blesserez pas et vous n\u2019endommagerez pas sa tenue. Sortez votre adversaire de la piste ou mettez-le \u00e0 terre et remportez la partie!<\/p>\n<p>Parfait pour kermesses, f\u00eates d\u2019\u00e9cole, d\u2019entreprise, de villes ou journ\u00e9es portes ouvertes.<\/p>\n<p>La location comprend 2 costumes adulte, 2 casques et tapis de chute<\/p>\n<p><b>Tarifs &amp; conditions de location<\/b><\/p>\n<p>\u2022 <strong>230<\/strong><b>\u00a0\u20ac TTC \/ 24h<\/b><br \/>\n\u2022 Tarif d\u00e9gressif pour les longues dur\u00e9es (coefficient appliqu\u00e9 par jour suppl\u00e9mentaire).<br \/>\n\u2022 <b>Nettoyage non inclus<\/b> \u2013 forfait disponible sur demande. Remplissage \u00e0 la charge du client et vidage \u00e9galement.<\/p>\n","protected":false},"excerpt":{"rendered":"<p>Le jeu de Sumo pour des combat\u00a0hilarant\u00a0! Retrouvez ce fameux jeu\u00a0inspir\u00e9 du sport de combat le plus d\u00e9lirant que vous pouvez proposer \u00e0 vos clients. Il est tr\u00e8s amusant de voir deux adultes qui tentent de se rencontrer l&rsquo;un \u00e0 l&rsquo;autre en grand costumes de sumos. Ces belles combinaisons sumos\u00a0plaira \u00e0 coup s\u00fbr ! De [&hellip;]<\/p>\n","protected":false},"featured_media":26250,"template":"","meta":[],"product_cat":[128,129],"product_tag":[],"class_list":{"0":"post-26248","1":"product","2":"type-product","3":"status-publish","4":"has-post-thumbnail","6":"product_cat-jeux-animations","7":"product_cat-jeux","9":"first","10":"instock","11":"taxable","12":"shipping-taxable","13":"purchasable","14":"product-type-simple"},"_links":{"self":[{"href":"https:\/\/www.mysmartevents.fr\/index.php\/wp-json\/wp\/v2\/product\/26248","targetHints":{"allow":["GET"]}}],"collection":[{"href":"https:\/\/www.mysmartevents.fr\/index.php\/wp-json\/wp\/v2\/product"}],"about":[{"href":"https:\/\/www.mysmartevents.fr\/index.php\/wp-json\/wp\/v2\/types\/product"}],"wp:featuredmedia":[{"embeddable":true,"href":"https:\/\/www.mysmartevents.fr\/index.php\/wp-json\/wp\/v2\/media\/26250"}],"wp:attachment":[{"href":"https:\/\/www.mysmartevents.fr\/index.php\/wp-json\/wp\/v2\/media?parent=26248"}],"wp:term":[{"taxonomy":"product_cat","embeddable":true,"href":"https:\/\/www.mysmartevents.fr\/index.php\/wp-json\/wp\/v2\/product_cat?post=26248"},{"taxonomy":"product_tag","embeddable":true,"href":"https:\/\/www.mysmartevents.fr\/index.php\/wp-json\/wp\/v2\/product_tag?post=26248"}],"curies":[{"name":"wp","href":"https:\/\/api.w.org\/{rel}","templated":true}]}}