{"id":26265,"date":"2026-02-18T11:38:23","date_gmt":"2026-02-18T10:38:23","guid":{"rendered":"https:\/\/www.mysmartevents.fr\/?post_type=product&#038;p=26265"},"modified":"2026-02-18T11:38:51","modified_gmt":"2026-02-18T10:38:51","slug":"plancha-double-electrique","status":"publish","type":"product","link":"https:\/\/www.mysmartevents.fr\/index.php\/product\/plancha-double-electrique\/","title":{"rendered":"Plancha double electrique"},"content":{"rendered":"<p><strong>Nos planchas deviendront indispensable pour vos soir\u00e9e estivale.<\/strong><\/p>\n<p>Notre plancha est polyvalente et peut \u00eatre utilis\u00e9e pour une vari\u00e9t\u00e9 de plats et de recettes. Que vous cuisiniez des steaks juteux, des l\u00e9gumes grill\u00e9s, des crevettes saut\u00e9es ou des cr\u00eapes sucr\u00e9es, notre plancha vous offre une grande flexibilit\u00e9 pour satisfaire tous les palais et toutes les pr\u00e9f\u00e9rences culinaires.<\/p>\n<p>Dimensions : 75 x 44cm<\/p>\n<p><b>Tarifs &amp; conditions de location<\/b><\/p>\n<p>\u2022 <b>70 \u20ac TTC \/ 24h<\/b><br \/>\n\u2022 Tarif d\u00e9gressif pour les longues dur\u00e9es (coefficient appliqu\u00e9 par jour suppl\u00e9mentaire).<br \/>\n\u2022 <b>Consommables non inclus<\/b><br \/>\n\u2022 <b>Nettoyage non inclus<\/b> \u2013 forfait disponible sur demande.<\/p>\n","protected":false},"excerpt":{"rendered":"<p>Nos planchas deviendront indispensable pour vos soir\u00e9e estivale. Notre plancha est polyvalente et peut \u00eatre utilis\u00e9e pour une vari\u00e9t\u00e9 de plats et de recettes. Que vous cuisiniez des steaks juteux, des l\u00e9gumes grill\u00e9s, des crevettes saut\u00e9es ou des cr\u00eapes sucr\u00e9es, notre plancha vous offre une grande flexibilit\u00e9 pour satisfaire tous les palais et toutes les [&hellip;]<\/p>\n","protected":false},"featured_media":26205,"template":"","meta":[],"product_cat":[131,135],"product_tag":[],"class_list":{"0":"post-26265","1":"product","2":"type-product","3":"status-publish","4":"has-post-thumbnail","6":"product_cat-food-gourmandises","7":"product_cat-cuisson-salee","9":"first","10":"instock","11":"taxable","12":"shipping-taxable","13":"purchasable","14":"product-type-simple"},"_links":{"self":[{"href":"https:\/\/www.mysmartevents.fr\/index.php\/wp-json\/wp\/v2\/product\/26265","targetHints":{"allow":["GET"]}}],"collection":[{"href":"https:\/\/www.mysmartevents.fr\/index.php\/wp-json\/wp\/v2\/product"}],"about":[{"href":"https:\/\/www.mysmartevents.fr\/index.php\/wp-json\/wp\/v2\/types\/product"}],"wp:featuredmedia":[{"embeddable":true,"href":"https:\/\/www.mysmartevents.fr\/index.php\/wp-json\/wp\/v2\/media\/26205"}],"wp:attachment":[{"href":"https:\/\/www.mysmartevents.fr\/index.php\/wp-json\/wp\/v2\/media?parent=26265"}],"wp:term":[{"taxonomy":"product_cat","embeddable":true,"href":"https:\/\/www.mysmartevents.fr\/index.php\/wp-json\/wp\/v2\/product_cat?post=26265"},{"taxonomy":"product_tag","embeddable":true,"href":"https:\/\/www.mysmartevents.fr\/index.php\/wp-json\/wp\/v2\/product_tag?post=26265"}],"curies":[{"name":"wp","href":"https:\/\/api.w.org\/{rel}","templated":true}]}}