{"id":26274,"date":"2026-03-11T14:03:38","date_gmt":"2026-03-11T13:03:38","guid":{"rendered":"https:\/\/www.mysmartevents.fr\/?post_type=product&#038;p=26274"},"modified":"2026-03-11T14:57:34","modified_gmt":"2026-03-11T13:57:34","slug":"borne-darcade-enfants","status":"publish","type":"product","link":"https:\/\/www.mysmartevents.fr\/index.php\/product\/borne-darcade-enfants\/","title":{"rendered":"Borne d&rsquo;arcade enfants"},"content":{"rendered":"<p><strong>D\u00e9couvrez nos Borne\u00a0d\u2019arcade enfant avec versions volant, joystick ou pistolet. \u00c9cran couleur, LED attractives et r\u00e9glages simples pour des parties courtes et fun.<\/strong><\/p>\n<p>Nos bornes propose une exp\u00e9rience d\u2019arcade simple et immersive pour les enfants. Selon la configuration choisie, la borne se joue au volant, au joystick ou au pistolet. Chaque version offre un gameplay adapt\u00e9 : conduite fluide au volant, pr\u00e9cision au joystick, action et vis\u00e9e rapide au pistolet.<\/p>\n<p><b>Tarifs &amp; conditions de location<\/b><\/p>\n<p>\u2022 <b>300\u20ac TTC \/ 24h\u00a0<\/b><br \/>\n\u2022 Tarif d\u00e9gressif pour les longues dur\u00e9es (coefficient appliqu\u00e9 par jour suppl\u00e9mentaire).<br \/>\n\u2022 <b>Nettoyage non inclus<\/b> \u2013 forfait disponible sur demande. Remplissage \u00e0 la charge du client et vidage \u00e9galement.<\/p>\n","protected":false},"excerpt":{"rendered":"<p>D\u00e9couvrez nos Borne\u00a0d\u2019arcade enfant avec versions volant, joystick ou pistolet. \u00c9cran couleur, LED attractives et r\u00e9glages simples pour des parties courtes et fun. Nos bornes propose une exp\u00e9rience d\u2019arcade simple et immersive pour les enfants. Selon la configuration choisie, la borne se joue au volant, au joystick ou au pistolet. Chaque version offre un gameplay [&hellip;]<\/p>\n","protected":false},"featured_media":26279,"template":"","meta":[],"product_cat":[128,129],"product_tag":[],"class_list":{"0":"post-26274","1":"product","2":"type-product","3":"status-publish","4":"has-post-thumbnail","6":"product_cat-jeux-animations","7":"product_cat-jeux","9":"first","10":"instock","11":"taxable","12":"shipping-taxable","13":"purchasable","14":"product-type-simple"},"_links":{"self":[{"href":"https:\/\/www.mysmartevents.fr\/index.php\/wp-json\/wp\/v2\/product\/26274","targetHints":{"allow":["GET"]}}],"collection":[{"href":"https:\/\/www.mysmartevents.fr\/index.php\/wp-json\/wp\/v2\/product"}],"about":[{"href":"https:\/\/www.mysmartevents.fr\/index.php\/wp-json\/wp\/v2\/types\/product"}],"wp:featuredmedia":[{"embeddable":true,"href":"https:\/\/www.mysmartevents.fr\/index.php\/wp-json\/wp\/v2\/media\/26279"}],"wp:attachment":[{"href":"https:\/\/www.mysmartevents.fr\/index.php\/wp-json\/wp\/v2\/media?parent=26274"}],"wp:term":[{"taxonomy":"product_cat","embeddable":true,"href":"https:\/\/www.mysmartevents.fr\/index.php\/wp-json\/wp\/v2\/product_cat?post=26274"},{"taxonomy":"product_tag","embeddable":true,"href":"https:\/\/www.mysmartevents.fr\/index.php\/wp-json\/wp\/v2\/product_tag?post=26274"}],"curies":[{"name":"wp","href":"https:\/\/api.w.org\/{rel}","templated":true}]}}